{"id":2253,"date":"2022-05-05T13:04:32","date_gmt":"2022-05-05T11:04:32","guid":{"rendered":"https:\/\/campusauga.uvigo.es\/investigacion\/grupos-de-investigacion\/"},"modified":"2026-01-30T10:08:52","modified_gmt":"2026-01-30T09:08:52","slug":"grupos-de-investigacion","status":"publish","type":"page","link":"https:\/\/campusauga.uvigo.es\/en\/investigacion\/grupos-de-investigacion\/","title":{"rendered":"Research groups"},"content":{"rendered":"\n<div class=\"wp-block-columns is-layout-flex wp-container-core-columns-is-layout-9d6595d7 wp-block-columns-is-layout-flex\">\n<div class=\"wp-block-column is-layout-flow wp-block-column-is-layout-flow\" style=\"flex-basis:50%\">\n<p>The groups are the basic unit of the specialized scientific activity of Campus Auga. Of our 19 research groups, 10 of them are competitive reference groups. They all develop their work in the different specialization lines or in the support areas.<\/p>\n\n\n\n<p>Below we present the list of the groups ordered by the lines of specialization:<\/p>\n<\/div>\n\n\n\n<div class=\"wp-block-column is-layout-flow wp-block-column-is-layout-flow\" style=\"flex-basis:50%\">\n<figure class=\"wp-block-image size-full\"><img loading=\"lazy\" decoding=\"async\" width=\"776\" height=\"418\" src=\"\/wp-content\/uploads\/2022\/06\/PersoarecollendoAugaNunRio-1.jpg\" alt=\"\" class=\"wp-image-795\" srcset=\"https:\/\/campusauga.uvigo.es\/wp-content\/uploads\/2022\/06\/PersoarecollendoAugaNunRio-1.jpg 776w, https:\/\/campusauga.uvigo.es\/wp-content\/uploads\/2022\/06\/PersoarecollendoAugaNunRio-1-300x162.jpg 300w, https:\/\/campusauga.uvigo.es\/wp-content\/uploads\/2022\/06\/PersoarecollendoAugaNunRio-1-768x414.jpg 768w\" sizes=\"auto, (max-width: 776px) 100vw, 776px\" \/><\/figure>\n<\/div>\n<\/div>\n\n\n\n<div style=\"height:20px\" aria-hidden=\"true\" class=\"wp-block-spacer\"><\/div>\n\n\n<hr class=\"ub_divider\" id=\"ub_divider_afa4dda6-dde0-4a31-bbce-6690cf4ec1c1\"><\/hr>\n\n\n<div class=\"wp-block-columns is-layout-flex wp-container-core-columns-is-layout-9d6595d7 wp-block-columns-is-layout-flex\">\n<div class=\"wp-block-column is-layout-flow wp-block-column-is-layout-flow\" style=\"flex-basis:16%\">\n<figure class=\"wp-block-image size-full is-resized\"><img loading=\"lazy\" decoding=\"async\" width=\"600\" height=\"600\" src=\"\/wp-content\/uploads\/2022\/05\/LinhaAlimentacion.jpg\" alt=\"\" class=\"wp-image-571\" style=\"width:150px;height:150px\" srcset=\"https:\/\/campusauga.uvigo.es\/wp-content\/uploads\/2022\/05\/LinhaAlimentacion.jpg 600w, https:\/\/campusauga.uvigo.es\/wp-content\/uploads\/2022\/05\/LinhaAlimentacion-300x300.jpg 300w, https:\/\/campusauga.uvigo.es\/wp-content\/uploads\/2022\/05\/LinhaAlimentacion-150x150.jpg 150w, https:\/\/campusauga.uvigo.es\/wp-content\/uploads\/2022\/05\/LinhaAlimentacion-400x400.jpg 400w\" sizes=\"auto, (max-width: 600px) 100vw, 600px\" \/><\/figure>\n<\/div>\n\n\n\n<div class=\"wp-block-column is-layout-flow wp-block-column-is-layout-flow\" style=\"flex-basis:42%\">\n<h2 class=\"wp-block-heading\">Functional Food<\/h2>\n\n\n\n<ul class=\"wp-block-list is-style-list-peak\">\n<li><a href=\"https:\/\/portalcientifico.uvigo.gal\/grupos\/198929\/detalle\">Tecnolox\u00eda Enzim\u00e1tica e Bioestructuras<\/a><\/li>\n\n\n\n<li><a href=\"https:\/\/portalcientifico.uvigo.gal\/grupos\/17783\/detalle\">Investigaci\u00f3ns Agrarias e Alimentarias<\/a><\/li>\n\n\n\n<li><a href=\"https:\/\/portalcientifico.uvigo.gal\/grupos\/17709\/detalle\">Enxe\u00f1ar\u00eda Qu\u00edmica 4<\/a><\/li>\n\n\n\n<li><a href=\"https:\/\/portalcientifico.uvigo.gal\/grupos\/17824\/detalle\">BiotecnIA_Biotecnolox\u00eda Industrial e Enxe\u00f1er\u00eda Ambiental<\/a><\/li>\n<\/ul>\n<\/div>\n\n\n\n<div class=\"wp-block-column is-layout-flow wp-block-column-is-layout-flow\" style=\"flex-basis:42%\">\n<div style=\"height:60px\" aria-hidden=\"true\" class=\"wp-block-spacer\"><\/div>\n\n\n\n<ul class=\"wp-block-list is-style-list-peak\">\n<li><a href=\"https:\/\/portalcientifico.uvigo.gal\/grupos\/17830\/detalle\">Food and Health Omics<\/a><\/li>\n\n\n\n<li><a href=\"https:\/\/portalcientifico.uvigo.gal\/grupos\/17675\/detalle\">Biomasa e desenvolvemento sostible<\/a><\/li>\n\n\n\n<li><a href=\"https:\/\/portalcientifico.uvigo.gal\/grupos\/195229\/detalle\">Nutrition and Food Group<\/a><\/li>\n<\/ul>\n<\/div>\n<\/div>\n\n\n\n<div style=\"height:30px\" aria-hidden=\"true\" class=\"wp-block-spacer\"><\/div>\n\n\n<hr class=\"ub_divider\" id=\"ub_divider_a477a2e4-849f-4628-8a61-1b6be0c0feee\"><\/hr>\n\n\n<div class=\"wp-block-columns is-layout-flex wp-container-core-columns-is-layout-9d6595d7 wp-block-columns-is-layout-flex\">\n<div class=\"wp-block-column is-layout-flow wp-block-column-is-layout-flow\" style=\"flex-basis:16%\">\n<figure class=\"wp-block-image size-full is-resized\"><img loading=\"lazy\" decoding=\"async\" width=\"600\" height=\"600\" src=\"\/wp-content\/uploads\/2022\/06\/MedioAmbiente-LinhasCampusAuga.jpg\" alt=\"\" class=\"wp-image-761\" style=\"width:150px;height:150px\" srcset=\"https:\/\/campusauga.uvigo.es\/wp-content\/uploads\/2022\/06\/MedioAmbiente-LinhasCampusAuga.jpg 600w, https:\/\/campusauga.uvigo.es\/wp-content\/uploads\/2022\/06\/MedioAmbiente-LinhasCampusAuga-300x300.jpg 300w, https:\/\/campusauga.uvigo.es\/wp-content\/uploads\/2022\/06\/MedioAmbiente-LinhasCampusAuga-150x150.jpg 150w, https:\/\/campusauga.uvigo.es\/wp-content\/uploads\/2022\/06\/MedioAmbiente-LinhasCampusAuga-400x400.jpg 400w\" sizes=\"auto, (max-width: 600px) 100vw, 600px\" \/><\/figure>\n<\/div>\n\n\n\n<div class=\"wp-block-column is-layout-flow wp-block-column-is-layout-flow\" style=\"flex-basis:42%\">\n<h2 class=\"wp-block-heading\">Agriculture and Environment<\/h2>\n\n\n\n<ul class=\"wp-block-list is-style-list-peak\">\n<li><a href=\"https:\/\/portalcientifico.uvigo.gal\/grupos\/17755\/detalle\">Environmental Physics Laboratory. EPHYSLAB<\/a><\/li>\n\n\n\n<li><a href=\"https:\/\/portalcientifico.uvigo.gal\/grupos\/17672\/detalle\">Planta, Solo e Aproveitamento de subprodutos<\/a><\/li>\n\n\n\n<li><a href=\"https:\/\/aerolab5.wixsite.com\/aerolab\">Aerospac<\/a><a href=\"https:\/\/portalcientifico.uvigo.gal\/grupos\/44812\/detalle\">e &amp; Transportation Systems Laboratory<\/a><\/li>\n\n\n\n<li><a href=\"https:\/\/portalcientifico.uvigo.gal\/grupos\/62510\/detalle\">Biorrefiner\u00eda e Valorizaci\u00f3n da Biomasa<\/a><\/li>\n<\/ul>\n<\/div>\n\n\n\n<div class=\"wp-block-column is-layout-flow wp-block-column-is-layout-flow\" style=\"flex-basis:42%\">\n<div style=\"height:60px\" aria-hidden=\"true\" class=\"wp-block-spacer\"><\/div>\n\n\n\n<ul class=\"wp-block-list is-style-list-peak\">\n<li><a href=\"https:\/\/portalcientifico.uvigo.gal\/grupos\/17779\/detalle\">Agrobiolox\u00eda Ambiental: Calidade, Solos e Plantas<\/a><\/li>\n\n\n\n<li><a href=\"https:\/\/bidi.uvigo.es\/gl\/grupo\/biotecnoloxia-e-calidade-en-industrias-agroalimentarias-e-medio-ambiente\/\">B<\/a><a href=\"https:\/\/portalcientifico.uvigo.gal\/grupos\/17812\/detalle\">iotecnolox\u00eda e Calidade en Industrias Agroalimentarias e Medioambiente<\/a><\/li>\n\n\n\n<li><a href=\"https:\/\/portalcientifico.uvigo.gal\/grupos\/62508\/detalle\">Grupo de Investigaci\u00f3n en Sistemas Agroambientais<\/a><\/li>\n<\/ul>\n<\/div>\n<\/div>\n\n\n\n<div style=\"height:30px\" aria-hidden=\"true\" class=\"wp-block-spacer\"><\/div>\n\n\n<hr class=\"ub_divider\" id=\"ub_divider_960aeaec-6389-4ed8-8a06-e611c73a0a65\"><\/hr>\n\n\n<div class=\"wp-block-columns is-layout-flex wp-container-core-columns-is-layout-9d6595d7 wp-block-columns-is-layout-flex\">\n<div class=\"wp-block-column is-layout-flow wp-block-column-is-layout-flow\" style=\"flex-basis:16%\">\n<figure class=\"wp-block-image size-full is-resized\"><img loading=\"lazy\" decoding=\"async\" width=\"600\" height=\"600\" src=\"\/wp-content\/uploads\/2022\/06\/XestionAuga-LinhasCampusAuga.jpg\" alt=\"\" class=\"wp-image-759\" style=\"width:150px;height:150px\" srcset=\"https:\/\/campusauga.uvigo.es\/wp-content\/uploads\/2022\/06\/XestionAuga-LinhasCampusAuga.jpg 600w, https:\/\/campusauga.uvigo.es\/wp-content\/uploads\/2022\/06\/XestionAuga-LinhasCampusAuga-300x300.jpg 300w, https:\/\/campusauga.uvigo.es\/wp-content\/uploads\/2022\/06\/XestionAuga-LinhasCampusAuga-150x150.jpg 150w, https:\/\/campusauga.uvigo.es\/wp-content\/uploads\/2022\/06\/XestionAuga-LinhasCampusAuga-400x400.jpg 400w\" sizes=\"auto, (max-width: 600px) 100vw, 600px\" \/><\/figure>\n<\/div>\n\n\n\n<div class=\"wp-block-column is-layout-flow wp-block-column-is-layout-flow\" style=\"flex-basis:42%\">\n<h2 class=\"wp-block-heading\">Thermal Water Management<\/h2>\n\n\n\n<ul class=\"wp-block-list is-style-list-peak\">\n<li><a href=\"https:\/\/portalcientifico.uvigo.gal\/grupos\/62508\/detalle\">Grupo de Investigaci\u00f3n en Sistemas Agroambientais<\/a><\/li>\n\n\n\n<li><a href=\"https:\/\/portalcientifico.uvigo.gal\/grupos\/17701\/detalle\">Organizaci\u00f3n e Comercializaci\u00f3n<\/a><\/li>\n<\/ul>\n<\/div>\n\n\n\n<div class=\"wp-block-column is-layout-flow wp-block-column-is-layout-flow\" style=\"flex-basis:42%\">\n<div style=\"height:60px\" aria-hidden=\"true\" class=\"wp-block-spacer\"><\/div>\n\n\n\n<ul class=\"wp-block-list is-style-list-peak\">\n<li><a href=\"https:\/\/bidi.uvigo.es\/en\/group\/medea-iuris-crez\"><\/a><a href=\"https:\/\/portalcientifico.uvigo.gal\/grupos\/17817\/detalle\">MEDEA Iuris Crea<\/a><\/li>\n\n\n\n<li><a href=\"https:\/\/portalcientifico.uvigo.gal\/grupos\/17797\/detalle\">Agrupaci\u00f3n Grupos de Investigaci\u00f3n de Dereito Administrativo e Filosof\u00eda do Dereito<\/a><\/li>\n<\/ul>\n<\/div>\n<\/div>\n\n\n\n<div style=\"height:30px\" aria-hidden=\"true\" class=\"wp-block-spacer\"><\/div>\n\n\n<hr class=\"ub_divider\" id=\"ub_divider_6b38cae5-3493-4a43-bdc3-b0514216d597\"><\/hr>\n\n\n<div class=\"wp-block-columns is-layout-flex wp-container-core-columns-is-layout-9d6595d7 wp-block-columns-is-layout-flex\">\n<div class=\"wp-block-column is-layout-flow wp-block-column-is-layout-flow\" style=\"flex-basis:16%\">\n<h2 class=\"wp-block-heading\">Support area<\/h2>\n<\/div>\n\n\n\n<div class=\"wp-block-column is-layout-flow wp-block-column-is-layout-flow\" style=\"flex-basis:42%\">\n<ul class=\"wp-block-list is-style-list-peak\">\n<li><a href=\"https:\/\/bidi.uvigo.es\/gl\/grupo\/governance-and-economics-research-network\"><\/a><a href=\"https:\/\/portalcientifico.uvigo.gal\/grupos\/17749\/detalle\">Sistemas Inform\u00e1ticos de Nova Xeraci\u00f3n<\/a><\/li>\n\n\n\n<li><a href=\"https:\/\/portalcientifico.uvigo.gal\/grupos\/17807\/detalle\">Governance and Economics Research Network<\/a><\/li>\n\n\n\n<li><a href=\"https:\/\/portalcientifico.uvigo.gal\/grupos\/17817\/detalle\">MEDEA Iuris Crea<\/a><\/li>\n<\/ul>\n<\/div>\n<\/div>\n","protected":false},"excerpt":{"rendered":"<p>More than 330 researchers who carry out scientific activity \u201319 groups\u2013 in the various areas of the Campus Auga, through 49 competitive projects.<\/p>\n","protected":false},"author":1,"featured_media":2093,"parent":2252,"menu_order":0,"comment_status":"closed","ping_status":"closed","template":"","meta":{"_acf_changed":false,"ub_ctt_via":"","footnotes":""},"class_list":["post-2253","page","type-page","status-publish","has-post-thumbnail","hentry"],"acf":[],"featured_image_src":"https:\/\/campusauga.uvigo.es\/wp-content\/uploads\/2022\/06\/PonteRomana.jpg","yoast_head":"<!-- This site is optimized with the Yoast SEO plugin v27.6 - https:\/\/yoast.com\/product\/yoast-seo-wordpress\/ -->\n<title>Research groups | Campus Auga<\/title>\n<meta name=\"robots\" content=\"index, follow, max-snippet:-1, max-image-preview:large, max-video-preview:-1\" \/>\n<link rel=\"canonical\" href=\"https:\/\/campusauga.uvigo.es\/en\/investigacion\/grupos-de-investigacion\/\" \/>\n<meta property=\"og:locale\" content=\"en_US\" \/>\n<meta property=\"og:type\" content=\"article\" \/>\n<meta property=\"og:title\" content=\"Research groups | Campus Auga\" \/>\n<meta property=\"og:description\" content=\"More than 330 researchers who carry out scientific activity \u201319 groups\u2013 in the various areas of the Campus Auga, through 49 competitive projects.\" \/>\n<meta property=\"og:url\" content=\"https:\/\/campusauga.uvigo.es\/en\/investigacion\/grupos-de-investigacion\/\" \/>\n<meta property=\"og:site_name\" content=\"Campus Auga\" \/>\n<meta property=\"article:modified_time\" content=\"2026-01-30T09:08:52+00:00\" \/>\n<meta property=\"og:image\" content=\"https:\/\/campusauga.ideit.dev\/wp-content\/uploads\/2022\/06\/PonteRomana.jpg\" \/>\n\t<meta property=\"og:image:width\" content=\"1920\" \/>\n\t<meta property=\"og:image:height\" content=\"400\" \/>\n\t<meta property=\"og:image:type\" content=\"image\/jpeg\" \/>\n<meta name=\"twitter:card\" content=\"summary_large_image\" \/>\n<meta name=\"twitter:label1\" content=\"Est. reading time\" \/>\n\t<meta name=\"twitter:data1\" content=\"2 minutes\" \/>\n<script type=\"application\/ld+json\" class=\"yoast-schema-graph\">{\"@context\":\"https:\\\/\\\/schema.org\",\"@graph\":[{\"@type\":\"WebPage\",\"@id\":\"https:\\\/\\\/campusauga.uvigo.es\\\/en\\\/investigacion\\\/grupos-de-investigacion\\\/\",\"url\":\"https:\\\/\\\/campusauga.uvigo.es\\\/en\\\/investigacion\\\/grupos-de-investigacion\\\/\",\"name\":\"Research groups | Campus Auga\",\"isPartOf\":{\"@id\":\"https:\\\/\\\/campusauga.uvigo.es\\\/en\\\/#website\"},\"primaryImageOfPage\":{\"@id\":\"https:\\\/\\\/campusauga.uvigo.es\\\/en\\\/investigacion\\\/grupos-de-investigacion\\\/#primaryimage\"},\"image\":{\"@id\":\"https:\\\/\\\/campusauga.uvigo.es\\\/en\\\/investigacion\\\/grupos-de-investigacion\\\/#primaryimage\"},\"thumbnailUrl\":\"https:\\\/\\\/campusauga.uvigo.es\\\/wp-content\\\/uploads\\\/2022\\\/06\\\/PonteRomana.jpg\",\"datePublished\":\"2022-05-05T11:04:32+00:00\",\"dateModified\":\"2026-01-30T09:08:52+00:00\",\"breadcrumb\":{\"@id\":\"https:\\\/\\\/campusauga.uvigo.es\\\/en\\\/investigacion\\\/grupos-de-investigacion\\\/#breadcrumb\"},\"inLanguage\":\"en-US\",\"potentialAction\":[{\"@type\":\"ReadAction\",\"target\":[\"https:\\\/\\\/campusauga.uvigo.es\\\/en\\\/investigacion\\\/grupos-de-investigacion\\\/\"]}]},{\"@type\":\"ImageObject\",\"inLanguage\":\"en-US\",\"@id\":\"https:\\\/\\\/campusauga.uvigo.es\\\/en\\\/investigacion\\\/grupos-de-investigacion\\\/#primaryimage\",\"url\":\"https:\\\/\\\/campusauga.uvigo.es\\\/wp-content\\\/uploads\\\/2022\\\/06\\\/PonteRomana.jpg\",\"contentUrl\":\"https:\\\/\\\/campusauga.uvigo.es\\\/wp-content\\\/uploads\\\/2022\\\/06\\\/PonteRomana.jpg\",\"width\":1920,\"height\":400},{\"@type\":\"BreadcrumbList\",\"@id\":\"https:\\\/\\\/campusauga.uvigo.es\\\/en\\\/investigacion\\\/grupos-de-investigacion\\\/#breadcrumb\",\"itemListElement\":[{\"@type\":\"ListItem\",\"position\":1,\"name\":\"Portada\",\"item\":\"https:\\\/\\\/campusauga.uvigo.es\\\/en\\\/\"},{\"@type\":\"ListItem\",\"position\":2,\"name\":\"Research\",\"item\":\"https:\\\/\\\/campusauga.ideit.dev\\\/investigacion\\\/\"},{\"@type\":\"ListItem\",\"position\":3,\"name\":\"Research groups\"}]},{\"@type\":\"WebSite\",\"@id\":\"https:\\\/\\\/campusauga.uvigo.es\\\/en\\\/#website\",\"url\":\"https:\\\/\\\/campusauga.uvigo.es\\\/en\\\/\",\"name\":\"Campus Auga\",\"description\":\"\",\"publisher\":{\"@id\":\"https:\\\/\\\/campusauga.uvigo.es\\\/en\\\/#organization\"},\"potentialAction\":[{\"@type\":\"SearchAction\",\"target\":{\"@type\":\"EntryPoint\",\"urlTemplate\":\"https:\\\/\\\/campusauga.uvigo.es\\\/en\\\/?s={search_term_string}\"},\"query-input\":{\"@type\":\"PropertyValueSpecification\",\"valueRequired\":true,\"valueName\":\"search_term_string\"}}],\"inLanguage\":\"en-US\"},{\"@type\":\"Organization\",\"@id\":\"https:\\\/\\\/campusauga.uvigo.es\\\/en\\\/#organization\",\"name\":\"Campus Auga\",\"url\":\"https:\\\/\\\/campusauga.uvigo.es\\\/en\\\/\",\"logo\":{\"@type\":\"ImageObject\",\"inLanguage\":\"en-US\",\"@id\":\"https:\\\/\\\/campusauga.uvigo.es\\\/en\\\/#\\\/schema\\\/logo\\\/image\\\/\",\"url\":\"https:\\\/\\\/campusauga.uvigo.es\\\/wp-content\\\/uploads\\\/2022\\\/05\\\/logo-campus-auga.png\",\"contentUrl\":\"https:\\\/\\\/campusauga.uvigo.es\\\/wp-content\\\/uploads\\\/2022\\\/05\\\/logo-campus-auga.png\",\"width\":628,\"height\":100,\"caption\":\"Campus Auga\"},\"image\":{\"@id\":\"https:\\\/\\\/campusauga.uvigo.es\\\/en\\\/#\\\/schema\\\/logo\\\/image\\\/\"}}]}<\/script>\n<!-- \/ Yoast SEO plugin. -->","yoast_head_json":{"title":"Research groups | Campus Auga","robots":{"index":"index","follow":"follow","max-snippet":"max-snippet:-1","max-image-preview":"max-image-preview:large","max-video-preview":"max-video-preview:-1"},"canonical":"https:\/\/campusauga.uvigo.es\/en\/investigacion\/grupos-de-investigacion\/","og_locale":"en_US","og_type":"article","og_title":"Research groups | Campus Auga","og_description":"More than 330 researchers who carry out scientific activity \u201319 groups\u2013 in the various areas of the Campus Auga, through 49 competitive projects.","og_url":"https:\/\/campusauga.uvigo.es\/en\/investigacion\/grupos-de-investigacion\/","og_site_name":"Campus Auga","article_modified_time":"2026-01-30T09:08:52+00:00","og_image":[{"width":1920,"height":400,"url":"https:\/\/campusauga.ideit.dev\/wp-content\/uploads\/2022\/06\/PonteRomana.jpg","type":"image\/jpeg"}],"twitter_card":"summary_large_image","twitter_misc":{"Est. reading time":"2 minutes"},"schema":{"@context":"https:\/\/schema.org","@graph":[{"@type":"WebPage","@id":"https:\/\/campusauga.uvigo.es\/en\/investigacion\/grupos-de-investigacion\/","url":"https:\/\/campusauga.uvigo.es\/en\/investigacion\/grupos-de-investigacion\/","name":"Research groups | Campus Auga","isPartOf":{"@id":"https:\/\/campusauga.uvigo.es\/en\/#website"},"primaryImageOfPage":{"@id":"https:\/\/campusauga.uvigo.es\/en\/investigacion\/grupos-de-investigacion\/#primaryimage"},"image":{"@id":"https:\/\/campusauga.uvigo.es\/en\/investigacion\/grupos-de-investigacion\/#primaryimage"},"thumbnailUrl":"https:\/\/campusauga.uvigo.es\/wp-content\/uploads\/2022\/06\/PonteRomana.jpg","datePublished":"2022-05-05T11:04:32+00:00","dateModified":"2026-01-30T09:08:52+00:00","breadcrumb":{"@id":"https:\/\/campusauga.uvigo.es\/en\/investigacion\/grupos-de-investigacion\/#breadcrumb"},"inLanguage":"en-US","potentialAction":[{"@type":"ReadAction","target":["https:\/\/campusauga.uvigo.es\/en\/investigacion\/grupos-de-investigacion\/"]}]},{"@type":"ImageObject","inLanguage":"en-US","@id":"https:\/\/campusauga.uvigo.es\/en\/investigacion\/grupos-de-investigacion\/#primaryimage","url":"https:\/\/campusauga.uvigo.es\/wp-content\/uploads\/2022\/06\/PonteRomana.jpg","contentUrl":"https:\/\/campusauga.uvigo.es\/wp-content\/uploads\/2022\/06\/PonteRomana.jpg","width":1920,"height":400},{"@type":"BreadcrumbList","@id":"https:\/\/campusauga.uvigo.es\/en\/investigacion\/grupos-de-investigacion\/#breadcrumb","itemListElement":[{"@type":"ListItem","position":1,"name":"Portada","item":"https:\/\/campusauga.uvigo.es\/en\/"},{"@type":"ListItem","position":2,"name":"Research","item":"https:\/\/campusauga.ideit.dev\/investigacion\/"},{"@type":"ListItem","position":3,"name":"Research groups"}]},{"@type":"WebSite","@id":"https:\/\/campusauga.uvigo.es\/en\/#website","url":"https:\/\/campusauga.uvigo.es\/en\/","name":"Campus Auga","description":"","publisher":{"@id":"https:\/\/campusauga.uvigo.es\/en\/#organization"},"potentialAction":[{"@type":"SearchAction","target":{"@type":"EntryPoint","urlTemplate":"https:\/\/campusauga.uvigo.es\/en\/?s={search_term_string}"},"query-input":{"@type":"PropertyValueSpecification","valueRequired":true,"valueName":"search_term_string"}}],"inLanguage":"en-US"},{"@type":"Organization","@id":"https:\/\/campusauga.uvigo.es\/en\/#organization","name":"Campus Auga","url":"https:\/\/campusauga.uvigo.es\/en\/","logo":{"@type":"ImageObject","inLanguage":"en-US","@id":"https:\/\/campusauga.uvigo.es\/en\/#\/schema\/logo\/image\/","url":"https:\/\/campusauga.uvigo.es\/wp-content\/uploads\/2022\/05\/logo-campus-auga.png","contentUrl":"https:\/\/campusauga.uvigo.es\/wp-content\/uploads\/2022\/05\/logo-campus-auga.png","width":628,"height":100,"caption":"Campus Auga"},"image":{"@id":"https:\/\/campusauga.uvigo.es\/en\/#\/schema\/logo\/image\/"}}]}},"_links":{"self":[{"href":"https:\/\/campusauga.uvigo.es\/en\/wp-json\/wp\/v2\/pages\/2253","targetHints":{"allow":["GET"]}}],"collection":[{"href":"https:\/\/campusauga.uvigo.es\/en\/wp-json\/wp\/v2\/pages"}],"about":[{"href":"https:\/\/campusauga.uvigo.es\/en\/wp-json\/wp\/v2\/types\/page"}],"author":[{"embeddable":true,"href":"https:\/\/campusauga.uvigo.es\/en\/wp-json\/wp\/v2\/users\/1"}],"replies":[{"embeddable":true,"href":"https:\/\/campusauga.uvigo.es\/en\/wp-json\/wp\/v2\/comments?post=2253"}],"version-history":[{"count":31,"href":"https:\/\/campusauga.uvigo.es\/en\/wp-json\/wp\/v2\/pages\/2253\/revisions"}],"predecessor-version":[{"id":6849,"href":"https:\/\/campusauga.uvigo.es\/en\/wp-json\/wp\/v2\/pages\/2253\/revisions\/6849"}],"up":[{"embeddable":true,"href":"https:\/\/campusauga.uvigo.es\/en\/wp-json\/wp\/v2\/pages\/2252"}],"wp:featuredmedia":[{"embeddable":true,"href":"https:\/\/campusauga.uvigo.es\/en\/wp-json\/wp\/v2\/media\/2093"}],"wp:attachment":[{"href":"https:\/\/campusauga.uvigo.es\/en\/wp-json\/wp\/v2\/media?parent=2253"}],"curies":[{"name":"wp","href":"https:\/\/api.w.org\/{rel}","templated":true}]}}