{"id":2260,"date":"2022-05-23T09:44:42","date_gmt":"2022-05-23T07:44:42","guid":{"rendered":"https:\/\/campusauga.uvigo.es\/o-campus\/edificio-do-campus-auga\/"},"modified":"2024-02-12T11:20:17","modified_gmt":"2024-02-12T10:20:17","slug":"edificio-do-campus-auga","status":"publish","type":"page","link":"https:\/\/campusauga.uvigo.es\/en\/o-campus\/edificio-do-campus-auga\/","title":{"rendered":"Edificio Campus Auga"},"content":{"rendered":"\n<div class=\"wp-block-columns is-layout-flex wp-container-core-columns-is-layout-9d6595d7 wp-block-columns-is-layout-flex\">\n<div class=\"wp-block-column is-layout-flow wp-block-column-is-layout-flow\">\n<p>The Edificio Campus Auga holds <strong>eleven laboratories<\/strong> in which research groups develop scientific projects.<\/p>\n\n\n\n<h2 class=\"wp-block-heading\">Laboratories<\/h2>\n\n\n\n<ul class=\"wp-block-list\"><li><strong>Chemical Engineering I<\/strong><br>Chemical Engineering Research Group<\/li><li><strong>Chemical Engineering II<\/strong><br>Research Group Plant, Soil and Use of Sub-products<\/li><li><strong>Chemical Engineering III<\/strong><br>Industrial Biotechnology and Environmental Engineering Research Group<\/li><li><strong>Industrial Biotechnology and Environmental Engineering<\/strong><br>Industrial Biotechnology and Environmental Engineering Research Group<\/li><li><strong>Nutrition and Bromatology<\/strong><br>Agricultural and Food Research Research Group<\/li><li><strong>Food Technology<\/strong><br>Chemical Engineering Research Group 4<\/li><li><strong>Edaphology and Agricultural Chemistry<\/strong><br>Research Group Plant, Soil and Use of Sub-products<\/li><li><strong>Earth Physics<\/strong><br>Environmental Physics Laboratory Research Group<\/li><li><strong>Archeology<\/strong><br>Archeology, Antiquity and Territory Studies Research Group<\/li><li><strong>Computer Languages and Systems<\/strong><br>Applied Informatics Laboratory Research Group<\/li><li><strong>Hydraulics<\/strong><br>\u2013 Plant, Soil and Use of By-products Research Group<br>\u2013 Archeology, Antiquity and Territory Studies Research Group<\/li><\/ul>\n<\/div>\n\n\n\n<div class=\"wp-block-column is-layout-flow wp-block-column-is-layout-flow\">\n<figure class=\"wp-block-embed is-type-video is-provider-vimeo wp-block-embed-vimeo wp-embed-aspect-16-9 wp-has-aspect-ratio\"><div class=\"wp-block-embed__wrapper\">\n<iframe loading=\"lazy\" title=\"Campus da Auga\" src=\"https:\/\/player.vimeo.com\/video\/272167041?dnt=1&amp;app_id=122963\" width=\"500\" height=\"281\" frameborder=\"0\" allow=\"autoplay; fullscreen; picture-in-picture; clipboard-write\"><\/iframe>\n<\/div><\/figure>\n\n\n\n<p class=\"has-gray-color has-text-color has-small-font-size\"><strong>Click to see the Edificio <strong>Campus<\/strong><\/strong> <strong>Auga<\/strong><\/p>\n<\/div>\n<\/div>\n\n\n\n<h2 class=\"wp-block-heading\">Management Area<\/h2>\n\n\n\n<p>The management area of the Campus, made up of the <strong>Director<\/strong> and the <strong>Management Department<\/strong>, are also located in its facilities.<\/p>\n\n\n\n<div class=\"wp-block-columns is-layout-flex wp-container-core-columns-is-layout-9d6595d7 wp-block-columns-is-layout-flex\">\n<div class=\"wp-block-column is-layout-flow wp-block-column-is-layout-flow\">\n<h3 class=\"wp-block-heading\">Director<\/h3>\n\n\n\n<p>Responsible for the coordination and operation of Campus Auga<\/p>\n<\/div>\n\n\n\n<div class=\"wp-block-column is-layout-flow wp-block-column-is-layout-flow\">\n<h3 class=\"wp-block-heading\">Management Department<\/h3>\n\n\n\n<p>Made up of the technical staff who carry out the functions of organization and execution of the actions of the Campus Auga<\/p>\n<\/div>\n<\/div>\n\n\n\n<h2 class=\"wp-block-heading\">Agreement for the construction of the building<\/h2>\n\n\n\n<p>Through a collaboration agreement between the Conseller\u00eda de Cultura, Educaci\u00f3n e Ordenaci\u00f3n Universitaria Planning and the Universidade de Vigo for the construction and development of the Edificio Campus Auga, signed in October 2014, it was agreed that this building would be used primarily for research purposes, although with the possibility of also housing the management area of the Campus Auga. It is therefore that the building fulfills the objective of becoming the driving force of the Campus Auga, in such a way that it enhances the excellence of the research activity and the impact of its actions, enabling greater teaching and scientific development that facilitates the improvement of the competitiveness of the local industry.<\/p>\n\n\n\n<p><a href=\"\/wp-content\/uploads\/2022\/09\/convenio_edificio.pdf\">Collaboration agreement for the construction and development of the Edificio Auga Campus<\/a><\/p>\n","protected":false},"excerpt":{"rendered":"<p>Created to be a center of reference in research related to water, it pools resources and capacities to develop unique research projects.<\/p>\n","protected":false},"author":1,"featured_media":2098,"parent":2259,"menu_order":0,"comment_status":"closed","ping_status":"closed","template":"","meta":{"_acf_changed":false,"ub_ctt_via":"","footnotes":""},"class_list":["post-2260","page","type-page","status-publish","has-post-thumbnail","hentry"],"acf":[],"featured_image_src":"https:\/\/campusauga.uvigo.es\/wp-content\/uploads\/2022\/06\/EdifCampusAuga.jpg","yoast_head":"<!-- This site is optimized with the Yoast SEO plugin v27.6 - https:\/\/yoast.com\/product\/yoast-seo-wordpress\/ -->\n<title>Edificio Campus Auga | Campus Auga<\/title>\n<meta name=\"robots\" content=\"index, follow, max-snippet:-1, max-image-preview:large, max-video-preview:-1\" \/>\n<link rel=\"canonical\" href=\"https:\/\/campusauga.uvigo.es\/en\/o-campus\/edificio-do-campus-auga\/\" \/>\n<meta property=\"og:locale\" content=\"en_US\" \/>\n<meta property=\"og:type\" content=\"article\" \/>\n<meta property=\"og:title\" content=\"Edificio Campus Auga | Campus Auga\" \/>\n<meta property=\"og:description\" content=\"Created to be a center of reference in research related to water, it pools resources and capacities to develop unique research projects.\" \/>\n<meta property=\"og:url\" content=\"https:\/\/campusauga.uvigo.es\/en\/o-campus\/edificio-do-campus-auga\/\" \/>\n<meta property=\"og:site_name\" content=\"Campus Auga\" \/>\n<meta property=\"article:modified_time\" content=\"2024-02-12T10:20:17+00:00\" \/>\n<meta property=\"og:image\" content=\"https:\/\/campusauga.uvigo.es\/wp-content\/uploads\/2022\/06\/EdifCampusAuga.jpg\" \/>\n\t<meta property=\"og:image:width\" content=\"1920\" \/>\n\t<meta property=\"og:image:height\" content=\"400\" \/>\n\t<meta property=\"og:image:type\" content=\"image\/jpeg\" \/>\n<meta name=\"twitter:card\" content=\"summary_large_image\" \/>\n<meta name=\"twitter:label1\" content=\"Est. reading time\" \/>\n\t<meta name=\"twitter:data1\" content=\"2 minutes\" \/>\n<script type=\"application\/ld+json\" class=\"yoast-schema-graph\">{\"@context\":\"https:\\\/\\\/schema.org\",\"@graph\":[{\"@type\":\"WebPage\",\"@id\":\"https:\\\/\\\/campusauga.uvigo.es\\\/en\\\/o-campus\\\/edificio-do-campus-auga\\\/\",\"url\":\"https:\\\/\\\/campusauga.uvigo.es\\\/en\\\/o-campus\\\/edificio-do-campus-auga\\\/\",\"name\":\"Edificio Campus Auga | Campus Auga\",\"isPartOf\":{\"@id\":\"https:\\\/\\\/campusauga.uvigo.es\\\/en\\\/#website\"},\"primaryImageOfPage\":{\"@id\":\"https:\\\/\\\/campusauga.uvigo.es\\\/en\\\/o-campus\\\/edificio-do-campus-auga\\\/#primaryimage\"},\"image\":{\"@id\":\"https:\\\/\\\/campusauga.uvigo.es\\\/en\\\/o-campus\\\/edificio-do-campus-auga\\\/#primaryimage\"},\"thumbnailUrl\":\"https:\\\/\\\/campusauga.uvigo.es\\\/wp-content\\\/uploads\\\/2022\\\/06\\\/EdifCampusAuga.jpg\",\"datePublished\":\"2022-05-23T07:44:42+00:00\",\"dateModified\":\"2024-02-12T10:20:17+00:00\",\"breadcrumb\":{\"@id\":\"https:\\\/\\\/campusauga.uvigo.es\\\/en\\\/o-campus\\\/edificio-do-campus-auga\\\/#breadcrumb\"},\"inLanguage\":\"en-US\",\"potentialAction\":[{\"@type\":\"ReadAction\",\"target\":[\"https:\\\/\\\/campusauga.uvigo.es\\\/en\\\/o-campus\\\/edificio-do-campus-auga\\\/\"]}]},{\"@type\":\"ImageObject\",\"inLanguage\":\"en-US\",\"@id\":\"https:\\\/\\\/campusauga.uvigo.es\\\/en\\\/o-campus\\\/edificio-do-campus-auga\\\/#primaryimage\",\"url\":\"https:\\\/\\\/campusauga.uvigo.es\\\/wp-content\\\/uploads\\\/2022\\\/06\\\/EdifCampusAuga.jpg\",\"contentUrl\":\"https:\\\/\\\/campusauga.uvigo.es\\\/wp-content\\\/uploads\\\/2022\\\/06\\\/EdifCampusAuga.jpg\",\"width\":1920,\"height\":400},{\"@type\":\"BreadcrumbList\",\"@id\":\"https:\\\/\\\/campusauga.uvigo.es\\\/en\\\/o-campus\\\/edificio-do-campus-auga\\\/#breadcrumb\",\"itemListElement\":[{\"@type\":\"ListItem\",\"position\":1,\"name\":\"Portada\",\"item\":\"https:\\\/\\\/campusauga.uvigo.es\\\/en\\\/\"},{\"@type\":\"ListItem\",\"position\":2,\"name\":\"The Campus\",\"item\":\"https:\\\/\\\/campusauga.ideit.dev\\\/o-campus\\\/\"},{\"@type\":\"ListItem\",\"position\":3,\"name\":\"Edificio Campus Auga\"}]},{\"@type\":\"WebSite\",\"@id\":\"https:\\\/\\\/campusauga.uvigo.es\\\/en\\\/#website\",\"url\":\"https:\\\/\\\/campusauga.uvigo.es\\\/en\\\/\",\"name\":\"Campus Auga\",\"description\":\"\",\"publisher\":{\"@id\":\"https:\\\/\\\/campusauga.uvigo.es\\\/en\\\/#organization\"},\"potentialAction\":[{\"@type\":\"SearchAction\",\"target\":{\"@type\":\"EntryPoint\",\"urlTemplate\":\"https:\\\/\\\/campusauga.uvigo.es\\\/en\\\/?s={search_term_string}\"},\"query-input\":{\"@type\":\"PropertyValueSpecification\",\"valueRequired\":true,\"valueName\":\"search_term_string\"}}],\"inLanguage\":\"en-US\"},{\"@type\":\"Organization\",\"@id\":\"https:\\\/\\\/campusauga.uvigo.es\\\/en\\\/#organization\",\"name\":\"Campus Auga\",\"url\":\"https:\\\/\\\/campusauga.uvigo.es\\\/en\\\/\",\"logo\":{\"@type\":\"ImageObject\",\"inLanguage\":\"en-US\",\"@id\":\"https:\\\/\\\/campusauga.uvigo.es\\\/en\\\/#\\\/schema\\\/logo\\\/image\\\/\",\"url\":\"https:\\\/\\\/campusauga.uvigo.es\\\/wp-content\\\/uploads\\\/2022\\\/05\\\/logo-campus-auga.png\",\"contentUrl\":\"https:\\\/\\\/campusauga.uvigo.es\\\/wp-content\\\/uploads\\\/2022\\\/05\\\/logo-campus-auga.png\",\"width\":628,\"height\":100,\"caption\":\"Campus Auga\"},\"image\":{\"@id\":\"https:\\\/\\\/campusauga.uvigo.es\\\/en\\\/#\\\/schema\\\/logo\\\/image\\\/\"}}]}<\/script>\n<!-- \/ Yoast SEO plugin. -->","yoast_head_json":{"title":"Edificio Campus Auga | Campus Auga","robots":{"index":"index","follow":"follow","max-snippet":"max-snippet:-1","max-image-preview":"max-image-preview:large","max-video-preview":"max-video-preview:-1"},"canonical":"https:\/\/campusauga.uvigo.es\/en\/o-campus\/edificio-do-campus-auga\/","og_locale":"en_US","og_type":"article","og_title":"Edificio Campus Auga | Campus Auga","og_description":"Created to be a center of reference in research related to water, it pools resources and capacities to develop unique research projects.","og_url":"https:\/\/campusauga.uvigo.es\/en\/o-campus\/edificio-do-campus-auga\/","og_site_name":"Campus Auga","article_modified_time":"2024-02-12T10:20:17+00:00","og_image":[{"width":1920,"height":400,"url":"https:\/\/campusauga.uvigo.es\/wp-content\/uploads\/2022\/06\/EdifCampusAuga.jpg","type":"image\/jpeg"}],"twitter_card":"summary_large_image","twitter_misc":{"Est. reading time":"2 minutes"},"schema":{"@context":"https:\/\/schema.org","@graph":[{"@type":"WebPage","@id":"https:\/\/campusauga.uvigo.es\/en\/o-campus\/edificio-do-campus-auga\/","url":"https:\/\/campusauga.uvigo.es\/en\/o-campus\/edificio-do-campus-auga\/","name":"Edificio Campus Auga | Campus Auga","isPartOf":{"@id":"https:\/\/campusauga.uvigo.es\/en\/#website"},"primaryImageOfPage":{"@id":"https:\/\/campusauga.uvigo.es\/en\/o-campus\/edificio-do-campus-auga\/#primaryimage"},"image":{"@id":"https:\/\/campusauga.uvigo.es\/en\/o-campus\/edificio-do-campus-auga\/#primaryimage"},"thumbnailUrl":"https:\/\/campusauga.uvigo.es\/wp-content\/uploads\/2022\/06\/EdifCampusAuga.jpg","datePublished":"2022-05-23T07:44:42+00:00","dateModified":"2024-02-12T10:20:17+00:00","breadcrumb":{"@id":"https:\/\/campusauga.uvigo.es\/en\/o-campus\/edificio-do-campus-auga\/#breadcrumb"},"inLanguage":"en-US","potentialAction":[{"@type":"ReadAction","target":["https:\/\/campusauga.uvigo.es\/en\/o-campus\/edificio-do-campus-auga\/"]}]},{"@type":"ImageObject","inLanguage":"en-US","@id":"https:\/\/campusauga.uvigo.es\/en\/o-campus\/edificio-do-campus-auga\/#primaryimage","url":"https:\/\/campusauga.uvigo.es\/wp-content\/uploads\/2022\/06\/EdifCampusAuga.jpg","contentUrl":"https:\/\/campusauga.uvigo.es\/wp-content\/uploads\/2022\/06\/EdifCampusAuga.jpg","width":1920,"height":400},{"@type":"BreadcrumbList","@id":"https:\/\/campusauga.uvigo.es\/en\/o-campus\/edificio-do-campus-auga\/#breadcrumb","itemListElement":[{"@type":"ListItem","position":1,"name":"Portada","item":"https:\/\/campusauga.uvigo.es\/en\/"},{"@type":"ListItem","position":2,"name":"The Campus","item":"https:\/\/campusauga.ideit.dev\/o-campus\/"},{"@type":"ListItem","position":3,"name":"Edificio Campus Auga"}]},{"@type":"WebSite","@id":"https:\/\/campusauga.uvigo.es\/en\/#website","url":"https:\/\/campusauga.uvigo.es\/en\/","name":"Campus Auga","description":"","publisher":{"@id":"https:\/\/campusauga.uvigo.es\/en\/#organization"},"potentialAction":[{"@type":"SearchAction","target":{"@type":"EntryPoint","urlTemplate":"https:\/\/campusauga.uvigo.es\/en\/?s={search_term_string}"},"query-input":{"@type":"PropertyValueSpecification","valueRequired":true,"valueName":"search_term_string"}}],"inLanguage":"en-US"},{"@type":"Organization","@id":"https:\/\/campusauga.uvigo.es\/en\/#organization","name":"Campus Auga","url":"https:\/\/campusauga.uvigo.es\/en\/","logo":{"@type":"ImageObject","inLanguage":"en-US","@id":"https:\/\/campusauga.uvigo.es\/en\/#\/schema\/logo\/image\/","url":"https:\/\/campusauga.uvigo.es\/wp-content\/uploads\/2022\/05\/logo-campus-auga.png","contentUrl":"https:\/\/campusauga.uvigo.es\/wp-content\/uploads\/2022\/05\/logo-campus-auga.png","width":628,"height":100,"caption":"Campus Auga"},"image":{"@id":"https:\/\/campusauga.uvigo.es\/en\/#\/schema\/logo\/image\/"}}]}},"_links":{"self":[{"href":"https:\/\/campusauga.uvigo.es\/en\/wp-json\/wp\/v2\/pages\/2260","targetHints":{"allow":["GET"]}}],"collection":[{"href":"https:\/\/campusauga.uvigo.es\/en\/wp-json\/wp\/v2\/pages"}],"about":[{"href":"https:\/\/campusauga.uvigo.es\/en\/wp-json\/wp\/v2\/types\/page"}],"author":[{"embeddable":true,"href":"https:\/\/campusauga.uvigo.es\/en\/wp-json\/wp\/v2\/users\/1"}],"replies":[{"embeddable":true,"href":"https:\/\/campusauga.uvigo.es\/en\/wp-json\/wp\/v2\/comments?post=2260"}],"version-history":[{"count":13,"href":"https:\/\/campusauga.uvigo.es\/en\/wp-json\/wp\/v2\/pages\/2260\/revisions"}],"predecessor-version":[{"id":3606,"href":"https:\/\/campusauga.uvigo.es\/en\/wp-json\/wp\/v2\/pages\/2260\/revisions\/3606"}],"up":[{"embeddable":true,"href":"https:\/\/campusauga.uvigo.es\/en\/wp-json\/wp\/v2\/pages\/2259"}],"wp:featuredmedia":[{"embeddable":true,"href":"https:\/\/campusauga.uvigo.es\/en\/wp-json\/wp\/v2\/media\/2098"}],"wp:attachment":[{"href":"https:\/\/campusauga.uvigo.es\/en\/wp-json\/wp\/v2\/media?parent=2260"}],"curies":[{"name":"wp","href":"https:\/\/api.w.org\/{rel}","templated":true}]}}