{"id":4570,"date":"2025-03-03T12:20:50","date_gmt":"2025-03-03T11:20:50","guid":{"rendered":"https:\/\/campusauga.uvigo.es\/venture-lab\/"},"modified":"2025-03-05T16:39:22","modified_gmt":"2025-03-05T15:39:22","slug":"venture-lab","status":"publish","type":"page","link":"https:\/\/campusauga.uvigo.es\/en\/transfer\/venture-lab\/","title":{"rendered":"Venture Lab"},"content":{"rendered":"\n<div class=\"wp-block-columns is-layout-flex wp-container-core-columns-is-layout-9d6595d7 wp-block-columns-is-layout-flex\">\n<div class=\"wp-block-column pr-md-9 is-layout-flow wp-block-column-is-layout-flow\" style=\"flex-basis:65%\">\n<p>The Campus Auga Venture Lab is an initiative that arises between the campus itself and the Faculty of Business Sciences and Tourism under the collaboration agreement between the Department of Education, Science, Universities and Vocational Training and the University of Vigo.<\/p>\n\n\n\n<p>It aims to become a space for training and meeting between students with entrepreneurial ideas, the faculty that advises them and the companies of the innovative ecosystem, seeking synergies and promoting the relationship between them. It will be a permanent meeting point, with learning manuals, training days and events in which students and companies can develop their collaboration successfully.<\/p>\n\n\n\n<h2 class=\"wp-block-heading\">Venture Lab days of entrepreneurship for university students<\/h2>\n\n\n\n<figure class=\"wp-block-image size-large\"><img loading=\"lazy\" decoding=\"async\" width=\"1024\" height=\"576\" src=\"\/wp-content\/uploads\/2025\/03\/xornadas_innovacion-1024x576.jpg\" alt=\"\" class=\"wp-image-4597\" srcset=\"https:\/\/campusauga.uvigo.es\/wp-content\/uploads\/2025\/03\/xornadas_innovacion-1024x576.jpg 1024w, https:\/\/campusauga.uvigo.es\/wp-content\/uploads\/2025\/03\/xornadas_innovacion-300x169.jpg 300w, https:\/\/campusauga.uvigo.es\/wp-content\/uploads\/2025\/03\/xornadas_innovacion-768x432.jpg 768w, https:\/\/campusauga.uvigo.es\/wp-content\/uploads\/2025\/03\/xornadas_innovacion-445x250.jpg 445w, https:\/\/campusauga.uvigo.es\/wp-content\/uploads\/2025\/03\/xornadas_innovacion-800x450.jpg 800w, https:\/\/campusauga.uvigo.es\/wp-content\/uploads\/2025\/03\/xornadas_innovacion.jpg 1200w\" sizes=\"auto, (max-width: 1024px) 100vw, 1024px\" \/><\/figure>\n\n\n\n<p>O Campus Auga promovi\u00f3 unhas xornadas de formaci\u00f3n en emprendemento dirixidas ao alumnado universitario. Celebr\u00e1ronse os d\u00edas 20, 21, 27 e 28 de febreiro na Facultade de Ciencias Empresariais e Turismo do campus de Ourense.<\/p>\n\n\n\n<p>Facendo clic no bot\u00f3n de abaixo acc\u00e9dese \u00e1 nova que amplia a informaci\u00f3n.<\/p>\n\n\n\n<div class=\"wp-block-buttons is-content-justification-center is-layout-flex wp-container-core-buttons-is-layout-16018d1d wp-block-buttons-is-layout-flex\">\n<div class=\"wp-block-button is-style-outline has-icon has-icon-peak is-style-outline--1\"><a class=\"wp-block-button__link wp-element-button\" href=\"https:\/\/campusauga.uvigo.es\/2025\/03\/o-campus-auga-promove-unhas-xornadas-de-formacion-en-emprendemento-dirixidas-ao-alumnado-universitario\/\">GO TO INFORMATION<\/a><\/div>\n<\/div>\n<\/div>\n\n\n\n<div class=\"wp-block-column is-layout-flow wp-block-column-is-layout-flow\" style=\"flex-basis:35%\">\n<div class=\"wp-block-group bg-gradient-primary-step-35 has-primary-background-color has-background\" style=\"padding-top:2rem;padding-right:4rem;padding-bottom:2rem;padding-left:4rem\"><div class=\"wp-block-group__inner-container is-layout-flow wp-block-group-is-layout-flow\">\n<figure class=\"wp-block-image size-large ml-3 mr-3 pt-6\"><img loading=\"lazy\" decoding=\"async\" width=\"724\" height=\"1024\" src=\"\/wp-content\/uploads\/2025\/03\/PlanFormacion_CampusAuga-724x1024.jpg\" alt=\"\" class=\"wp-image-4574\" srcset=\"https:\/\/campusauga.uvigo.es\/wp-content\/uploads\/2025\/03\/PlanFormacion_CampusAuga-724x1024.jpg 724w, https:\/\/campusauga.uvigo.es\/wp-content\/uploads\/2025\/03\/PlanFormacion_CampusAuga-212x300.jpg 212w, https:\/\/campusauga.uvigo.es\/wp-content\/uploads\/2025\/03\/PlanFormacion_CampusAuga-768x1086.jpg 768w, https:\/\/campusauga.uvigo.es\/wp-content\/uploads\/2025\/03\/PlanFormacion_CampusAuga.jpg 849w\" sizes=\"auto, (max-width: 724px) 100vw, 724px\" \/><\/figure>\n\n\n\n<div style=\"height:2rem\" aria-hidden=\"true\" class=\"wp-block-spacer\"><\/div>\n\n\n\n<div class=\"wp-block-buttons is-layout-flex wp-block-buttons-is-layout-flex\">\n<div class=\"wp-block-button has-custom-width wp-block-button__width-25 is-style-outline aligncenter is-style-outline--2\"><a class=\"wp-block-button__link has-white-color has-text-color wp-element-button\" href=\"\/wp-content\/uploads\/2025\/03\/PlanFormacion_CampusAuga.pdf\" target=\"_blank\" rel=\"noreferrer noopener\">DOWNLOAD PDF<\/a><\/div>\n<\/div>\n\n\n\n<div style=\"height:1rem\" aria-hidden=\"true\" class=\"wp-block-spacer\"><\/div>\n<\/div><\/div>\n<\/div>\n\n\n\n<div class=\"wp-block-column is-layout-flow wp-block-column-is-layout-flow\"><\/div>\n<\/div>\n\n\n\n<div style=\"height:50px\" aria-hidden=\"true\" class=\"wp-block-spacer\"><\/div>\n\n\n<div class=\"ub-uvigo-box\" id=\"ub-uvigo-box-fd88be55-9197-4b6c-9d2e-161ef31fb4b2\">\n\n\n<p class=\"has-text-align-center\" style=\"font-size:24px\">If you are interested in participating in the Venture Lab, please contact us:<\/p>\n\n\n\n<div style=\"height:20px\" aria-hidden=\"true\" class=\"wp-block-spacer\"><\/div>\n\n\n\n<div class=\"wp-block-columns is-layout-flex wp-container-core-columns-is-layout-9d6595d7 wp-block-columns-is-layout-flex\">\n<div class=\"wp-block-column is-layout-flow wp-block-column-is-layout-flow\">\n<div class=\"wp-block-buttons is-content-justification-center is-layout-flex wp-container-core-buttons-is-layout-16018d1d wp-block-buttons-is-layout-flex\">\n<div class=\"wp-block-button\"><a class=\"wp-block-button__link wp-element-button\" href=\"https:\/\/campusauga.uvigo.es\/en\/transfer\/venture-lab\/venture-lab-students-contact\/\">I am a student<\/a><\/div>\n<\/div>\n<\/div>\n\n\n\n<div class=\"wp-block-column is-layout-flow wp-block-column-is-layout-flow\">\n<div class=\"wp-block-buttons is-content-justification-center is-layout-flex wp-container-core-buttons-is-layout-16018d1d wp-block-buttons-is-layout-flex\">\n<div class=\"wp-block-button\"><a class=\"wp-block-button__link wp-element-button\" href=\"https:\/\/campusauga.uvigo.es\/en\/transfer\/venture-lab\/contacto-venture-lab-empresas\/\">I am from a company<\/a><\/div>\n<\/div>\n<\/div>\n\n\n\n<div class=\"wp-block-column is-layout-flow wp-block-column-is-layout-flow\">\n<div class=\"wp-block-buttons is-content-justification-center is-layout-flex wp-container-core-buttons-is-layout-16018d1d wp-block-buttons-is-layout-flex\">\n<div class=\"wp-block-button\"><a class=\"wp-block-button__link wp-element-button\" href=\"https:\/\/campusauga.uvigo.es\/en\/transfer\/venture-lab\/contacto-venture-lab-profesorado\/\">I am a teacher<\/a><\/div>\n<\/div>\n<\/div>\n<\/div>\n\n\n<\/div>\n\n\n<p><\/p>\n","protected":false},"excerpt":{"rendered":"<p>The Campus Auga Venture Lab is an initiative that arises between the campus itself and the Faculty of Business Sciences and Tourism under the collaboration &hellip; <a class=\"excerpt_more\" href=\"https:\/\/campusauga.uvigo.es\/en\/transfer\/venture-lab\/\">Continued<\/a><\/p>\n","protected":false},"author":2,"featured_media":2092,"parent":2181,"menu_order":0,"comment_status":"closed","ping_status":"closed","template":"","meta":{"_acf_changed":false,"ub_ctt_via":"","footnotes":""},"class_list":["post-4570","page","type-page","status-publish","has-post-thumbnail","hentry"],"acf":[],"featured_image_src":"https:\/\/campusauga.uvigo.es\/wp-content\/uploads\/2022\/06\/OutraPonte.jpg","yoast_head":"<!-- This site is optimized with the Yoast SEO plugin v27.6 - https:\/\/yoast.com\/product\/yoast-seo-wordpress\/ -->\n<title>Venture Lab | Campus Auga<\/title>\n<meta name=\"robots\" content=\"index, follow, max-snippet:-1, max-image-preview:large, max-video-preview:-1\" \/>\n<link rel=\"canonical\" href=\"https:\/\/campusauga.uvigo.es\/en\/transfer\/venture-lab\/\" \/>\n<meta property=\"og:locale\" content=\"en_US\" \/>\n<meta property=\"og:type\" content=\"article\" \/>\n<meta property=\"og:title\" content=\"Venture Lab | Campus Auga\" \/>\n<meta property=\"og:description\" content=\"The Campus Auga Venture Lab is an initiative that arises between the campus itself and the Faculty of Business Sciences and Tourism under the collaboration &hellip; Continued\" \/>\n<meta property=\"og:url\" content=\"https:\/\/campusauga.uvigo.es\/en\/transfer\/venture-lab\/\" \/>\n<meta property=\"og:site_name\" content=\"Campus Auga\" \/>\n<meta property=\"article:modified_time\" content=\"2025-03-05T15:39:22+00:00\" \/>\n<meta property=\"og:image\" content=\"https:\/\/campusauga.uvigo.es\/wp-content\/uploads\/2022\/06\/OutraPonte.jpg\" \/>\n\t<meta property=\"og:image:width\" content=\"1920\" \/>\n\t<meta property=\"og:image:height\" content=\"400\" \/>\n\t<meta property=\"og:image:type\" content=\"image\/jpeg\" \/>\n<meta name=\"twitter:card\" content=\"summary_large_image\" \/>\n<meta name=\"twitter:label1\" content=\"Est. reading time\" \/>\n\t<meta name=\"twitter:data1\" content=\"1 minute\" \/>\n<script type=\"application\/ld+json\" class=\"yoast-schema-graph\">{\"@context\":\"https:\\\/\\\/schema.org\",\"@graph\":[{\"@type\":\"WebPage\",\"@id\":\"https:\\\/\\\/campusauga.uvigo.es\\\/en\\\/transfer\\\/venture-lab\\\/\",\"url\":\"https:\\\/\\\/campusauga.uvigo.es\\\/en\\\/transfer\\\/venture-lab\\\/\",\"name\":\"Venture Lab | Campus Auga\",\"isPartOf\":{\"@id\":\"https:\\\/\\\/campusauga.uvigo.es\\\/en\\\/#website\"},\"primaryImageOfPage\":{\"@id\":\"https:\\\/\\\/campusauga.uvigo.es\\\/en\\\/transfer\\\/venture-lab\\\/#primaryimage\"},\"image\":{\"@id\":\"https:\\\/\\\/campusauga.uvigo.es\\\/en\\\/transfer\\\/venture-lab\\\/#primaryimage\"},\"thumbnailUrl\":\"https:\\\/\\\/campusauga.uvigo.es\\\/wp-content\\\/uploads\\\/2022\\\/06\\\/OutraPonte.jpg\",\"datePublished\":\"2025-03-03T11:20:50+00:00\",\"dateModified\":\"2025-03-05T15:39:22+00:00\",\"breadcrumb\":{\"@id\":\"https:\\\/\\\/campusauga.uvigo.es\\\/en\\\/transfer\\\/venture-lab\\\/#breadcrumb\"},\"inLanguage\":\"en-US\",\"potentialAction\":[{\"@type\":\"ReadAction\",\"target\":[\"https:\\\/\\\/campusauga.uvigo.es\\\/en\\\/transfer\\\/venture-lab\\\/\"]}]},{\"@type\":\"ImageObject\",\"inLanguage\":\"en-US\",\"@id\":\"https:\\\/\\\/campusauga.uvigo.es\\\/en\\\/transfer\\\/venture-lab\\\/#primaryimage\",\"url\":\"https:\\\/\\\/campusauga.uvigo.es\\\/wp-content\\\/uploads\\\/2022\\\/06\\\/OutraPonte.jpg\",\"contentUrl\":\"https:\\\/\\\/campusauga.uvigo.es\\\/wp-content\\\/uploads\\\/2022\\\/06\\\/OutraPonte.jpg\",\"width\":1920,\"height\":400},{\"@type\":\"BreadcrumbList\",\"@id\":\"https:\\\/\\\/campusauga.uvigo.es\\\/en\\\/transfer\\\/venture-lab\\\/#breadcrumb\",\"itemListElement\":[{\"@type\":\"ListItem\",\"position\":1,\"name\":\"Portada\",\"item\":\"https:\\\/\\\/campusauga.uvigo.es\\\/en\\\/\"},{\"@type\":\"ListItem\",\"position\":2,\"name\":\"Transfer\",\"item\":\"https:\\\/\\\/campusauga.uvigo.es\\\/en\\\/transfer\\\/\"},{\"@type\":\"ListItem\",\"position\":3,\"name\":\"Venture Lab\"}]},{\"@type\":\"WebSite\",\"@id\":\"https:\\\/\\\/campusauga.uvigo.es\\\/en\\\/#website\",\"url\":\"https:\\\/\\\/campusauga.uvigo.es\\\/en\\\/\",\"name\":\"Campus Auga\",\"description\":\"\",\"publisher\":{\"@id\":\"https:\\\/\\\/campusauga.uvigo.es\\\/en\\\/#organization\"},\"potentialAction\":[{\"@type\":\"SearchAction\",\"target\":{\"@type\":\"EntryPoint\",\"urlTemplate\":\"https:\\\/\\\/campusauga.uvigo.es\\\/en\\\/?s={search_term_string}\"},\"query-input\":{\"@type\":\"PropertyValueSpecification\",\"valueRequired\":true,\"valueName\":\"search_term_string\"}}],\"inLanguage\":\"en-US\"},{\"@type\":\"Organization\",\"@id\":\"https:\\\/\\\/campusauga.uvigo.es\\\/en\\\/#organization\",\"name\":\"Campus Auga\",\"url\":\"https:\\\/\\\/campusauga.uvigo.es\\\/en\\\/\",\"logo\":{\"@type\":\"ImageObject\",\"inLanguage\":\"en-US\",\"@id\":\"https:\\\/\\\/campusauga.uvigo.es\\\/en\\\/#\\\/schema\\\/logo\\\/image\\\/\",\"url\":\"https:\\\/\\\/campusauga.uvigo.es\\\/wp-content\\\/uploads\\\/2022\\\/05\\\/logo-campus-auga.png\",\"contentUrl\":\"https:\\\/\\\/campusauga.uvigo.es\\\/wp-content\\\/uploads\\\/2022\\\/05\\\/logo-campus-auga.png\",\"width\":628,\"height\":100,\"caption\":\"Campus Auga\"},\"image\":{\"@id\":\"https:\\\/\\\/campusauga.uvigo.es\\\/en\\\/#\\\/schema\\\/logo\\\/image\\\/\"}}]}<\/script>\n<!-- \/ Yoast SEO plugin. -->","yoast_head_json":{"title":"Venture Lab | Campus Auga","robots":{"index":"index","follow":"follow","max-snippet":"max-snippet:-1","max-image-preview":"max-image-preview:large","max-video-preview":"max-video-preview:-1"},"canonical":"https:\/\/campusauga.uvigo.es\/en\/transfer\/venture-lab\/","og_locale":"en_US","og_type":"article","og_title":"Venture Lab | Campus Auga","og_description":"The Campus Auga Venture Lab is an initiative that arises between the campus itself and the Faculty of Business Sciences and Tourism under the collaboration &hellip; Continued","og_url":"https:\/\/campusauga.uvigo.es\/en\/transfer\/venture-lab\/","og_site_name":"Campus Auga","article_modified_time":"2025-03-05T15:39:22+00:00","og_image":[{"width":1920,"height":400,"url":"https:\/\/campusauga.uvigo.es\/wp-content\/uploads\/2022\/06\/OutraPonte.jpg","type":"image\/jpeg"}],"twitter_card":"summary_large_image","twitter_misc":{"Est. reading time":"1 minute"},"schema":{"@context":"https:\/\/schema.org","@graph":[{"@type":"WebPage","@id":"https:\/\/campusauga.uvigo.es\/en\/transfer\/venture-lab\/","url":"https:\/\/campusauga.uvigo.es\/en\/transfer\/venture-lab\/","name":"Venture Lab | Campus Auga","isPartOf":{"@id":"https:\/\/campusauga.uvigo.es\/en\/#website"},"primaryImageOfPage":{"@id":"https:\/\/campusauga.uvigo.es\/en\/transfer\/venture-lab\/#primaryimage"},"image":{"@id":"https:\/\/campusauga.uvigo.es\/en\/transfer\/venture-lab\/#primaryimage"},"thumbnailUrl":"https:\/\/campusauga.uvigo.es\/wp-content\/uploads\/2022\/06\/OutraPonte.jpg","datePublished":"2025-03-03T11:20:50+00:00","dateModified":"2025-03-05T15:39:22+00:00","breadcrumb":{"@id":"https:\/\/campusauga.uvigo.es\/en\/transfer\/venture-lab\/#breadcrumb"},"inLanguage":"en-US","potentialAction":[{"@type":"ReadAction","target":["https:\/\/campusauga.uvigo.es\/en\/transfer\/venture-lab\/"]}]},{"@type":"ImageObject","inLanguage":"en-US","@id":"https:\/\/campusauga.uvigo.es\/en\/transfer\/venture-lab\/#primaryimage","url":"https:\/\/campusauga.uvigo.es\/wp-content\/uploads\/2022\/06\/OutraPonte.jpg","contentUrl":"https:\/\/campusauga.uvigo.es\/wp-content\/uploads\/2022\/06\/OutraPonte.jpg","width":1920,"height":400},{"@type":"BreadcrumbList","@id":"https:\/\/campusauga.uvigo.es\/en\/transfer\/venture-lab\/#breadcrumb","itemListElement":[{"@type":"ListItem","position":1,"name":"Portada","item":"https:\/\/campusauga.uvigo.es\/en\/"},{"@type":"ListItem","position":2,"name":"Transfer","item":"https:\/\/campusauga.uvigo.es\/en\/transfer\/"},{"@type":"ListItem","position":3,"name":"Venture Lab"}]},{"@type":"WebSite","@id":"https:\/\/campusauga.uvigo.es\/en\/#website","url":"https:\/\/campusauga.uvigo.es\/en\/","name":"Campus Auga","description":"","publisher":{"@id":"https:\/\/campusauga.uvigo.es\/en\/#organization"},"potentialAction":[{"@type":"SearchAction","target":{"@type":"EntryPoint","urlTemplate":"https:\/\/campusauga.uvigo.es\/en\/?s={search_term_string}"},"query-input":{"@type":"PropertyValueSpecification","valueRequired":true,"valueName":"search_term_string"}}],"inLanguage":"en-US"},{"@type":"Organization","@id":"https:\/\/campusauga.uvigo.es\/en\/#organization","name":"Campus Auga","url":"https:\/\/campusauga.uvigo.es\/en\/","logo":{"@type":"ImageObject","inLanguage":"en-US","@id":"https:\/\/campusauga.uvigo.es\/en\/#\/schema\/logo\/image\/","url":"https:\/\/campusauga.uvigo.es\/wp-content\/uploads\/2022\/05\/logo-campus-auga.png","contentUrl":"https:\/\/campusauga.uvigo.es\/wp-content\/uploads\/2022\/05\/logo-campus-auga.png","width":628,"height":100,"caption":"Campus Auga"},"image":{"@id":"https:\/\/campusauga.uvigo.es\/en\/#\/schema\/logo\/image\/"}}]}},"_links":{"self":[{"href":"https:\/\/campusauga.uvigo.es\/en\/wp-json\/wp\/v2\/pages\/4570","targetHints":{"allow":["GET"]}}],"collection":[{"href":"https:\/\/campusauga.uvigo.es\/en\/wp-json\/wp\/v2\/pages"}],"about":[{"href":"https:\/\/campusauga.uvigo.es\/en\/wp-json\/wp\/v2\/types\/page"}],"author":[{"embeddable":true,"href":"https:\/\/campusauga.uvigo.es\/en\/wp-json\/wp\/v2\/users\/2"}],"replies":[{"embeddable":true,"href":"https:\/\/campusauga.uvigo.es\/en\/wp-json\/wp\/v2\/comments?post=4570"}],"version-history":[{"count":5,"href":"https:\/\/campusauga.uvigo.es\/en\/wp-json\/wp\/v2\/pages\/4570\/revisions"}],"predecessor-version":[{"id":4691,"href":"https:\/\/campusauga.uvigo.es\/en\/wp-json\/wp\/v2\/pages\/4570\/revisions\/4691"}],"up":[{"embeddable":true,"href":"https:\/\/campusauga.uvigo.es\/en\/wp-json\/wp\/v2\/pages\/2181"}],"wp:featuredmedia":[{"embeddable":true,"href":"https:\/\/campusauga.uvigo.es\/en\/wp-json\/wp\/v2\/media\/2092"}],"wp:attachment":[{"href":"https:\/\/campusauga.uvigo.es\/en\/wp-json\/wp\/v2\/media?parent=4570"}],"curies":[{"name":"wp","href":"https:\/\/api.w.org\/{rel}","templated":true}]}}