{"id":6934,"date":"2026-03-11T19:04:50","date_gmt":"2026-03-11T18:04:50","guid":{"rendered":"https:\/\/campusauga.uvigo.es\/xornadas-sobre-termalismo\/"},"modified":"2026-03-12T11:26:45","modified_gmt":"2026-03-12T10:26:45","slug":"xornadas-sobre-termalismo","status":"publish","type":"page","link":"https:\/\/campusauga.uvigo.es\/en\/xornadas-sobre-termalismo\/","title":{"rendered":"Conference on Thermalism: water, health, and knowledge"},"content":{"rendered":"\n<div class=\"wp-block-columns is-layout-flex wp-container-core-columns-is-layout-9d6595d7 wp-block-columns-is-layout-flex\">\n<div class=\"wp-block-column is-layout-flow wp-block-column-is-layout-flow\" style=\"flex-basis:66.66%\">\n<p>With the aim of &#8220;promoting therapeutic thermalism that can be perfectly combined with the recreational aspects of tourism,&#8221; the Ourense School of Nursing organized the 1st <em>Conference on Thermalism: water, health, and knowledge<\/em> at the Marcos Valc\u00e1rcel Cultural Center in the city of Ourense. These conferences are aimed at health professionals and the general public.<\/p>\n\n\n\n<p>The opening ceremony was attended by the director of the School, Mar\u00eda Milagros Fern\u00e1ndez Varela, the Vice-Rector of the Ourense Campus, Francisco Javier Rodr\u00edguez Rajo, and the president of the Official College of Nursing of Ourense, Mar\u00eda Jos\u00e9 Menor Rodr\u00edguez.<\/p>\n\n\n\n<ol class=\"list-peak\">\n<li><a href=\"https:\/\/campusauga.uvigo.es\/wp-content\/uploads\/2026\/03\/xornada_termalismo.pdf\">Download the program for the 1st Conference<\/a><\/li>\n<li><a href=\"https:\/\/campusauga.uvigo.es\/wp-content\/uploads\/2026\/03\/IXornadas-Termalismo_9.pdf\">Download the book of proceedings of the 1st Conference<\/a><\/li>\n<\/ol>\n<\/div>\n\n\n\n<div class=\"wp-block-column is-layout-flow wp-block-column-is-layout-flow\" style=\"flex-basis:33.33%\"><div class=\"ub-uvigo-box\" id=\"ub-uvigo-box-a7e65ba0-b5ed-49e2-ae56-4675503e26fd\">\n\n\n<figure class=\"wp-block-image size-large\"><a href=\"https:\/\/campusauga.uvigo.es\/wp-content\/uploads\/2026\/03\/IXornadas-Termalismo_9.pdf\"><img loading=\"lazy\" decoding=\"async\" width=\"725\" height=\"1024\" src=\"https:\/\/campusauga.uvigo.es\/wp-content\/uploads\/2026\/03\/Actas_I_Xornadas-Termalismo-725x1024.jpg\" alt=\"\" class=\"wp-image-6920\" srcset=\"https:\/\/campusauga.uvigo.es\/wp-content\/uploads\/2026\/03\/Actas_I_Xornadas-Termalismo-725x1024.jpg 725w, https:\/\/campusauga.uvigo.es\/wp-content\/uploads\/2026\/03\/Actas_I_Xornadas-Termalismo-213x300.jpg 213w, https:\/\/campusauga.uvigo.es\/wp-content\/uploads\/2026\/03\/Actas_I_Xornadas-Termalismo-768x1084.jpg 768w, https:\/\/campusauga.uvigo.es\/wp-content\/uploads\/2026\/03\/Actas_I_Xornadas-Termalismo.jpg 850w\" sizes=\"auto, (max-width: 725px) 100vw, 725px\" \/><\/a><\/figure>\n\n\n\n<p class=\"has-small-font-size\">Click on the image to download the book of proceedings of the first conference [PDF, 42MB]<\/p>\n\n\n<\/div><\/div>\n<\/div>\n","protected":false},"excerpt":{"rendered":"<p>With the aim of &#8220;promoting therapeutic thermalism that can be perfectly combined with the recreational aspects of tourism,&#8221; the Ourense School of Nursing organized the &hellip; <a class=\"excerpt_more\" href=\"https:\/\/campusauga.uvigo.es\/en\/xornadas-sobre-termalismo\/\">Continued<\/a><\/p>\n","protected":false},"author":2,"featured_media":6951,"parent":0,"menu_order":0,"comment_status":"closed","ping_status":"closed","template":"","meta":{"_acf_changed":false,"ub_ctt_via":"","footnotes":""},"class_list":["post-6934","page","type-page","status-publish","has-post-thumbnail","hentry"],"acf":[],"featured_image_src":"https:\/\/campusauga.uvigo.es\/wp-content\/uploads\/2026\/03\/PaxinaXornadasSobreTermalismo.jpg","yoast_head":"<!-- This site is optimized with the Yoast SEO plugin v27.6 - https:\/\/yoast.com\/product\/yoast-seo-wordpress\/ -->\n<title>Conference on Thermalism: water, health, and knowledge | Campus Auga<\/title>\n<meta name=\"robots\" content=\"index, follow, max-snippet:-1, max-image-preview:large, max-video-preview:-1\" \/>\n<link rel=\"canonical\" href=\"https:\/\/campusauga.uvigo.es\/en\/xornadas-sobre-termalismo\/\" \/>\n<meta property=\"og:locale\" content=\"en_US\" \/>\n<meta property=\"og:type\" content=\"article\" \/>\n<meta property=\"og:title\" content=\"Conference on Thermalism: water, health, and knowledge | Campus Auga\" \/>\n<meta property=\"og:description\" content=\"With the aim of &#8220;promoting therapeutic thermalism that can be perfectly combined with the recreational aspects of tourism,&#8221; the Ourense School of Nursing organized the &hellip; Continued\" \/>\n<meta property=\"og:url\" content=\"https:\/\/campusauga.uvigo.es\/en\/xornadas-sobre-termalismo\/\" \/>\n<meta property=\"og:site_name\" content=\"Campus Auga\" \/>\n<meta property=\"article:modified_time\" content=\"2026-03-12T10:26:45+00:00\" \/>\n<meta property=\"og:image\" content=\"https:\/\/campusauga.ideit.dev\/wp-content\/uploads\/2026\/03\/PaxinaXornadasSobreTermalismo.jpg\" \/>\n\t<meta property=\"og:image:width\" content=\"1920\" \/>\n\t<meta property=\"og:image:height\" content=\"400\" \/>\n\t<meta property=\"og:image:type\" content=\"image\/jpeg\" \/>\n<meta name=\"twitter:card\" content=\"summary_large_image\" \/>\n<meta name=\"twitter:label1\" content=\"Est. reading time\" \/>\n\t<meta name=\"twitter:data1\" content=\"1 minute\" \/>\n<script type=\"application\/ld+json\" class=\"yoast-schema-graph\">{\"@context\":\"https:\\\/\\\/schema.org\",\"@graph\":[{\"@type\":\"WebPage\",\"@id\":\"https:\\\/\\\/campusauga.uvigo.es\\\/en\\\/xornadas-sobre-termalismo\\\/\",\"url\":\"https:\\\/\\\/campusauga.uvigo.es\\\/en\\\/xornadas-sobre-termalismo\\\/\",\"name\":\"Conference on Thermalism: water, health, and knowledge | Campus Auga\",\"isPartOf\":{\"@id\":\"https:\\\/\\\/campusauga.uvigo.es\\\/en\\\/#website\"},\"primaryImageOfPage\":{\"@id\":\"https:\\\/\\\/campusauga.uvigo.es\\\/en\\\/xornadas-sobre-termalismo\\\/#primaryimage\"},\"image\":{\"@id\":\"https:\\\/\\\/campusauga.uvigo.es\\\/en\\\/xornadas-sobre-termalismo\\\/#primaryimage\"},\"thumbnailUrl\":\"https:\\\/\\\/campusauga.uvigo.es\\\/wp-content\\\/uploads\\\/2026\\\/03\\\/PaxinaXornadasSobreTermalismo.jpg\",\"datePublished\":\"2026-03-11T18:04:50+00:00\",\"dateModified\":\"2026-03-12T10:26:45+00:00\",\"breadcrumb\":{\"@id\":\"https:\\\/\\\/campusauga.uvigo.es\\\/en\\\/xornadas-sobre-termalismo\\\/#breadcrumb\"},\"inLanguage\":\"en-US\",\"potentialAction\":[{\"@type\":\"ReadAction\",\"target\":[\"https:\\\/\\\/campusauga.uvigo.es\\\/en\\\/xornadas-sobre-termalismo\\\/\"]}]},{\"@type\":\"ImageObject\",\"inLanguage\":\"en-US\",\"@id\":\"https:\\\/\\\/campusauga.uvigo.es\\\/en\\\/xornadas-sobre-termalismo\\\/#primaryimage\",\"url\":\"https:\\\/\\\/campusauga.uvigo.es\\\/wp-content\\\/uploads\\\/2026\\\/03\\\/PaxinaXornadasSobreTermalismo.jpg\",\"contentUrl\":\"https:\\\/\\\/campusauga.uvigo.es\\\/wp-content\\\/uploads\\\/2026\\\/03\\\/PaxinaXornadasSobreTermalismo.jpg\",\"width\":1920,\"height\":400},{\"@type\":\"BreadcrumbList\",\"@id\":\"https:\\\/\\\/campusauga.uvigo.es\\\/en\\\/xornadas-sobre-termalismo\\\/#breadcrumb\",\"itemListElement\":[{\"@type\":\"ListItem\",\"position\":1,\"name\":\"Portada\",\"item\":\"https:\\\/\\\/campusauga.uvigo.es\\\/en\\\/\"},{\"@type\":\"ListItem\",\"position\":2,\"name\":\"Conference on Thermalism: water, health, and knowledge\"}]},{\"@type\":\"WebSite\",\"@id\":\"https:\\\/\\\/campusauga.uvigo.es\\\/en\\\/#website\",\"url\":\"https:\\\/\\\/campusauga.uvigo.es\\\/en\\\/\",\"name\":\"Campus Auga\",\"description\":\"\",\"publisher\":{\"@id\":\"https:\\\/\\\/campusauga.uvigo.es\\\/en\\\/#organization\"},\"potentialAction\":[{\"@type\":\"SearchAction\",\"target\":{\"@type\":\"EntryPoint\",\"urlTemplate\":\"https:\\\/\\\/campusauga.uvigo.es\\\/en\\\/?s={search_term_string}\"},\"query-input\":{\"@type\":\"PropertyValueSpecification\",\"valueRequired\":true,\"valueName\":\"search_term_string\"}}],\"inLanguage\":\"en-US\"},{\"@type\":\"Organization\",\"@id\":\"https:\\\/\\\/campusauga.uvigo.es\\\/en\\\/#organization\",\"name\":\"Campus Auga\",\"url\":\"https:\\\/\\\/campusauga.uvigo.es\\\/en\\\/\",\"logo\":{\"@type\":\"ImageObject\",\"inLanguage\":\"en-US\",\"@id\":\"https:\\\/\\\/campusauga.uvigo.es\\\/en\\\/#\\\/schema\\\/logo\\\/image\\\/\",\"url\":\"https:\\\/\\\/campusauga.uvigo.es\\\/wp-content\\\/uploads\\\/2022\\\/05\\\/logo-campus-auga.png\",\"contentUrl\":\"https:\\\/\\\/campusauga.uvigo.es\\\/wp-content\\\/uploads\\\/2022\\\/05\\\/logo-campus-auga.png\",\"width\":628,\"height\":100,\"caption\":\"Campus Auga\"},\"image\":{\"@id\":\"https:\\\/\\\/campusauga.uvigo.es\\\/en\\\/#\\\/schema\\\/logo\\\/image\\\/\"}}]}<\/script>\n<!-- \/ Yoast SEO plugin. -->","yoast_head_json":{"title":"Conference on Thermalism: water, health, and knowledge | Campus Auga","robots":{"index":"index","follow":"follow","max-snippet":"max-snippet:-1","max-image-preview":"max-image-preview:large","max-video-preview":"max-video-preview:-1"},"canonical":"https:\/\/campusauga.uvigo.es\/en\/xornadas-sobre-termalismo\/","og_locale":"en_US","og_type":"article","og_title":"Conference on Thermalism: water, health, and knowledge | Campus Auga","og_description":"With the aim of &#8220;promoting therapeutic thermalism that can be perfectly combined with the recreational aspects of tourism,&#8221; the Ourense School of Nursing organized the &hellip; Continued","og_url":"https:\/\/campusauga.uvigo.es\/en\/xornadas-sobre-termalismo\/","og_site_name":"Campus Auga","article_modified_time":"2026-03-12T10:26:45+00:00","og_image":[{"width":1920,"height":400,"url":"https:\/\/campusauga.ideit.dev\/wp-content\/uploads\/2026\/03\/PaxinaXornadasSobreTermalismo.jpg","type":"image\/jpeg"}],"twitter_card":"summary_large_image","twitter_misc":{"Est. reading time":"1 minute"},"schema":{"@context":"https:\/\/schema.org","@graph":[{"@type":"WebPage","@id":"https:\/\/campusauga.uvigo.es\/en\/xornadas-sobre-termalismo\/","url":"https:\/\/campusauga.uvigo.es\/en\/xornadas-sobre-termalismo\/","name":"Conference on Thermalism: water, health, and knowledge | Campus Auga","isPartOf":{"@id":"https:\/\/campusauga.uvigo.es\/en\/#website"},"primaryImageOfPage":{"@id":"https:\/\/campusauga.uvigo.es\/en\/xornadas-sobre-termalismo\/#primaryimage"},"image":{"@id":"https:\/\/campusauga.uvigo.es\/en\/xornadas-sobre-termalismo\/#primaryimage"},"thumbnailUrl":"https:\/\/campusauga.uvigo.es\/wp-content\/uploads\/2026\/03\/PaxinaXornadasSobreTermalismo.jpg","datePublished":"2026-03-11T18:04:50+00:00","dateModified":"2026-03-12T10:26:45+00:00","breadcrumb":{"@id":"https:\/\/campusauga.uvigo.es\/en\/xornadas-sobre-termalismo\/#breadcrumb"},"inLanguage":"en-US","potentialAction":[{"@type":"ReadAction","target":["https:\/\/campusauga.uvigo.es\/en\/xornadas-sobre-termalismo\/"]}]},{"@type":"ImageObject","inLanguage":"en-US","@id":"https:\/\/campusauga.uvigo.es\/en\/xornadas-sobre-termalismo\/#primaryimage","url":"https:\/\/campusauga.uvigo.es\/wp-content\/uploads\/2026\/03\/PaxinaXornadasSobreTermalismo.jpg","contentUrl":"https:\/\/campusauga.uvigo.es\/wp-content\/uploads\/2026\/03\/PaxinaXornadasSobreTermalismo.jpg","width":1920,"height":400},{"@type":"BreadcrumbList","@id":"https:\/\/campusauga.uvigo.es\/en\/xornadas-sobre-termalismo\/#breadcrumb","itemListElement":[{"@type":"ListItem","position":1,"name":"Portada","item":"https:\/\/campusauga.uvigo.es\/en\/"},{"@type":"ListItem","position":2,"name":"Conference on Thermalism: water, health, and knowledge"}]},{"@type":"WebSite","@id":"https:\/\/campusauga.uvigo.es\/en\/#website","url":"https:\/\/campusauga.uvigo.es\/en\/","name":"Campus Auga","description":"","publisher":{"@id":"https:\/\/campusauga.uvigo.es\/en\/#organization"},"potentialAction":[{"@type":"SearchAction","target":{"@type":"EntryPoint","urlTemplate":"https:\/\/campusauga.uvigo.es\/en\/?s={search_term_string}"},"query-input":{"@type":"PropertyValueSpecification","valueRequired":true,"valueName":"search_term_string"}}],"inLanguage":"en-US"},{"@type":"Organization","@id":"https:\/\/campusauga.uvigo.es\/en\/#organization","name":"Campus Auga","url":"https:\/\/campusauga.uvigo.es\/en\/","logo":{"@type":"ImageObject","inLanguage":"en-US","@id":"https:\/\/campusauga.uvigo.es\/en\/#\/schema\/logo\/image\/","url":"https:\/\/campusauga.uvigo.es\/wp-content\/uploads\/2022\/05\/logo-campus-auga.png","contentUrl":"https:\/\/campusauga.uvigo.es\/wp-content\/uploads\/2022\/05\/logo-campus-auga.png","width":628,"height":100,"caption":"Campus Auga"},"image":{"@id":"https:\/\/campusauga.uvigo.es\/en\/#\/schema\/logo\/image\/"}}]}},"_links":{"self":[{"href":"https:\/\/campusauga.uvigo.es\/en\/wp-json\/wp\/v2\/pages\/6934","targetHints":{"allow":["GET"]}}],"collection":[{"href":"https:\/\/campusauga.uvigo.es\/en\/wp-json\/wp\/v2\/pages"}],"about":[{"href":"https:\/\/campusauga.uvigo.es\/en\/wp-json\/wp\/v2\/types\/page"}],"author":[{"embeddable":true,"href":"https:\/\/campusauga.uvigo.es\/en\/wp-json\/wp\/v2\/users\/2"}],"replies":[{"embeddable":true,"href":"https:\/\/campusauga.uvigo.es\/en\/wp-json\/wp\/v2\/comments?post=6934"}],"version-history":[{"count":3,"href":"https:\/\/campusauga.uvigo.es\/en\/wp-json\/wp\/v2\/pages\/6934\/revisions"}],"predecessor-version":[{"id":6940,"href":"https:\/\/campusauga.uvigo.es\/en\/wp-json\/wp\/v2\/pages\/6934\/revisions\/6940"}],"wp:featuredmedia":[{"embeddable":true,"href":"https:\/\/campusauga.uvigo.es\/en\/wp-json\/wp\/v2\/media\/6951"}],"wp:attachment":[{"href":"https:\/\/campusauga.uvigo.es\/en\/wp-json\/wp\/v2\/media?parent=6934"}],"curies":[{"name":"wp","href":"https:\/\/api.w.org\/{rel}","templated":true}]}}