{"id":1682,"date":"2022-05-23T10:00:54","date_gmt":"2022-05-23T08:00:54","guid":{"rendered":"https:\/\/campusauga.uvigo.es\/areas-de-especializacion\/"},"modified":"2026-04-10T12:33:25","modified_gmt":"2026-04-10T10:33:25","slug":"areas-de-especializacion","status":"publish","type":"page","link":"https:\/\/campusauga.uvigo.es\/es\/areas-de-especializacion\/","title":{"rendered":"L\u00edneas de especializaci\u00f3n"},"content":{"rendered":"\n<p class=\"is-style-excerpt\">Como competencias distintivas de su dominio de conocimiento, el Campus Auga se focaliza en 3 l\u00edneas de especializaci\u00f3n: Alimentaci\u00f3n funcional, Agricultura y Medioambiente, y Gesti\u00f3n del Agua Termal. Estas l\u00edneas se sustentan en diversas \u00e1reas tem\u00e1ticas que a su vez se organizan en l\u00edneas prioritarias.<\/p>\n\n\n\n<div style=\"height:25px\" aria-hidden=\"true\" class=\"wp-block-spacer\"><\/div>\n\n\n<hr class=\"ub_divider\" id=\"ub_divider_07e3d893-294c-405a-bd3b-d95d7048672e\"><\/hr>\n\n\n<div class=\"wp-block-columns is-layout-flex wp-container-core-columns-is-layout-9d6595d7 wp-block-columns-is-layout-flex\">\n<div class=\"wp-block-column is-layout-flow wp-block-column-is-layout-flow\" style=\"flex-basis:15%\">\n<figure class=\"wp-block-image size-full\"><img loading=\"lazy\" decoding=\"async\" width=\"600\" height=\"600\" src=\"\/wp-content\/uploads\/2022\/05\/LinhaAlimentacion.jpg\" alt=\"\" class=\"wp-image-571\" srcset=\"https:\/\/campusauga.uvigo.es\/wp-content\/uploads\/2022\/05\/LinhaAlimentacion.jpg 600w, https:\/\/campusauga.uvigo.es\/wp-content\/uploads\/2022\/05\/LinhaAlimentacion-300x300.jpg 300w, https:\/\/campusauga.uvigo.es\/wp-content\/uploads\/2022\/05\/LinhaAlimentacion-150x150.jpg 150w, https:\/\/campusauga.uvigo.es\/wp-content\/uploads\/2022\/05\/LinhaAlimentacion-400x400.jpg 400w\" sizes=\"auto, (max-width: 600px) 100vw, 600px\" \/><\/figure>\n<\/div>\n\n\n\n<div class=\"wp-block-column is-layout-flow wp-block-column-is-layout-flow\" style=\"flex-basis:65%\">\n<h2 class=\"wp-block-heading has-text-color\" style=\"color:#de6f10\">Alimentaci\u00f3n Funcional<\/h2>\n\n\n\n<p>Conocimiento especializado en la <strong>generaci\u00f3n y promoci\u00f3n de alimentos y productos alimentarios de alto valor a\u00f1adido<\/strong>, funcionales, seguros y de calidad diferenciada, que contribuye a la mejora de la competitividad e impulso de la innovaci\u00f3n del sector agroalimentario, y que facilita el acceso a una dieta saludable.<\/p>\n\n\n\n<h4 class=\"wp-block-heading\">Tem\u00e1ticas<\/h4>\n\n\n\n<ul class=\"wp-block-list\">\n<li>Alimentaci\u00f3n sostenible, circular y valorizaci\u00f3n de subproductos<\/li>\n\n\n\n<li>Biotecnolog\u00eda alimentaria<\/li>\n\n\n\n<li>Trazabilidad y calidad alimentaria<\/li>\n\n\n\n<li>Dieta y alimentos nutrac\u00e9uticos<\/li>\n<\/ul>\n\n\n\n<div class=\"wp-block-buttons is-layout-flex wp-block-buttons-is-layout-flex\">\n<div class=\"wp-block-button has-custom-font-size has-icon has-icon-peak\" style=\"font-size:14px\"><a class=\"wp-block-button__link has-alimentacion-background-color has-background wp-element-button\" href=\"https:\/\/campusauga.uvigo.es\/es\/lineas-prioritarias-de-alimentacion-funcional\/\" style=\"border-radius:20px\">l\u00cdNEAs PRIORITARIAS<\/a><\/div>\n<\/div>\n<\/div>\n\n\n\n<div class=\"wp-block-column is-vertically-aligned-top is-layout-flow wp-block-column-is-layout-flow\" style=\"flex-basis:20%\">\n<p class=\"has-gray-color has-text-color has-regular-font-size\"><strong><strong>ALINEAMENTO CON ODS<\/strong><\/strong><\/p>\n\n\n\n<p class=\"has-regular-font-size\"><strong>2.<\/strong> Hambre cero<br><strong>3.<\/strong> Salud y bienestar<br><strong>6.<\/strong> Agua limpia y saneamiento<br><strong>8. <\/strong>Trabajo decente y crecimiento econ\u00f3mico<br><strong>9. <\/strong>Industrias, innovaci\u00f3n e infraestructuras<br><strong>12.<\/strong> Producci\u00f3n y consumos responsables<br><strong>13.<\/strong> Acci\u00f3n por el clima<br><strong>15.<\/strong> Vida de ecosistemas terrestres<\/p>\n<\/div>\n<\/div>\n\n\n<hr class=\"ub_divider\" id=\"ub_divider_1d937e98-41ba-4548-9c6f-4b91f969a686\"><\/hr>\n\n\n<div class=\"wp-block-columns is-layout-flex wp-container-core-columns-is-layout-9d6595d7 wp-block-columns-is-layout-flex\">\n<div class=\"wp-block-column is-layout-flow wp-block-column-is-layout-flow\" style=\"flex-basis:15%\">\n<figure class=\"wp-block-image size-full\"><img loading=\"lazy\" decoding=\"async\" width=\"600\" height=\"600\" src=\"\/wp-content\/uploads\/2022\/06\/MedioAmbiente-LinhasCampusAuga.jpg\" alt=\"\" class=\"wp-image-761\" srcset=\"https:\/\/campusauga.uvigo.es\/wp-content\/uploads\/2022\/06\/MedioAmbiente-LinhasCampusAuga.jpg 600w, https:\/\/campusauga.uvigo.es\/wp-content\/uploads\/2022\/06\/MedioAmbiente-LinhasCampusAuga-300x300.jpg 300w, https:\/\/campusauga.uvigo.es\/wp-content\/uploads\/2022\/06\/MedioAmbiente-LinhasCampusAuga-150x150.jpg 150w, https:\/\/campusauga.uvigo.es\/wp-content\/uploads\/2022\/06\/MedioAmbiente-LinhasCampusAuga-400x400.jpg 400w\" sizes=\"auto, (max-width: 600px) 100vw, 600px\" \/><\/figure>\n<\/div>\n\n\n\n<div class=\"wp-block-column is-layout-flow wp-block-column-is-layout-flow\" style=\"flex-basis:65%\">\n<h2 class=\"wp-block-heading has-medioambiente-color has-text-color\">Agricultura y Medioambiente<\/h2>\n\n\n\n<p>Conocimiento especializado para una <strong>agricultura de conservaci\u00f3n, regenerativa y resiliente, que se oriente hacia su tecnificaci\u00f3n o el desarrollo de mejorados sistemas integrados de producci\u00f3n primaria<\/strong> y a la aplicaci\u00f3n de pr\u00e1cticas agr\u00edcolas que aseguren la sostenibilidad de la producci\u00f3n agraria, para contribuir al mantenimiento de los ecosistemas, fortaleciendo su capacidad de adaptaci\u00f3n a los efectos del cambio clim\u00e1tico<\/p>\n\n\n\n<h4 class=\"wp-block-heading\">Tem\u00e1ticas<\/h4>\n\n\n\n<ul class=\"wp-block-list\">\n<li>Funciones del suelo y servicios ecosist\u00e9micos<\/li>\n\n\n\n<li>Agricultura de conservaci\u00f3n, regenerativa y resiliente<\/li>\n\n\n\n<li>Agricultura inteligente<\/li>\n<\/ul>\n\n\n\n<div class=\"wp-block-buttons is-layout-flex wp-block-buttons-is-layout-flex\">\n<div class=\"wp-block-button has-custom-font-size has-icon has-icon-peak\" style=\"font-size:14px\"><a class=\"wp-block-button__link has-success-background-color has-background wp-element-button\" href=\"https:\/\/campusauga.uvigo.es\/es\/lineas-prioritarias-de-agricultura-y-medioambiente\/\" style=\"border-radius:20px\">l\u00edneas PRIORITARIAS<\/a><\/div>\n<\/div>\n<\/div>\n\n\n\n<div class=\"wp-block-column is-vertically-aligned-top is-layout-flow wp-block-column-is-layout-flow\" style=\"flex-basis:20%\">\n<p class=\"has-gray-color has-text-color has-regular-font-size\"><strong><strong><strong>ALINEAMENTO CON ODS<\/strong><\/strong><\/strong><\/p>\n\n\n\n<p class=\"has-regular-font-size\"><strong>3.<\/strong> Salud y bienestar<br><strong>6.<\/strong> Agua limpia y saneamiento<br><strong>8. <\/strong>Trabajo decente y crecimiento econ\u00f3mico<br><strong>9. <\/strong>Industrias, innovaci\u00f3n e infraestructuras<br><strong>11.<\/strong> Ciudades y comunidades sostenibles<br><strong>12.<\/strong> Producci\u00f3n y consumos responsables<br><strong>13.<\/strong> Acci\u00f3n por el clima<br><strong>15.<\/strong> Vida de ecosistemas terrestres<\/p>\n<\/div>\n<\/div>\n\n\n<hr class=\"ub_divider\" id=\"ub_divider_bac8ce79-93f0-4ba7-8ff4-f65f7288f0b5\"><\/hr>\n\n\n<div class=\"wp-block-columns is-layout-flex wp-container-core-columns-is-layout-9d6595d7 wp-block-columns-is-layout-flex\">\n<div class=\"wp-block-column is-layout-flow wp-block-column-is-layout-flow\" style=\"flex-basis:15%\">\n<figure class=\"wp-block-image size-full\"><img loading=\"lazy\" decoding=\"async\" width=\"600\" height=\"600\" src=\"\/wp-content\/uploads\/2022\/06\/XestionAuga-LinhasCampusAuga.jpg\" alt=\"\" class=\"wp-image-759\" srcset=\"https:\/\/campusauga.uvigo.es\/wp-content\/uploads\/2022\/06\/XestionAuga-LinhasCampusAuga.jpg 600w, https:\/\/campusauga.uvigo.es\/wp-content\/uploads\/2022\/06\/XestionAuga-LinhasCampusAuga-300x300.jpg 300w, https:\/\/campusauga.uvigo.es\/wp-content\/uploads\/2022\/06\/XestionAuga-LinhasCampusAuga-150x150.jpg 150w, https:\/\/campusauga.uvigo.es\/wp-content\/uploads\/2022\/06\/XestionAuga-LinhasCampusAuga-400x400.jpg 400w\" sizes=\"auto, (max-width: 600px) 100vw, 600px\" \/><\/figure>\n<\/div>\n\n\n\n<div class=\"wp-block-column is-layout-flow wp-block-column-is-layout-flow\" style=\"flex-basis:65%\">\n<h2 class=\"wp-block-heading has-xestion-da-auga-color has-text-color\">Gesti\u00f3n del Agua Termal<\/h2>\n\n\n\n<p>Conocimiento especializado en la <strong>gesti\u00f3n de recursos h\u00eddricos termales<\/strong>, que desde un enfoque multidisciplinar y atendiendo a la diversidad de perspectivas de los distintos elementos vinculados con el agua termal y mineromedicinal, promueve su gesti\u00f3n coordinada y equitativa, y los usos relacionados tanto directos como indirectos, para maximizar el bienestar social y econ\u00f3mico. Esta gesti\u00f3n integral incluye los aspectos legales, empresariales, tur\u00edsticos y patrimoniales.<\/p>\n\n\n\n<h4 class=\"wp-block-heading\">Tem\u00e1ticas<\/h4>\n\n\n\n<ul class=\"wp-block-list\">\n<li>Gesti\u00f3n de yacimientos de aguas termales<\/li>\n\n\n\n<li>Usos indirectos de las aguas termales<\/li>\n\n\n\n<li>Usos l\u00fadicos de las aguas termales<\/li>\n<\/ul>\n\n\n\n<div class=\"wp-block-buttons is-layout-flex wp-block-buttons-is-layout-flex\">\n<div class=\"wp-block-button has-custom-font-size has-icon has-icon-peak\" style=\"font-size:14px\"><a class=\"wp-block-button__link has-xestion-da-auga-background-color has-background wp-element-button\" href=\"https:\/\/campusauga.uvigo.es\/es\/lineas-prioritarias-de-gestion-del-agua-termal\/\" style=\"border-radius:20px\">l\u00cdNEAs PRIORITARIAS<\/a><\/div>\n<\/div>\n<\/div>\n\n\n\n<div class=\"wp-block-column is-vertically-aligned-top is-layout-flow wp-block-column-is-layout-flow\" style=\"flex-basis:20%\">\n<p class=\"has-gray-color has-text-color has-regular-font-size\"><strong><strong><strong><strong>ALINEAMENTO CON ODS<\/strong><\/strong><\/strong><\/strong><\/p>\n\n\n\n<p class=\"has-regular-font-size\"><strong>3.<\/strong> Salud y bienestar<br><strong>6.<\/strong> Agua limpia y saneamiento<br><strong>8. <\/strong>Trabajo decente y crecimiento econ\u00f3mico<br><strong>9. <\/strong>Industrias, innovaci\u00f3n e infraestructuras<br><strong>11.<\/strong> Ciudades y comunidades sostenibles<br><strong>12.<\/strong> Producci\u00f3n y consumos responsables<br><strong>13.<\/strong> Acci\u00f3n por el clima<\/p>\n<\/div>\n<\/div>\n\n\n\n<div style=\"height:33px\" aria-hidden=\"true\" class=\"wp-block-spacer\"><\/div>\n\n\n\n<hr class=\"wp-block-separator has-alpha-channel-opacity is-style-wide\"\/>\n\n\n\n<div style=\"height:33px\" aria-hidden=\"true\" class=\"wp-block-spacer\"><\/div>\n\n\n\n<h2 class=\"wp-block-heading\" style=\"font-size:50px;font-style:normal;font-weight:200\">\u00c1reas de soporte<\/h2>\n\n\n\n<div class=\"wp-block-columns is-layout-flex wp-container-core-columns-is-layout-9d6595d7 wp-block-columns-is-layout-flex\">\n<div class=\"wp-block-column is-layout-flow wp-block-column-is-layout-flow\" style=\"flex-basis:15%\"><\/div>\n\n\n\n<div class=\"wp-block-column is-layout-flow wp-block-column-is-layout-flow\" style=\"flex-basis:85%\">\n<p>Las anteriores l\u00edneas de especializaci\u00f3n se apoyan en tres \u00e1reas de soporte que representan \u00e1mbitos de conocimiento transversal de uso sistem\u00e1tico y generalizado, que facilitan la potenciaci\u00f3n de las capacidades propias de dichas l\u00edneas. Estas son:<\/p>\n\n\n<div class=\"ub-uvigo-box\" id=\"ub-uvigo-box-021fff02-1aea-402c-9d9b-716e89e91c1e\">\n\n\n<h3 class=\"wp-block-heading\">Inteligencia artificial<\/h3>\n\n\n\n<p>Conocimiento especializado en generaci\u00f3n y aplicaci\u00f3n de tecnolog\u00edas de comunicaci\u00f3n digital y transformaci\u00f3n tecnol\u00f3gica, que facilita la optimizaci\u00f3n de los procesos de las actividades de docencia e investigaci\u00f3n, para mejorar su eficiencia y aportar mayor valor a\u00f1adido.<\/p>\n\n\n<\/div>\n\n\n<div style=\"height:33px\" aria-hidden=\"true\" class=\"wp-block-spacer\"><\/div>\n\n\n<div class=\"ub-uvigo-box\" id=\"ub-uvigo-box-2452d8a6-b6f6-4bc8-9673-7097f66ba042\">\n\n\n<h3 class=\"wp-block-heading\">Econom\u00eda circular<\/h3>\n\n\n\n<p>Conocimiento especializado en el desarrollo de metodolog\u00edas y herramientas para el dise\u00f1o de estrategias de econom\u00eda circular, que posibilitan una mejor respuesta a retos educativos y cient\u00edficos.<\/p>\n\n\n<\/div>\n\n\n<div style=\"height:33px\" aria-hidden=\"true\" class=\"wp-block-spacer\"><\/div>\n\n\n<div class=\"ub-uvigo-box\" id=\"ub-uvigo-box-8cfe8f0c-8ffe-4c13-bbab-18b12a68c27a\">\n\n\n<h3 class=\"wp-block-heading\">Legislaci\u00f3n agroalimentaria y medioambiental<\/h3>\n\n\n\n<p>Conocimiento especializado en el desarrollo y aplicaci\u00f3n de legislaciones locales, regionales, nacionales e internacionales para gesti\u00f3n alimentaria, contaminantes emergentes, aguas termales y sus per\u00edmetros de protecci\u00f3n, que posibilitan una mejor respuesta a retos educativos y cient\u00edficos.<\/p>\n\n\n<\/div><\/div>\n<\/div>\n","protected":false},"excerpt":{"rendered":"<p>En el Campus Auga identificamos tres l\u00edneas con el nexo com\u00fan de la tem\u00e1tica del agua<\/p>\n","protected":false},"author":1,"featured_media":959,"parent":0,"menu_order":4,"comment_status":"closed","ping_status":"closed","template":"","meta":{"_acf_changed":false,"ub_ctt_via":"","footnotes":""},"class_list":["post-1682","page","type-page","status-publish","has-post-thumbnail","hentry"],"acf":[],"featured_image_src":"https:\/\/campusauga.uvigo.es\/wp-content\/uploads\/2022\/06\/CabeceiraLinhasEspecializacion.jpg","yoast_head":"<!-- This site is optimized with the Yoast SEO plugin v27.6 - https:\/\/yoast.com\/product\/yoast-seo-wordpress\/ -->\n<title>L\u00edneas de especializaci\u00f3n | Campus Auga<\/title>\n<meta name=\"robots\" content=\"index, follow, max-snippet:-1, max-image-preview:large, max-video-preview:-1\" \/>\n<link rel=\"canonical\" href=\"https:\/\/campusauga.uvigo.es\/es\/areas-de-especializacion\/\" \/>\n<meta property=\"og:locale\" content=\"es_ES\" \/>\n<meta property=\"og:type\" content=\"article\" \/>\n<meta property=\"og:title\" content=\"L\u00edneas de especializaci\u00f3n | Campus Auga\" \/>\n<meta property=\"og:description\" content=\"En el Campus Auga identificamos tres l\u00edneas con el nexo com\u00fan de la tem\u00e1tica del agua\" \/>\n<meta property=\"og:url\" content=\"https:\/\/campusauga.uvigo.es\/es\/areas-de-especializacion\/\" \/>\n<meta property=\"og:site_name\" content=\"Campus Auga\" \/>\n<meta property=\"article:modified_time\" content=\"2026-04-10T10:33:25+00:00\" \/>\n<meta property=\"og:image\" content=\"https:\/\/campusauga.uvigo.es\/wp-content\/uploads\/2022\/06\/CabeceiraLinhasEspecializacion.jpg\" \/>\n\t<meta property=\"og:image:width\" content=\"1920\" \/>\n\t<meta property=\"og:image:height\" content=\"400\" \/>\n\t<meta property=\"og:image:type\" content=\"image\/jpeg\" \/>\n<meta name=\"twitter:card\" content=\"summary_large_image\" \/>\n<meta name=\"twitter:label1\" content=\"Tiempo de lectura\" \/>\n\t<meta name=\"twitter:data1\" content=\"3 minutos\" \/>\n<script type=\"application\/ld+json\" class=\"yoast-schema-graph\">{\"@context\":\"https:\\\/\\\/schema.org\",\"@graph\":[{\"@type\":\"WebPage\",\"@id\":\"https:\\\/\\\/campusauga.uvigo.es\\\/es\\\/areas-de-especializacion\\\/\",\"url\":\"https:\\\/\\\/campusauga.uvigo.es\\\/es\\\/areas-de-especializacion\\\/\",\"name\":\"L\u00edneas de especializaci\u00f3n | Campus Auga\",\"isPartOf\":{\"@id\":\"https:\\\/\\\/campusauga.uvigo.es\\\/es\\\/#website\"},\"primaryImageOfPage\":{\"@id\":\"https:\\\/\\\/campusauga.uvigo.es\\\/es\\\/areas-de-especializacion\\\/#primaryimage\"},\"image\":{\"@id\":\"https:\\\/\\\/campusauga.uvigo.es\\\/es\\\/areas-de-especializacion\\\/#primaryimage\"},\"thumbnailUrl\":\"https:\\\/\\\/campusauga.uvigo.es\\\/wp-content\\\/uploads\\\/2022\\\/06\\\/CabeceiraLinhasEspecializacion.jpg\",\"datePublished\":\"2022-05-23T08:00:54+00:00\",\"dateModified\":\"2026-04-10T10:33:25+00:00\",\"breadcrumb\":{\"@id\":\"https:\\\/\\\/campusauga.uvigo.es\\\/es\\\/areas-de-especializacion\\\/#breadcrumb\"},\"inLanguage\":\"es\",\"potentialAction\":[{\"@type\":\"ReadAction\",\"target\":[\"https:\\\/\\\/campusauga.uvigo.es\\\/es\\\/areas-de-especializacion\\\/\"]}]},{\"@type\":\"ImageObject\",\"inLanguage\":\"es\",\"@id\":\"https:\\\/\\\/campusauga.uvigo.es\\\/es\\\/areas-de-especializacion\\\/#primaryimage\",\"url\":\"https:\\\/\\\/campusauga.uvigo.es\\\/wp-content\\\/uploads\\\/2022\\\/06\\\/CabeceiraLinhasEspecializacion.jpg\",\"contentUrl\":\"https:\\\/\\\/campusauga.uvigo.es\\\/wp-content\\\/uploads\\\/2022\\\/06\\\/CabeceiraLinhasEspecializacion.jpg\",\"width\":1920,\"height\":400},{\"@type\":\"BreadcrumbList\",\"@id\":\"https:\\\/\\\/campusauga.uvigo.es\\\/es\\\/areas-de-especializacion\\\/#breadcrumb\",\"itemListElement\":[{\"@type\":\"ListItem\",\"position\":1,\"name\":\"Portada\",\"item\":\"https:\\\/\\\/campusauga.uvigo.es\\\/es\\\/\"},{\"@type\":\"ListItem\",\"position\":2,\"name\":\"L\u00edneas de especializaci\u00f3n\"}]},{\"@type\":\"WebSite\",\"@id\":\"https:\\\/\\\/campusauga.uvigo.es\\\/es\\\/#website\",\"url\":\"https:\\\/\\\/campusauga.uvigo.es\\\/es\\\/\",\"name\":\"Campus Auga\",\"description\":\"\",\"publisher\":{\"@id\":\"https:\\\/\\\/campusauga.uvigo.es\\\/es\\\/#organization\"},\"potentialAction\":[{\"@type\":\"SearchAction\",\"target\":{\"@type\":\"EntryPoint\",\"urlTemplate\":\"https:\\\/\\\/campusauga.uvigo.es\\\/es\\\/?s={search_term_string}\"},\"query-input\":{\"@type\":\"PropertyValueSpecification\",\"valueRequired\":true,\"valueName\":\"search_term_string\"}}],\"inLanguage\":\"es\"},{\"@type\":\"Organization\",\"@id\":\"https:\\\/\\\/campusauga.uvigo.es\\\/es\\\/#organization\",\"name\":\"Campus Auga\",\"url\":\"https:\\\/\\\/campusauga.uvigo.es\\\/es\\\/\",\"logo\":{\"@type\":\"ImageObject\",\"inLanguage\":\"es\",\"@id\":\"https:\\\/\\\/campusauga.uvigo.es\\\/es\\\/#\\\/schema\\\/logo\\\/image\\\/\",\"url\":\"https:\\\/\\\/campusauga.uvigo.es\\\/wp-content\\\/uploads\\\/2022\\\/05\\\/logo-campus-auga.png\",\"contentUrl\":\"https:\\\/\\\/campusauga.uvigo.es\\\/wp-content\\\/uploads\\\/2022\\\/05\\\/logo-campus-auga.png\",\"width\":628,\"height\":100,\"caption\":\"Campus Auga\"},\"image\":{\"@id\":\"https:\\\/\\\/campusauga.uvigo.es\\\/es\\\/#\\\/schema\\\/logo\\\/image\\\/\"}}]}<\/script>\n<!-- \/ Yoast SEO plugin. -->","yoast_head_json":{"title":"L\u00edneas de especializaci\u00f3n | Campus Auga","robots":{"index":"index","follow":"follow","max-snippet":"max-snippet:-1","max-image-preview":"max-image-preview:large","max-video-preview":"max-video-preview:-1"},"canonical":"https:\/\/campusauga.uvigo.es\/es\/areas-de-especializacion\/","og_locale":"es_ES","og_type":"article","og_title":"L\u00edneas de especializaci\u00f3n | Campus Auga","og_description":"En el Campus Auga identificamos tres l\u00edneas con el nexo com\u00fan de la tem\u00e1tica del agua","og_url":"https:\/\/campusauga.uvigo.es\/es\/areas-de-especializacion\/","og_site_name":"Campus Auga","article_modified_time":"2026-04-10T10:33:25+00:00","og_image":[{"width":1920,"height":400,"url":"https:\/\/campusauga.uvigo.es\/wp-content\/uploads\/2022\/06\/CabeceiraLinhasEspecializacion.jpg","type":"image\/jpeg"}],"twitter_card":"summary_large_image","twitter_misc":{"Tiempo de lectura":"3 minutos"},"schema":{"@context":"https:\/\/schema.org","@graph":[{"@type":"WebPage","@id":"https:\/\/campusauga.uvigo.es\/es\/areas-de-especializacion\/","url":"https:\/\/campusauga.uvigo.es\/es\/areas-de-especializacion\/","name":"L\u00edneas de especializaci\u00f3n | Campus Auga","isPartOf":{"@id":"https:\/\/campusauga.uvigo.es\/es\/#website"},"primaryImageOfPage":{"@id":"https:\/\/campusauga.uvigo.es\/es\/areas-de-especializacion\/#primaryimage"},"image":{"@id":"https:\/\/campusauga.uvigo.es\/es\/areas-de-especializacion\/#primaryimage"},"thumbnailUrl":"https:\/\/campusauga.uvigo.es\/wp-content\/uploads\/2022\/06\/CabeceiraLinhasEspecializacion.jpg","datePublished":"2022-05-23T08:00:54+00:00","dateModified":"2026-04-10T10:33:25+00:00","breadcrumb":{"@id":"https:\/\/campusauga.uvigo.es\/es\/areas-de-especializacion\/#breadcrumb"},"inLanguage":"es","potentialAction":[{"@type":"ReadAction","target":["https:\/\/campusauga.uvigo.es\/es\/areas-de-especializacion\/"]}]},{"@type":"ImageObject","inLanguage":"es","@id":"https:\/\/campusauga.uvigo.es\/es\/areas-de-especializacion\/#primaryimage","url":"https:\/\/campusauga.uvigo.es\/wp-content\/uploads\/2022\/06\/CabeceiraLinhasEspecializacion.jpg","contentUrl":"https:\/\/campusauga.uvigo.es\/wp-content\/uploads\/2022\/06\/CabeceiraLinhasEspecializacion.jpg","width":1920,"height":400},{"@type":"BreadcrumbList","@id":"https:\/\/campusauga.uvigo.es\/es\/areas-de-especializacion\/#breadcrumb","itemListElement":[{"@type":"ListItem","position":1,"name":"Portada","item":"https:\/\/campusauga.uvigo.es\/es\/"},{"@type":"ListItem","position":2,"name":"L\u00edneas de especializaci\u00f3n"}]},{"@type":"WebSite","@id":"https:\/\/campusauga.uvigo.es\/es\/#website","url":"https:\/\/campusauga.uvigo.es\/es\/","name":"Campus Auga","description":"","publisher":{"@id":"https:\/\/campusauga.uvigo.es\/es\/#organization"},"potentialAction":[{"@type":"SearchAction","target":{"@type":"EntryPoint","urlTemplate":"https:\/\/campusauga.uvigo.es\/es\/?s={search_term_string}"},"query-input":{"@type":"PropertyValueSpecification","valueRequired":true,"valueName":"search_term_string"}}],"inLanguage":"es"},{"@type":"Organization","@id":"https:\/\/campusauga.uvigo.es\/es\/#organization","name":"Campus Auga","url":"https:\/\/campusauga.uvigo.es\/es\/","logo":{"@type":"ImageObject","inLanguage":"es","@id":"https:\/\/campusauga.uvigo.es\/es\/#\/schema\/logo\/image\/","url":"https:\/\/campusauga.uvigo.es\/wp-content\/uploads\/2022\/05\/logo-campus-auga.png","contentUrl":"https:\/\/campusauga.uvigo.es\/wp-content\/uploads\/2022\/05\/logo-campus-auga.png","width":628,"height":100,"caption":"Campus Auga"},"image":{"@id":"https:\/\/campusauga.uvigo.es\/es\/#\/schema\/logo\/image\/"}}]}},"_links":{"self":[{"href":"https:\/\/campusauga.uvigo.es\/es\/wp-json\/wp\/v2\/pages\/1682","targetHints":{"allow":["GET"]}}],"collection":[{"href":"https:\/\/campusauga.uvigo.es\/es\/wp-json\/wp\/v2\/pages"}],"about":[{"href":"https:\/\/campusauga.uvigo.es\/es\/wp-json\/wp\/v2\/types\/page"}],"author":[{"embeddable":true,"href":"https:\/\/campusauga.uvigo.es\/es\/wp-json\/wp\/v2\/users\/1"}],"replies":[{"embeddable":true,"href":"https:\/\/campusauga.uvigo.es\/es\/wp-json\/wp\/v2\/comments?post=1682"}],"version-history":[{"count":21,"href":"https:\/\/campusauga.uvigo.es\/es\/wp-json\/wp\/v2\/pages\/1682\/revisions"}],"predecessor-version":[{"id":7197,"href":"https:\/\/campusauga.uvigo.es\/es\/wp-json\/wp\/v2\/pages\/1682\/revisions\/7197"}],"wp:featuredmedia":[{"embeddable":true,"href":"https:\/\/campusauga.uvigo.es\/es\/wp-json\/wp\/v2\/media\/959"}],"wp:attachment":[{"href":"https:\/\/campusauga.uvigo.es\/es\/wp-json\/wp\/v2\/media?parent=1682"}],"curies":[{"name":"wp","href":"https:\/\/api.w.org\/{rel}","templated":true}]}}