{"id":1685,"date":"2022-05-05T13:04:50","date_gmt":"2022-05-05T11:04:50","guid":{"rendered":"https:\/\/campusauga.uvigo.es\/divulgacion\/congreso-internacional-da-auga\/"},"modified":"2025-02-25T14:24:10","modified_gmt":"2025-02-25T13:24:10","slug":"congreso-internacional-da-auga","status":"publish","type":"page","link":"https:\/\/campusauga.uvigo.es\/es\/transferencia\/congreso-internacional-da-auga\/","title":{"rendered":"Congreso Internacional del Agua"},"content":{"rendered":"\n<div class=\"wp-block-columns is-layout-flex wp-container-core-columns-is-layout-9d6595d7 wp-block-columns-is-layout-flex\">\n<div class=\"wp-block-column is-layout-flow wp-block-column-is-layout-flow\" style=\"flex-basis:66.66%\">\n<p>El Congreso es un foro cient\u00edfico de car\u00e1cter bianual para fomentar la colaboraci\u00f3n internacional entre el personal investigador del Campus Auga, atraer la participaci\u00f3n de representantes de organizaciones lclaves en tem\u00e1ticas del agua \u2013en consonancia con los bloques tem\u00e1ticos del Congreso definidos en cada edici\u00f3n\u2013, maximizar los beneficios de las colaboraciones y proyectar la visibilidad global del Campus.<\/p>\n<\/div>\n\n\n\n<div class=\"wp-block-column is-layout-flow wp-block-column-is-layout-flow\" style=\"flex-basis:33.33%\"><\/div>\n<\/div>\n\n\n\n<div style=\"height:30px\" aria-hidden=\"true\" class=\"wp-block-spacer\"><\/div>\n\n\n\n<h2 class=\"wp-block-heading\">Congresos realizados hasta el momento<\/h2>\n\n\n\n<div style=\"height:30px\" aria-hidden=\"true\" class=\"wp-block-spacer\"><\/div>\n\n\n<hr class=\"ub_divider\" id=\"ub_divider_13cb6369-9f97-46c1-8631-6a37ba88ac3b\"><\/hr>\n\n\n<div class=\"wp-block-columns is-layout-flex wp-container-core-columns-is-layout-9d6595d7 wp-block-columns-is-layout-flex\">\n<div class=\"wp-block-column is-layout-flow wp-block-column-is-layout-flow\" style=\"flex-basis:66.66%\">\n<h3 class=\"wp-block-heading\" style=\"font-size:24px\">V Congreso Internacional del auga<\/h3>\n\n\n\n<p>EL AGUA COMO RECURSO SOSTENIBLE:<br>CIENCIA, EMPRESA Y BIENESTAR | Septiembre de 2024<\/p>\n\n\n\n<p>Esta edici\u00f3n presenta un car\u00e1cter multidisciplinar, abordando aspectos espec\u00edficos relacionados con el agua, tales como el patrimonio h\u00eddrico, su gesti\u00f3n en empresas y turismo, aspectos de acuicultura y la gesti\u00f3n de empresas acu\u00edcolas, as\u00ed como el turismo deportivo y termalismo, entre otras tem\u00e1ticas.<\/p>\n\n\n\n<div class=\"wp-block-buttons is-content-justification-left is-layout-flex wp-container-core-buttons-is-layout-fdcfc74e wp-block-buttons-is-layout-flex\">\n<div class=\"wp-block-button has-custom-font-size is-style-outline has-l-small-font-size has-icon has-icon-peak is-style-outline--1\"><a class=\"wp-block-button__link wp-element-button\" href=\"http:\/\/congresodaauga.webs.uvigo.es\/\">Ir  a la web del congreso<\/a><\/div>\n<\/div>\n\n\n\n<div style=\"height:20px\" aria-hidden=\"true\" class=\"wp-block-spacer\"><\/div>\n<\/div>\n\n\n\n<div class=\"wp-block-column is-layout-flow wp-block-column-is-layout-flow\" style=\"flex-basis:33.33%\">\n<figure class=\"wp-block-image size-full\"><img loading=\"lazy\" decoding=\"async\" width=\"1000\" height=\"563\" src=\"\/wp-content\/uploads\/2025\/02\/congreso_auga.jpg\" alt=\"\" class=\"wp-image-4517\" srcset=\"https:\/\/campusauga.uvigo.es\/wp-content\/uploads\/2025\/02\/congreso_auga.jpg 1000w, https:\/\/campusauga.uvigo.es\/wp-content\/uploads\/2025\/02\/congreso_auga-300x169.jpg 300w, https:\/\/campusauga.uvigo.es\/wp-content\/uploads\/2025\/02\/congreso_auga-768x432.jpg 768w, https:\/\/campusauga.uvigo.es\/wp-content\/uploads\/2025\/02\/congreso_auga-445x250.jpg 445w, https:\/\/campusauga.uvigo.es\/wp-content\/uploads\/2025\/02\/congreso_auga-800x450.jpg 800w\" sizes=\"auto, (max-width: 1000px) 100vw, 1000px\" \/><figcaption class=\"wp-element-caption\">Imagen promocional del<em> V Congreso Internacional da Auga<\/em><\/figcaption><\/figure>\n<\/div>\n<\/div>\n\n\n<hr class=\"ub_divider\" id=\"ub_divider_e0cf044c-0754-4049-86ab-66da0f5a3c0c\"><\/hr>\n\n\n<div class=\"wp-block-columns is-layout-flex wp-container-core-columns-is-layout-9d6595d7 wp-block-columns-is-layout-flex\">\n<div class=\"wp-block-column is-layout-flow wp-block-column-is-layout-flow\" style=\"flex-basis:66.66%\">\n<h3 class=\"wp-block-heading\" style=\"font-size:24px\">IV Congreso Internacional del auga<\/h3>\n\n\n\n<p>DERECHO Y AGUA EN EL HORIZONTE 2030  |  Outubre de 2022<\/p>\n\n\n\n<p>En esta edici\u00f3n se abordaron retos espec\u00edficos de la gobernanza del auga en el marco de ls objetivos de desarrollo sostenible de la Agenda 2030, desde una perspectiva jur\u00eddica interdisciplinar y con la participaci\u00f3n de especialistas de referencia.<\/p>\n\n\n\n<div class=\"wp-block-buttons is-content-justification-left is-layout-flex wp-container-core-buttons-is-layout-fdcfc74e wp-block-buttons-is-layout-flex\">\n<div class=\"wp-block-button has-custom-font-size is-style-outline has-l-small-font-size has-icon has-icon-peak is-style-outline--2\"><a class=\"wp-block-button__link wp-element-button\" href=\"http:\/\/congresodaauga.webs.uvigo.es\/\">Ir  a la web del congreso<\/a><\/div>\n<\/div>\n\n\n\n<div style=\"height:20px\" aria-hidden=\"true\" class=\"wp-block-spacer\"><\/div>\n\n\n\n<p>Publicaciones del Congreso en ThomsonReuters:<\/p>\n\n\n\n<div class=\"wp-block-buttons is-layout-flex wp-block-buttons-is-layout-flex\">\n<div class=\"wp-block-button has-custom-font-size is-style-outline has-l-small-font-size has-icon has-icon-peak is-style-outline--3\"><a class=\"wp-block-button__link wp-element-button\" href=\"https:\/\/www.thomsonreuters.es\/es\/tienda\/duo-papel-ebook\/derecho-y-agua-en-el-horizonte-2030duo\/p\/10021833#\">Derecho y Agua en el Horizonte 2030<\/a><\/div>\n<\/div>\n<\/div>\n\n\n\n<div class=\"wp-block-column is-layout-flow wp-block-column-is-layout-flow\" style=\"flex-basis:33.33%\">\n<figure class=\"wp-block-image size-full\"><img loading=\"lazy\" decoding=\"async\" width=\"900\" height=\"675\" src=\"\/wp-content\/uploads\/2022\/10\/IV-congreso_auga-Divulgacion.jpg\" alt=\"\" class=\"wp-image-2933\" srcset=\"https:\/\/campusauga.uvigo.es\/wp-content\/uploads\/2022\/10\/IV-congreso_auga-Divulgacion.jpg 900w, https:\/\/campusauga.uvigo.es\/wp-content\/uploads\/2022\/10\/IV-congreso_auga-Divulgacion-300x225.jpg 300w, https:\/\/campusauga.uvigo.es\/wp-content\/uploads\/2022\/10\/IV-congreso_auga-Divulgacion-768x576.jpg 768w, https:\/\/campusauga.uvigo.es\/wp-content\/uploads\/2022\/10\/IV-congreso_auga-Divulgacion-800x600.jpg 800w\" sizes=\"auto, (max-width: 900px) 100vw, 900px\" \/><figcaption class=\"wp-element-caption\">Imagen promocional del<em> IV Congreso Internacional da Auga<\/em><\/figcaption><\/figure>\n<\/div>\n<\/div>\n\n\n<hr class=\"ub_divider\" id=\"ub_divider_9ad66821-4e6a-49e6-bfbd-34688491b75f\"><\/hr>\n\n\n<div class=\"wp-block-columns is-layout-flex wp-container-core-columns-is-layout-9d6595d7 wp-block-columns-is-layout-flex\">\n<div class=\"wp-block-column is-layout-flow wp-block-column-is-layout-flow\" style=\"flex-basis:66.66%\">\n<h3 class=\"wp-block-heading\" style=\"font-size:24px\">III Congreso Internacional del auga<\/h3>\n\n\n\n<p>AGUA, SOCIEDAD y TERRITORIO  |  Octubre de 2018<\/p>\n\n\n\n<p>Edici\u00f3n de car\u00e1cter multidisciplinar en la que se analizaron aspectos concretos sobre la realidad hist\u00f3rica, art\u00edstica y geogr\u00e1fica del agua y el ser humano en diferentes territorios y sociedades.<\/p>\n\n\n\n<p>Publicaciones del Congreso en Editorial Dykinson:<\/p>\n\n\n\n<p><strong>PERSPECTIVAS DEL<\/strong> <strong>AGUA<\/strong><\/p>\n\n\n\n<div class=\"wp-block-buttons is-layout-flex wp-block-buttons-is-layout-flex\">\n<div class=\"wp-block-button has-custom-font-size is-style-outline has-l-small-font-size has-icon has-icon-peak is-style-outline--4\"><a class=\"wp-block-button__link wp-element-button\" href=\"https:\/\/www.dykinson.com\/libros\/perspectivas-del-agua-arquitectura-del-agua-y-territorio-en-la-epoca-moderna\/9788413243993\/\">Arquitectura del agua y territorio. \u00e9poca moderna<\/a><\/div>\n\n\n\n<div class=\"wp-block-button has-custom-font-size is-style-outline has-l-small-font-size has-icon has-icon-peak is-style-outline--5\"><a class=\"wp-block-button__link wp-element-button\" href=\"https:\/\/www.dykinson.com\/libros\/perspectivas-del-agua-modelos-de-captacion-de-la-prehistoria-al-medievo\/9788413244006\/\">Modelos de captaci\u00f3n.  de la Prehistoria al Medievo<\/a><\/div>\n\n\n\n<div class=\"wp-block-button has-custom-font-size is-style-outline has-l-small-font-size has-icon has-icon-peak is-style-outline--6\"><a class=\"wp-block-button__link wp-element-button\" href=\"https:\/\/www.dykinson.com\/libros\/perspectivas-del-agua-investigacion-gestion-y-valores-del-agua-en-el-mundo-actual\/9788413245492\/\">Investigaci\u00f3n, gesti\u00f3n y valores del agua en el mundo actual<\/a><\/div>\n<\/div>\n<\/div>\n\n\n\n<div class=\"wp-block-column is-layout-flow wp-block-column-is-layout-flow\" style=\"flex-basis:33.33%\">\n<figure class=\"wp-block-image size-full\"><img loading=\"lazy\" decoding=\"async\" width=\"552\" height=\"414\" src=\"\/wp-content\/uploads\/2022\/06\/CARTEL_IIICongreso_campus_auga_English-01-724x1024-1.jpg\" alt=\"\" class=\"wp-image-1466\" srcset=\"https:\/\/campusauga.uvigo.es\/wp-content\/uploads\/2022\/06\/CARTEL_IIICongreso_campus_auga_English-01-724x1024-1.jpg 552w, https:\/\/campusauga.uvigo.es\/wp-content\/uploads\/2022\/06\/CARTEL_IIICongreso_campus_auga_English-01-724x1024-1-300x225.jpg 300w\" sizes=\"auto, (max-width: 552px) 100vw, 552px\" \/><figcaption class=\"wp-element-caption\">Imagen promocional del III Congreso Internacional del Agua<\/figcaption><\/figure>\n<\/div>\n<\/div>\n\n\n<hr class=\"ub_divider\" id=\"ub_divider_c0444ce8-1ec6-464a-952b-9bb1994911ef\"><\/hr>\n\n\n<div class=\"wp-block-columns is-layout-flex wp-container-core-columns-is-layout-9d6595d7 wp-block-columns-is-layout-flex\">\n<div class=\"wp-block-column is-layout-flow wp-block-column-is-layout-flow\" style=\"flex-basis:66.66%\">\n<h3 class=\"wp-block-heading\" style=\"font-size:24px\">II Congreso Internacional del agua<\/h3>\n\n\n\n<p>INUNDACIONES Y SEQU\u00cdAS  |  Octubre de 2016  <\/p>\n\n\n\n<p>En esta edici\u00f3n se estudiaron los \u00faltimos avances en el an\u00e1lisis, prevenci\u00f3n y mitigaci\u00f3n de las inundaciones y de las sequ\u00edas.<\/p>\n\n\n\n<div class=\"wp-block-buttons is-content-justification-left is-layout-flex wp-container-core-buttons-is-layout-fdcfc74e wp-block-buttons-is-layout-flex\">\n<div class=\"wp-block-button has-custom-font-size is-style-outline has-l-small-font-size has-icon has-icon-peak is-style-outline--7\"><a class=\"wp-block-button__link wp-element-button\" href=\"https:\/\/ephyslab.uvigo.es\/iswater\/\">Ir a la web del congreso<\/a><\/div>\n\n\n\n<div class=\"wp-block-button has-custom-font-size is-style-outline has-l-small-font-size has-icon has-icon-peak is-style-outline--8\"><a class=\"wp-block-button__link wp-element-button\" href=\"https:\/\/ephyslab.uvigo.es\/iswater\/download_file\/view\/81\/1\">Descargar libro de actas<\/a><\/div>\n<\/div>\n<\/div>\n\n\n\n<div class=\"wp-block-column is-layout-flow wp-block-column-is-layout-flow\" style=\"flex-basis:33.33%\">\n<figure class=\"wp-block-image size-full\"><img loading=\"lazy\" decoding=\"async\" width=\"1000\" height=\"750\" src=\"\/wp-content\/uploads\/2022\/06\/II_Internacional_Congress_on_Water_Floods_and_Droughts.jpg\" alt=\"\" class=\"wp-image-1081\" srcset=\"https:\/\/campusauga.uvigo.es\/wp-content\/uploads\/2022\/06\/II_Internacional_Congress_on_Water_Floods_and_Droughts.jpg 1000w, https:\/\/campusauga.uvigo.es\/wp-content\/uploads\/2022\/06\/II_Internacional_Congress_on_Water_Floods_and_Droughts-300x225.jpg 300w, https:\/\/campusauga.uvigo.es\/wp-content\/uploads\/2022\/06\/II_Internacional_Congress_on_Water_Floods_and_Droughts-768x576.jpg 768w, https:\/\/campusauga.uvigo.es\/wp-content\/uploads\/2022\/06\/II_Internacional_Congress_on_Water_Floods_and_Droughts-800x600.jpg 800w\" sizes=\"auto, (max-width: 1000px) 100vw, 1000px\" \/><figcaption class=\"wp-element-caption\">Imagen de la promoci\u00f3n del II Congreso<\/figcaption><\/figure>\n<\/div>\n<\/div>\n\n\n<hr class=\"ub_divider\" id=\"ub_divider_64605850-6b86-48a1-92cf-00fcc708fb7d\"><\/hr>\n\n\n<div class=\"wp-block-columns is-layout-flex wp-container-core-columns-is-layout-9d6595d7 wp-block-columns-is-layout-flex\">\n<div class=\"wp-block-column is-layout-flow wp-block-column-is-layout-flow\" style=\"flex-basis:66.66%\">\n<h3 class=\"wp-block-heading\" style=\"font-size:24px\">I Congreso Internacional del agua<\/h3>\n\n\n\n<p>TERMALISMO Y CALIDAD DE VIDA  |  Septiembre de 2015<\/p>\n\n\n\n<p>Estuvo dedicada al agua termal y mineromedicinal, tanto en el que se refiere a su calidad y gesti\u00f3n econ\u00f3mica y jur\u00eddica, como a las aplicaciones terap\u00e9uticas, aprovechamientos tur\u00edsticos, etc<\/p>\n\n\n\n<div class=\"wp-block-buttons is-layout-flex wp-block-buttons-is-layout-flex\">\n<div class=\"wp-block-button has-custom-font-size is-style-outline has-l-small-font-size has-icon has-icon-peak is-style-outline--9\"><a class=\"wp-block-button__link wp-element-button\" href=\"https:\/\/campusauga.uvigo.es\/wp-content\/uploads\/2022\/06\/Actas_CIDAT_2015.pdf\">DESCARGAR LIBRO DE ACTAS<\/a><\/div>\n\n\n\n<div class=\"wp-block-button has-custom-font-size is-style-outline has-l-small-font-size has-icon has-icon-peak is-style-outline--10\"><a class=\"wp-block-button__link wp-element-button\" href=\"https:\/\/tv.uvigo.es\/series\/5b5b470a8f4208eb34956c01\">IR A lOS V\u00cdDEOS<\/a><\/div>\n<\/div>\n<\/div>\n\n\n\n<div class=\"wp-block-column is-layout-flow wp-block-column-is-layout-flow\" style=\"flex-basis:33.33%\">\n<figure class=\"wp-block-image size-large\"><img loading=\"lazy\" decoding=\"async\" width=\"1024\" height=\"768\" src=\"\/wp-content\/uploads\/2022\/06\/Actas_CIDAT_2015-1-1024x768.jpg\" alt=\"\" class=\"wp-image-1085\" srcset=\"https:\/\/campusauga.uvigo.es\/wp-content\/uploads\/2022\/06\/Actas_CIDAT_2015-1-1024x768.jpg 1024w, https:\/\/campusauga.uvigo.es\/wp-content\/uploads\/2022\/06\/Actas_CIDAT_2015-1-300x225.jpg 300w, https:\/\/campusauga.uvigo.es\/wp-content\/uploads\/2022\/06\/Actas_CIDAT_2015-1-768x576.jpg 768w, https:\/\/campusauga.uvigo.es\/wp-content\/uploads\/2022\/06\/Actas_CIDAT_2015-1-800x600.jpg 800w, https:\/\/campusauga.uvigo.es\/wp-content\/uploads\/2022\/06\/Actas_CIDAT_2015-1.jpg 1200w\" sizes=\"auto, (max-width: 1024px) 100vw, 1024px\" \/><figcaption class=\"wp-element-caption\">Fragmento de la portada del libro de actas del I Congreso<\/figcaption><\/figure>\n<\/div>\n<\/div>\n","protected":false},"excerpt":{"rendered":"<p>Tiene como principal objetivo lo de ofrecer un punto de encuentro para reflexionar e intercambiar conocimientos sobre aspectos significativos relacionados con el agua.<\/p>\n","protected":false},"author":1,"featured_media":381,"parent":1679,"menu_order":0,"comment_status":"closed","ping_status":"closed","template":"","meta":{"_acf_changed":false,"ub_ctt_via":"","footnotes":""},"class_list":["post-1685","page","type-page","status-publish","has-post-thumbnail","hentry"],"acf":[],"featured_image_src":"https:\/\/campusauga.uvigo.es\/wp-content\/uploads\/2022\/05\/cabeceira-1.jpg","yoast_head":"<!-- This site is optimized with the Yoast SEO plugin v27.6 - https:\/\/yoast.com\/product\/yoast-seo-wordpress\/ -->\n<title>Congreso Internacional del Agua | Campus Auga<\/title>\n<meta name=\"robots\" content=\"index, follow, max-snippet:-1, max-image-preview:large, max-video-preview:-1\" \/>\n<link rel=\"canonical\" href=\"https:\/\/campusauga.uvigo.es\/es\/transferencia\/congreso-internacional-da-auga\/\" \/>\n<meta property=\"og:locale\" content=\"es_ES\" \/>\n<meta property=\"og:type\" content=\"article\" \/>\n<meta property=\"og:title\" content=\"Congreso Internacional del Agua | Campus Auga\" \/>\n<meta property=\"og:description\" content=\"Tiene como principal objetivo lo de ofrecer un punto de encuentro para reflexionar e intercambiar conocimientos sobre aspectos significativos relacionados con el agua.\" \/>\n<meta property=\"og:url\" content=\"https:\/\/campusauga.uvigo.es\/es\/transferencia\/congreso-internacional-da-auga\/\" \/>\n<meta property=\"og:site_name\" content=\"Campus Auga\" \/>\n<meta property=\"article:modified_time\" content=\"2025-02-25T13:24:10+00:00\" \/>\n<meta property=\"og:image\" content=\"https:\/\/campusauga.uvigo.es\/wp-content\/uploads\/2022\/05\/cabeceira-1.jpg\" \/>\n\t<meta property=\"og:image:width\" content=\"1920\" \/>\n\t<meta property=\"og:image:height\" content=\"400\" \/>\n\t<meta property=\"og:image:type\" content=\"image\/jpeg\" \/>\n<meta name=\"twitter:card\" content=\"summary_large_image\" \/>\n<meta name=\"twitter:label1\" content=\"Tiempo de lectura\" \/>\n\t<meta name=\"twitter:data1\" content=\"3 minutos\" \/>\n<script type=\"application\/ld+json\" class=\"yoast-schema-graph\">{\"@context\":\"https:\\\/\\\/schema.org\",\"@graph\":[{\"@type\":\"WebPage\",\"@id\":\"https:\\\/\\\/campusauga.uvigo.es\\\/es\\\/transferencia\\\/congreso-internacional-da-auga\\\/\",\"url\":\"https:\\\/\\\/campusauga.uvigo.es\\\/es\\\/transferencia\\\/congreso-internacional-da-auga\\\/\",\"name\":\"Congreso Internacional del Agua | Campus Auga\",\"isPartOf\":{\"@id\":\"https:\\\/\\\/campusauga.uvigo.es\\\/es\\\/#website\"},\"primaryImageOfPage\":{\"@id\":\"https:\\\/\\\/campusauga.uvigo.es\\\/es\\\/transferencia\\\/congreso-internacional-da-auga\\\/#primaryimage\"},\"image\":{\"@id\":\"https:\\\/\\\/campusauga.uvigo.es\\\/es\\\/transferencia\\\/congreso-internacional-da-auga\\\/#primaryimage\"},\"thumbnailUrl\":\"https:\\\/\\\/campusauga.uvigo.es\\\/wp-content\\\/uploads\\\/2022\\\/05\\\/cabeceira-1.jpg\",\"datePublished\":\"2022-05-05T11:04:50+00:00\",\"dateModified\":\"2025-02-25T13:24:10+00:00\",\"breadcrumb\":{\"@id\":\"https:\\\/\\\/campusauga.uvigo.es\\\/es\\\/transferencia\\\/congreso-internacional-da-auga\\\/#breadcrumb\"},\"inLanguage\":\"es\",\"potentialAction\":[{\"@type\":\"ReadAction\",\"target\":[\"https:\\\/\\\/campusauga.uvigo.es\\\/es\\\/transferencia\\\/congreso-internacional-da-auga\\\/\"]}]},{\"@type\":\"ImageObject\",\"inLanguage\":\"es\",\"@id\":\"https:\\\/\\\/campusauga.uvigo.es\\\/es\\\/transferencia\\\/congreso-internacional-da-auga\\\/#primaryimage\",\"url\":\"https:\\\/\\\/campusauga.uvigo.es\\\/wp-content\\\/uploads\\\/2022\\\/05\\\/cabeceira-1.jpg\",\"contentUrl\":\"https:\\\/\\\/campusauga.uvigo.es\\\/wp-content\\\/uploads\\\/2022\\\/05\\\/cabeceira-1.jpg\",\"width\":1920,\"height\":400},{\"@type\":\"BreadcrumbList\",\"@id\":\"https:\\\/\\\/campusauga.uvigo.es\\\/es\\\/transferencia\\\/congreso-internacional-da-auga\\\/#breadcrumb\",\"itemListElement\":[{\"@type\":\"ListItem\",\"position\":1,\"name\":\"Portada\",\"item\":\"https:\\\/\\\/campusauga.uvigo.es\\\/es\\\/\"},{\"@type\":\"ListItem\",\"position\":2,\"name\":\"Transferencia\",\"item\":\"https:\\\/\\\/campusauga.uvigo.es\\\/es\\\/transferencia\\\/\"},{\"@type\":\"ListItem\",\"position\":3,\"name\":\"Congreso Internacional del Agua\"}]},{\"@type\":\"WebSite\",\"@id\":\"https:\\\/\\\/campusauga.uvigo.es\\\/es\\\/#website\",\"url\":\"https:\\\/\\\/campusauga.uvigo.es\\\/es\\\/\",\"name\":\"Campus Auga\",\"description\":\"\",\"publisher\":{\"@id\":\"https:\\\/\\\/campusauga.uvigo.es\\\/es\\\/#organization\"},\"potentialAction\":[{\"@type\":\"SearchAction\",\"target\":{\"@type\":\"EntryPoint\",\"urlTemplate\":\"https:\\\/\\\/campusauga.uvigo.es\\\/es\\\/?s={search_term_string}\"},\"query-input\":{\"@type\":\"PropertyValueSpecification\",\"valueRequired\":true,\"valueName\":\"search_term_string\"}}],\"inLanguage\":\"es\"},{\"@type\":\"Organization\",\"@id\":\"https:\\\/\\\/campusauga.uvigo.es\\\/es\\\/#organization\",\"name\":\"Campus Auga\",\"url\":\"https:\\\/\\\/campusauga.uvigo.es\\\/es\\\/\",\"logo\":{\"@type\":\"ImageObject\",\"inLanguage\":\"es\",\"@id\":\"https:\\\/\\\/campusauga.uvigo.es\\\/es\\\/#\\\/schema\\\/logo\\\/image\\\/\",\"url\":\"https:\\\/\\\/campusauga.uvigo.es\\\/wp-content\\\/uploads\\\/2022\\\/05\\\/logo-campus-auga.png\",\"contentUrl\":\"https:\\\/\\\/campusauga.uvigo.es\\\/wp-content\\\/uploads\\\/2022\\\/05\\\/logo-campus-auga.png\",\"width\":628,\"height\":100,\"caption\":\"Campus Auga\"},\"image\":{\"@id\":\"https:\\\/\\\/campusauga.uvigo.es\\\/es\\\/#\\\/schema\\\/logo\\\/image\\\/\"}}]}<\/script>\n<!-- \/ Yoast SEO plugin. -->","yoast_head_json":{"title":"Congreso Internacional del Agua | Campus Auga","robots":{"index":"index","follow":"follow","max-snippet":"max-snippet:-1","max-image-preview":"max-image-preview:large","max-video-preview":"max-video-preview:-1"},"canonical":"https:\/\/campusauga.uvigo.es\/es\/transferencia\/congreso-internacional-da-auga\/","og_locale":"es_ES","og_type":"article","og_title":"Congreso Internacional del Agua | Campus Auga","og_description":"Tiene como principal objetivo lo de ofrecer un punto de encuentro para reflexionar e intercambiar conocimientos sobre aspectos significativos relacionados con el agua.","og_url":"https:\/\/campusauga.uvigo.es\/es\/transferencia\/congreso-internacional-da-auga\/","og_site_name":"Campus Auga","article_modified_time":"2025-02-25T13:24:10+00:00","og_image":[{"width":1920,"height":400,"url":"https:\/\/campusauga.uvigo.es\/wp-content\/uploads\/2022\/05\/cabeceira-1.jpg","type":"image\/jpeg"}],"twitter_card":"summary_large_image","twitter_misc":{"Tiempo de lectura":"3 minutos"},"schema":{"@context":"https:\/\/schema.org","@graph":[{"@type":"WebPage","@id":"https:\/\/campusauga.uvigo.es\/es\/transferencia\/congreso-internacional-da-auga\/","url":"https:\/\/campusauga.uvigo.es\/es\/transferencia\/congreso-internacional-da-auga\/","name":"Congreso Internacional del Agua | Campus Auga","isPartOf":{"@id":"https:\/\/campusauga.uvigo.es\/es\/#website"},"primaryImageOfPage":{"@id":"https:\/\/campusauga.uvigo.es\/es\/transferencia\/congreso-internacional-da-auga\/#primaryimage"},"image":{"@id":"https:\/\/campusauga.uvigo.es\/es\/transferencia\/congreso-internacional-da-auga\/#primaryimage"},"thumbnailUrl":"https:\/\/campusauga.uvigo.es\/wp-content\/uploads\/2022\/05\/cabeceira-1.jpg","datePublished":"2022-05-05T11:04:50+00:00","dateModified":"2025-02-25T13:24:10+00:00","breadcrumb":{"@id":"https:\/\/campusauga.uvigo.es\/es\/transferencia\/congreso-internacional-da-auga\/#breadcrumb"},"inLanguage":"es","potentialAction":[{"@type":"ReadAction","target":["https:\/\/campusauga.uvigo.es\/es\/transferencia\/congreso-internacional-da-auga\/"]}]},{"@type":"ImageObject","inLanguage":"es","@id":"https:\/\/campusauga.uvigo.es\/es\/transferencia\/congreso-internacional-da-auga\/#primaryimage","url":"https:\/\/campusauga.uvigo.es\/wp-content\/uploads\/2022\/05\/cabeceira-1.jpg","contentUrl":"https:\/\/campusauga.uvigo.es\/wp-content\/uploads\/2022\/05\/cabeceira-1.jpg","width":1920,"height":400},{"@type":"BreadcrumbList","@id":"https:\/\/campusauga.uvigo.es\/es\/transferencia\/congreso-internacional-da-auga\/#breadcrumb","itemListElement":[{"@type":"ListItem","position":1,"name":"Portada","item":"https:\/\/campusauga.uvigo.es\/es\/"},{"@type":"ListItem","position":2,"name":"Transferencia","item":"https:\/\/campusauga.uvigo.es\/es\/transferencia\/"},{"@type":"ListItem","position":3,"name":"Congreso Internacional del Agua"}]},{"@type":"WebSite","@id":"https:\/\/campusauga.uvigo.es\/es\/#website","url":"https:\/\/campusauga.uvigo.es\/es\/","name":"Campus Auga","description":"","publisher":{"@id":"https:\/\/campusauga.uvigo.es\/es\/#organization"},"potentialAction":[{"@type":"SearchAction","target":{"@type":"EntryPoint","urlTemplate":"https:\/\/campusauga.uvigo.es\/es\/?s={search_term_string}"},"query-input":{"@type":"PropertyValueSpecification","valueRequired":true,"valueName":"search_term_string"}}],"inLanguage":"es"},{"@type":"Organization","@id":"https:\/\/campusauga.uvigo.es\/es\/#organization","name":"Campus Auga","url":"https:\/\/campusauga.uvigo.es\/es\/","logo":{"@type":"ImageObject","inLanguage":"es","@id":"https:\/\/campusauga.uvigo.es\/es\/#\/schema\/logo\/image\/","url":"https:\/\/campusauga.uvigo.es\/wp-content\/uploads\/2022\/05\/logo-campus-auga.png","contentUrl":"https:\/\/campusauga.uvigo.es\/wp-content\/uploads\/2022\/05\/logo-campus-auga.png","width":628,"height":100,"caption":"Campus Auga"},"image":{"@id":"https:\/\/campusauga.uvigo.es\/es\/#\/schema\/logo\/image\/"}}]}},"_links":{"self":[{"href":"https:\/\/campusauga.uvigo.es\/es\/wp-json\/wp\/v2\/pages\/1685","targetHints":{"allow":["GET"]}}],"collection":[{"href":"https:\/\/campusauga.uvigo.es\/es\/wp-json\/wp\/v2\/pages"}],"about":[{"href":"https:\/\/campusauga.uvigo.es\/es\/wp-json\/wp\/v2\/types\/page"}],"author":[{"embeddable":true,"href":"https:\/\/campusauga.uvigo.es\/es\/wp-json\/wp\/v2\/users\/1"}],"replies":[{"embeddable":true,"href":"https:\/\/campusauga.uvigo.es\/es\/wp-json\/wp\/v2\/comments?post=1685"}],"version-history":[{"count":11,"href":"https:\/\/campusauga.uvigo.es\/es\/wp-json\/wp\/v2\/pages\/1685\/revisions"}],"predecessor-version":[{"id":4555,"href":"https:\/\/campusauga.uvigo.es\/es\/wp-json\/wp\/v2\/pages\/1685\/revisions\/4555"}],"up":[{"embeddable":true,"href":"https:\/\/campusauga.uvigo.es\/es\/wp-json\/wp\/v2\/pages\/1679"}],"wp:featuredmedia":[{"embeddable":true,"href":"https:\/\/campusauga.uvigo.es\/es\/wp-json\/wp\/v2\/media\/381"}],"wp:attachment":[{"href":"https:\/\/campusauga.uvigo.es\/es\/wp-json\/wp\/v2\/media?parent=1685"}],"curies":[{"name":"wp","href":"https:\/\/api.w.org\/{rel}","templated":true}]}}