{"id":1689,"date":"2022-05-23T09:48:22","date_gmt":"2022-05-23T07:48:22","guid":{"rendered":"https:\/\/campusauga.uvigo.es\/divulgacion\/xornadas-de-portas-abertas\/"},"modified":"2026-04-29T12:29:56","modified_gmt":"2026-04-29T10:29:56","slug":"xornadas-de-portas-abertas","status":"publish","type":"page","link":"https:\/\/campusauga.uvigo.es\/es\/transferencia\/xornadas-de-portas-abertas\/","title":{"rendered":"Jornadas de Puertas Abiertas"},"content":{"rendered":"\n<div class=\"wp-block-columns is-layout-flex wp-container-core-columns-is-layout-9d6595d7 wp-block-columns-is-layout-flex\">\n<div class=\"wp-block-column is-layout-flow wp-block-column-is-layout-flow\" style=\"flex-basis:66.66%\">\n<p>El objetivo es orientar al estudiantado del sur de Galicia sobre su futuro universitario y dar a conocer la investigaci\u00f3n que se est\u00e1 realizando en el marco del Campus Auga. En este sentido, personas de los decanatos y de las direcciones de los centros universitarios del campus de Ourense, presentan las diferentes titulaciones que oferta la Universidade de Vigo en este campus y sus salidas profesionales.<\/p>\n\n\n\n<p>As\u00ed mismo, diverso personal docente e investigador organizan sesiones te\u00f3ricas y pr\u00e1cticas en sus instalaciones y laboratorios para dar a conocer la investigaci\u00f3n que se est\u00e1 realizando.<\/p>\n\n\n\n<h2 class=\"wp-block-heading\">Programas de las Jornadas de puertas abiertas<\/h2>\n\n\n\n<ul class=\"wp-block-list is-style-list-peak\">\n<li>2026<br>&#8211; <a href=\"https:\/\/www.uvigo.gal\/universidade\/comunicacion\/duvi\/mais-1200-rapazas-rapaces-participaron-curso-academico-xornadas-portas-abertas-campus\">7 de abril \u2013 Jornada de puertas abiertas<\/a><br>&#8211; <a href=\"https:\/\/www.uvigo.gal\/universidade\/comunicacion\/duvi\/250-estudantes-preuniversitarios-conecen-primeira-man-oferta-academica-campus-ourense\">24 de marzo \u2013 Jornada de puertas abiertas<\/a><br>&#8211; <a href=\"https:\/\/www.uvigo.gal\/universidade\/comunicacion\/duvi\/mais-500-estudantes-preuniversitarios-conecen-semana-campus-ourense\">13 de enero \u2013 Jornada de puertas abiertas<\/a><\/li>\n\n\n\n<li>2025<br>&#8211; <a href=\"https:\/\/www.uvigo.gal\/universidade\/comunicacion\/duvi\/arrancan-ourense-xornadas-portas-abertas-alumnado-preuniversitario\">17 de diciembre \u2013 Jornada de puertas abiertas<\/a><br>&#8211; <a href=\"https:\/\/www.uvigo.gal\/universidade\/comunicacion\/duvi\/arredor-600-estudantes-preuniversitarios-conecen-primeira-man-campus-ourense\">7 de abril \u2013 XJornada de puertas abiertas<\/a><br>&#8211; <a href=\"https:\/\/www.uvigo.gal\/universidade\/comunicacion\/duvi\/campus-ourense-abre-suas-portas-arredor-900-estudantes-preuniversitarios\">15 de enero \u2013 Jornada de puertas abiertas<\/a><\/li>\n\n\n\n<li>2024<br>&#8211; <a href=\"\/wp-content\/uploads\/2024\/05\/ConeceCampusOurense_19-e-20-de-marzo.pdf\">19 y 20 de marzo \u2013 Jornada de puertas abiertas<\/a><br>&#8211; <a href=\"\/wp-content\/uploads\/2024\/05\/ConeceCampusOurense_16-01-24.pdf\">16 de enero \u2013 Jornada de puertas abiertas<\/a><\/li>\n\n\n\n<li><a href=\"\/wp-content\/uploads\/2024\/05\/ConeceCampusOurense_2023.pdf\">13\/04\/2023 \u2013Jornada de puertas abiertas<\/a><\/li>\n\n\n\n<li><a href=\"\/wp-content\/uploads\/2024\/05\/ConeceCampusOurense-Portas-Abertas2019.pdf\">18\/06\/2019 \u2013 Jornada de puertas abiertas<\/a><\/li>\n\n\n\n<li><a href=\"\/wp-content\/uploads\/2022\/06\/xornada_portas_abertas_2017.pdf\">22\/03\/2017 \u2013 Jornada de puertas abierta<\/a><a href=\"http:\/\/campusdaauga.uvigo.es\/wp-content\/uploads\/2017\/02\/xornada_portas_abertas_2017.pdf\" target=\"_blank\" rel=\"noreferrer noopener\">s<\/a><\/li>\n\n\n\n<li><a href=\"\/wp-content\/uploads\/2022\/06\/xornada_portas_abertas_2016.pdf\">29\/03\/2016 \u2013 Jornada de puertas abiertas<\/a><\/li>\n\n\n\n<li><a href=\"\/wp-content\/uploads\/2022\/06\/xornada_portas_abertas_2015.pdf\">24\/03\/2015 \u2013 Jornada de puertas abiertas<\/a><\/li>\n<\/ul>\n<\/div>\n\n\n\n<div class=\"wp-block-column is-layout-flow wp-block-column-is-layout-flow\" style=\"flex-basis:33.33%\">\n<figure class=\"wp-block-image size-full\"><img loading=\"lazy\" decoding=\"async\" width=\"1000\" height=\"750\" src=\"\/wp-content\/uploads\/2022\/06\/ondas-eolice.jpg\" alt=\"\" class=\"wp-image-1191\" srcset=\"https:\/\/campusauga.uvigo.es\/wp-content\/uploads\/2022\/06\/ondas-eolice.jpg 1000w, https:\/\/campusauga.uvigo.es\/wp-content\/uploads\/2022\/06\/ondas-eolice-300x225.jpg 300w, https:\/\/campusauga.uvigo.es\/wp-content\/uploads\/2022\/06\/ondas-eolice-768x576.jpg 768w, https:\/\/campusauga.uvigo.es\/wp-content\/uploads\/2022\/06\/ondas-eolice-800x600.jpg 800w\" sizes=\"auto, (max-width: 1000px) 100vw, 1000px\" \/><figcaption class=\"wp-element-caption\">Ver, en el edificio del Campus Auga, el generador de ondas E\u00f3lice en funcionamiento, es uno de los atractivos de las Jornadas de Puertas Abiertas<\/figcaption><\/figure>\n<\/div>\n<\/div>\n","protected":false},"excerpt":{"rendered":"<p>El D\u00eda Mundial del agua, abrimos las puertas al estudiantado de Secundaria y Bachillerato para orientarlo sobre su futuro universitario y dar a conocer la investigaci\u00f3n del Campus Auga.<\/p>\n","protected":false},"author":1,"featured_media":634,"parent":1679,"menu_order":0,"comment_status":"closed","ping_status":"closed","template":"","meta":{"_acf_changed":false,"ub_ctt_via":"","footnotes":""},"class_list":["post-1689","page","type-page","status-publish","has-post-thumbnail","hentry"],"acf":[],"featured_image_src":"https:\/\/campusauga.uvigo.es\/wp-content\/uploads\/2022\/06\/BarcaDeRio.jpg","yoast_head":"<!-- This site is optimized with the Yoast SEO plugin v27.6 - https:\/\/yoast.com\/product\/yoast-seo-wordpress\/ -->\n<title>Jornadas de Puertas Abiertas | Campus Auga<\/title>\n<meta name=\"robots\" content=\"index, follow, max-snippet:-1, max-image-preview:large, max-video-preview:-1\" \/>\n<link rel=\"canonical\" href=\"https:\/\/campusauga.uvigo.es\/es\/transferencia\/xornadas-de-portas-abertas\/\" \/>\n<meta property=\"og:locale\" content=\"es_ES\" \/>\n<meta property=\"og:type\" content=\"article\" \/>\n<meta property=\"og:title\" content=\"Jornadas de Puertas Abiertas | Campus Auga\" \/>\n<meta property=\"og:description\" content=\"El D\u00eda Mundial del agua, abrimos las puertas al estudiantado de Secundaria y Bachillerato para orientarlo sobre su futuro universitario y dar a conocer la investigaci\u00f3n del Campus Auga.\" \/>\n<meta property=\"og:url\" content=\"https:\/\/campusauga.uvigo.es\/es\/transferencia\/xornadas-de-portas-abertas\/\" \/>\n<meta property=\"og:site_name\" content=\"Campus Auga\" \/>\n<meta property=\"article:modified_time\" content=\"2026-04-29T10:29:56+00:00\" \/>\n<meta property=\"og:image\" content=\"https:\/\/campusauga.uvigo.es\/wp-content\/uploads\/2022\/06\/BarcaDeRio.jpg\" \/>\n\t<meta property=\"og:image:width\" content=\"1920\" \/>\n\t<meta property=\"og:image:height\" content=\"400\" \/>\n\t<meta property=\"og:image:type\" content=\"image\/jpeg\" \/>\n<meta name=\"twitter:card\" content=\"summary_large_image\" \/>\n<meta name=\"twitter:label1\" content=\"Tiempo de lectura\" \/>\n\t<meta name=\"twitter:data1\" content=\"1 minuto\" \/>\n<script type=\"application\/ld+json\" class=\"yoast-schema-graph\">{\"@context\":\"https:\\\/\\\/schema.org\",\"@graph\":[{\"@type\":\"WebPage\",\"@id\":\"https:\\\/\\\/campusauga.uvigo.es\\\/es\\\/transferencia\\\/xornadas-de-portas-abertas\\\/\",\"url\":\"https:\\\/\\\/campusauga.uvigo.es\\\/es\\\/transferencia\\\/xornadas-de-portas-abertas\\\/\",\"name\":\"Jornadas de Puertas Abiertas | Campus Auga\",\"isPartOf\":{\"@id\":\"https:\\\/\\\/campusauga.uvigo.es\\\/es\\\/#website\"},\"primaryImageOfPage\":{\"@id\":\"https:\\\/\\\/campusauga.uvigo.es\\\/es\\\/transferencia\\\/xornadas-de-portas-abertas\\\/#primaryimage\"},\"image\":{\"@id\":\"https:\\\/\\\/campusauga.uvigo.es\\\/es\\\/transferencia\\\/xornadas-de-portas-abertas\\\/#primaryimage\"},\"thumbnailUrl\":\"https:\\\/\\\/campusauga.uvigo.es\\\/wp-content\\\/uploads\\\/2022\\\/06\\\/BarcaDeRio.jpg\",\"datePublished\":\"2022-05-23T07:48:22+00:00\",\"dateModified\":\"2026-04-29T10:29:56+00:00\",\"breadcrumb\":{\"@id\":\"https:\\\/\\\/campusauga.uvigo.es\\\/es\\\/transferencia\\\/xornadas-de-portas-abertas\\\/#breadcrumb\"},\"inLanguage\":\"es\",\"potentialAction\":[{\"@type\":\"ReadAction\",\"target\":[\"https:\\\/\\\/campusauga.uvigo.es\\\/es\\\/transferencia\\\/xornadas-de-portas-abertas\\\/\"]}]},{\"@type\":\"ImageObject\",\"inLanguage\":\"es\",\"@id\":\"https:\\\/\\\/campusauga.uvigo.es\\\/es\\\/transferencia\\\/xornadas-de-portas-abertas\\\/#primaryimage\",\"url\":\"https:\\\/\\\/campusauga.uvigo.es\\\/wp-content\\\/uploads\\\/2022\\\/06\\\/BarcaDeRio.jpg\",\"contentUrl\":\"https:\\\/\\\/campusauga.uvigo.es\\\/wp-content\\\/uploads\\\/2022\\\/06\\\/BarcaDeRio.jpg\",\"width\":1920,\"height\":400},{\"@type\":\"BreadcrumbList\",\"@id\":\"https:\\\/\\\/campusauga.uvigo.es\\\/es\\\/transferencia\\\/xornadas-de-portas-abertas\\\/#breadcrumb\",\"itemListElement\":[{\"@type\":\"ListItem\",\"position\":1,\"name\":\"Portada\",\"item\":\"https:\\\/\\\/campusauga.uvigo.es\\\/es\\\/\"},{\"@type\":\"ListItem\",\"position\":2,\"name\":\"Transferencia\",\"item\":\"https:\\\/\\\/campusauga.uvigo.es\\\/es\\\/transferencia\\\/\"},{\"@type\":\"ListItem\",\"position\":3,\"name\":\"Jornadas de Puertas Abiertas\"}]},{\"@type\":\"WebSite\",\"@id\":\"https:\\\/\\\/campusauga.uvigo.es\\\/es\\\/#website\",\"url\":\"https:\\\/\\\/campusauga.uvigo.es\\\/es\\\/\",\"name\":\"Campus Auga\",\"description\":\"\",\"publisher\":{\"@id\":\"https:\\\/\\\/campusauga.uvigo.es\\\/es\\\/#organization\"},\"potentialAction\":[{\"@type\":\"SearchAction\",\"target\":{\"@type\":\"EntryPoint\",\"urlTemplate\":\"https:\\\/\\\/campusauga.uvigo.es\\\/es\\\/?s={search_term_string}\"},\"query-input\":{\"@type\":\"PropertyValueSpecification\",\"valueRequired\":true,\"valueName\":\"search_term_string\"}}],\"inLanguage\":\"es\"},{\"@type\":\"Organization\",\"@id\":\"https:\\\/\\\/campusauga.uvigo.es\\\/es\\\/#organization\",\"name\":\"Campus Auga\",\"url\":\"https:\\\/\\\/campusauga.uvigo.es\\\/es\\\/\",\"logo\":{\"@type\":\"ImageObject\",\"inLanguage\":\"es\",\"@id\":\"https:\\\/\\\/campusauga.uvigo.es\\\/es\\\/#\\\/schema\\\/logo\\\/image\\\/\",\"url\":\"https:\\\/\\\/campusauga.uvigo.es\\\/wp-content\\\/uploads\\\/2022\\\/05\\\/logo-campus-auga.png\",\"contentUrl\":\"https:\\\/\\\/campusauga.uvigo.es\\\/wp-content\\\/uploads\\\/2022\\\/05\\\/logo-campus-auga.png\",\"width\":628,\"height\":100,\"caption\":\"Campus Auga\"},\"image\":{\"@id\":\"https:\\\/\\\/campusauga.uvigo.es\\\/es\\\/#\\\/schema\\\/logo\\\/image\\\/\"}}]}<\/script>\n<!-- \/ Yoast SEO plugin. -->","yoast_head_json":{"title":"Jornadas de Puertas Abiertas | Campus Auga","robots":{"index":"index","follow":"follow","max-snippet":"max-snippet:-1","max-image-preview":"max-image-preview:large","max-video-preview":"max-video-preview:-1"},"canonical":"https:\/\/campusauga.uvigo.es\/es\/transferencia\/xornadas-de-portas-abertas\/","og_locale":"es_ES","og_type":"article","og_title":"Jornadas de Puertas Abiertas | Campus Auga","og_description":"El D\u00eda Mundial del agua, abrimos las puertas al estudiantado de Secundaria y Bachillerato para orientarlo sobre su futuro universitario y dar a conocer la investigaci\u00f3n del Campus Auga.","og_url":"https:\/\/campusauga.uvigo.es\/es\/transferencia\/xornadas-de-portas-abertas\/","og_site_name":"Campus Auga","article_modified_time":"2026-04-29T10:29:56+00:00","og_image":[{"width":1920,"height":400,"url":"https:\/\/campusauga.uvigo.es\/wp-content\/uploads\/2022\/06\/BarcaDeRio.jpg","type":"image\/jpeg"}],"twitter_card":"summary_large_image","twitter_misc":{"Tiempo de lectura":"1 minuto"},"schema":{"@context":"https:\/\/schema.org","@graph":[{"@type":"WebPage","@id":"https:\/\/campusauga.uvigo.es\/es\/transferencia\/xornadas-de-portas-abertas\/","url":"https:\/\/campusauga.uvigo.es\/es\/transferencia\/xornadas-de-portas-abertas\/","name":"Jornadas de Puertas Abiertas | Campus Auga","isPartOf":{"@id":"https:\/\/campusauga.uvigo.es\/es\/#website"},"primaryImageOfPage":{"@id":"https:\/\/campusauga.uvigo.es\/es\/transferencia\/xornadas-de-portas-abertas\/#primaryimage"},"image":{"@id":"https:\/\/campusauga.uvigo.es\/es\/transferencia\/xornadas-de-portas-abertas\/#primaryimage"},"thumbnailUrl":"https:\/\/campusauga.uvigo.es\/wp-content\/uploads\/2022\/06\/BarcaDeRio.jpg","datePublished":"2022-05-23T07:48:22+00:00","dateModified":"2026-04-29T10:29:56+00:00","breadcrumb":{"@id":"https:\/\/campusauga.uvigo.es\/es\/transferencia\/xornadas-de-portas-abertas\/#breadcrumb"},"inLanguage":"es","potentialAction":[{"@type":"ReadAction","target":["https:\/\/campusauga.uvigo.es\/es\/transferencia\/xornadas-de-portas-abertas\/"]}]},{"@type":"ImageObject","inLanguage":"es","@id":"https:\/\/campusauga.uvigo.es\/es\/transferencia\/xornadas-de-portas-abertas\/#primaryimage","url":"https:\/\/campusauga.uvigo.es\/wp-content\/uploads\/2022\/06\/BarcaDeRio.jpg","contentUrl":"https:\/\/campusauga.uvigo.es\/wp-content\/uploads\/2022\/06\/BarcaDeRio.jpg","width":1920,"height":400},{"@type":"BreadcrumbList","@id":"https:\/\/campusauga.uvigo.es\/es\/transferencia\/xornadas-de-portas-abertas\/#breadcrumb","itemListElement":[{"@type":"ListItem","position":1,"name":"Portada","item":"https:\/\/campusauga.uvigo.es\/es\/"},{"@type":"ListItem","position":2,"name":"Transferencia","item":"https:\/\/campusauga.uvigo.es\/es\/transferencia\/"},{"@type":"ListItem","position":3,"name":"Jornadas de Puertas Abiertas"}]},{"@type":"WebSite","@id":"https:\/\/campusauga.uvigo.es\/es\/#website","url":"https:\/\/campusauga.uvigo.es\/es\/","name":"Campus Auga","description":"","publisher":{"@id":"https:\/\/campusauga.uvigo.es\/es\/#organization"},"potentialAction":[{"@type":"SearchAction","target":{"@type":"EntryPoint","urlTemplate":"https:\/\/campusauga.uvigo.es\/es\/?s={search_term_string}"},"query-input":{"@type":"PropertyValueSpecification","valueRequired":true,"valueName":"search_term_string"}}],"inLanguage":"es"},{"@type":"Organization","@id":"https:\/\/campusauga.uvigo.es\/es\/#organization","name":"Campus Auga","url":"https:\/\/campusauga.uvigo.es\/es\/","logo":{"@type":"ImageObject","inLanguage":"es","@id":"https:\/\/campusauga.uvigo.es\/es\/#\/schema\/logo\/image\/","url":"https:\/\/campusauga.uvigo.es\/wp-content\/uploads\/2022\/05\/logo-campus-auga.png","contentUrl":"https:\/\/campusauga.uvigo.es\/wp-content\/uploads\/2022\/05\/logo-campus-auga.png","width":628,"height":100,"caption":"Campus Auga"},"image":{"@id":"https:\/\/campusauga.uvigo.es\/es\/#\/schema\/logo\/image\/"}}]}},"_links":{"self":[{"href":"https:\/\/campusauga.uvigo.es\/es\/wp-json\/wp\/v2\/pages\/1689","targetHints":{"allow":["GET"]}}],"collection":[{"href":"https:\/\/campusauga.uvigo.es\/es\/wp-json\/wp\/v2\/pages"}],"about":[{"href":"https:\/\/campusauga.uvigo.es\/es\/wp-json\/wp\/v2\/types\/page"}],"author":[{"embeddable":true,"href":"https:\/\/campusauga.uvigo.es\/es\/wp-json\/wp\/v2\/users\/1"}],"replies":[{"embeddable":true,"href":"https:\/\/campusauga.uvigo.es\/es\/wp-json\/wp\/v2\/comments?post=1689"}],"version-history":[{"count":7,"href":"https:\/\/campusauga.uvigo.es\/es\/wp-json\/wp\/v2\/pages\/1689\/revisions"}],"predecessor-version":[{"id":7337,"href":"https:\/\/campusauga.uvigo.es\/es\/wp-json\/wp\/v2\/pages\/1689\/revisions\/7337"}],"up":[{"embeddable":true,"href":"https:\/\/campusauga.uvigo.es\/es\/wp-json\/wp\/v2\/pages\/1679"}],"wp:featuredmedia":[{"embeddable":true,"href":"https:\/\/campusauga.uvigo.es\/es\/wp-json\/wp\/v2\/media\/634"}],"wp:attachment":[{"href":"https:\/\/campusauga.uvigo.es\/es\/wp-json\/wp\/v2\/media?parent=1689"}],"curies":[{"name":"wp","href":"https:\/\/api.w.org\/{rel}","templated":true}]}}