{"id":1698,"date":"2022-05-05T13:04:32","date_gmt":"2022-05-05T11:04:32","guid":{"rendered":"https:\/\/campusauga.uvigo.es\/investigacion\/grupos-de-investigacion\/"},"modified":"2026-01-30T10:08:26","modified_gmt":"2026-01-30T09:08:26","slug":"grupos-de-investigacion","status":"publish","type":"page","link":"https:\/\/campusauga.uvigo.es\/es\/investigacion\/grupos-de-investigacion\/","title":{"rendered":"Grupos de investigaci\u00f3n"},"content":{"rendered":"\n<div class=\"wp-block-columns is-layout-flex wp-container-core-columns-is-layout-9d6595d7 wp-block-columns-is-layout-flex\">\n<div class=\"wp-block-column is-layout-flow wp-block-column-is-layout-flow\" style=\"flex-basis:50%\">\n<p>Los grupos son la unidad b\u00e1sica de la actividad cient\u00edfica especializada del Campus Auga. De nuestros 19 grupos de investigaci\u00f3n, diez de ellos son de referencia competitiva. Todos desarrollan su quehacer en las distintas l\u00edneas de especializaci\u00f3n o en las \u00e1reas de soporte.<\/p>\n\n\n\n<p>A continuaci\u00f3n presentamos el listado de los grupos ordenados por las l\u00edneas de especializaci\u00f3n:<\/p>\n<\/div>\n\n\n\n<div class=\"wp-block-column is-layout-flow wp-block-column-is-layout-flow\" style=\"flex-basis:50%\">\n<figure class=\"wp-block-image size-full\"><img loading=\"lazy\" decoding=\"async\" width=\"776\" height=\"418\" src=\"\/wp-content\/uploads\/2022\/06\/PersoarecollendoAugaNunRio-1.jpg\" alt=\"\" class=\"wp-image-795\" srcset=\"https:\/\/campusauga.uvigo.es\/wp-content\/uploads\/2022\/06\/PersoarecollendoAugaNunRio-1.jpg 776w, https:\/\/campusauga.uvigo.es\/wp-content\/uploads\/2022\/06\/PersoarecollendoAugaNunRio-1-300x162.jpg 300w, https:\/\/campusauga.uvigo.es\/wp-content\/uploads\/2022\/06\/PersoarecollendoAugaNunRio-1-768x414.jpg 768w\" sizes=\"auto, (max-width: 776px) 100vw, 776px\" \/><\/figure>\n<\/div>\n<\/div>\n\n\n\n<div style=\"height:20px\" aria-hidden=\"true\" class=\"wp-block-spacer\"><\/div>\n\n\n<hr class=\"ub_divider\" id=\"ub_divider_553e089e-55ae-4c14-bb94-adae16c4557c\"><\/hr>\n\n\n<div class=\"wp-block-columns is-layout-flex wp-container-core-columns-is-layout-9d6595d7 wp-block-columns-is-layout-flex\">\n<div class=\"wp-block-column is-layout-flow wp-block-column-is-layout-flow\" style=\"flex-basis:16%\">\n<figure class=\"wp-block-image size-full is-resized\"><img loading=\"lazy\" decoding=\"async\" width=\"600\" height=\"600\" src=\"\/wp-content\/uploads\/2022\/05\/LinhaAlimentacion.jpg\" alt=\"\" class=\"wp-image-571\" style=\"width:150px;height:150px\" srcset=\"https:\/\/campusauga.uvigo.es\/wp-content\/uploads\/2022\/05\/LinhaAlimentacion.jpg 600w, https:\/\/campusauga.uvigo.es\/wp-content\/uploads\/2022\/05\/LinhaAlimentacion-300x300.jpg 300w, https:\/\/campusauga.uvigo.es\/wp-content\/uploads\/2022\/05\/LinhaAlimentacion-150x150.jpg 150w, https:\/\/campusauga.uvigo.es\/wp-content\/uploads\/2022\/05\/LinhaAlimentacion-400x400.jpg 400w\" sizes=\"auto, (max-width: 600px) 100vw, 600px\" \/><\/figure>\n<\/div>\n\n\n\n<div class=\"wp-block-column is-layout-flow wp-block-column-is-layout-flow\" style=\"flex-basis:42%\">\n<h2 class=\"wp-block-heading\">Alimentaci\u00f3n Funcional<\/h2>\n\n\n\n<ul class=\"wp-block-list is-style-list-peak\">\n<li><a href=\"https:\/\/portalcientifico.uvigo.gal\/grupos\/198929\/detalle\">Tecnolox\u00eda Enzim\u00e1tica e Bioestructuras<\/a><\/li>\n\n\n\n<li><a href=\"https:\/\/portalcientifico.uvigo.gal\/grupos\/17783\/detalle\">Investigaci\u00f3ns Agrarias e Alimentarias<\/a><\/li>\n\n\n\n<li><a href=\"https:\/\/portalcientifico.uvigo.gal\/grupos\/17709\/detalle\">Enxe\u00f1ar\u00eda Qu\u00edmica 4<\/a><\/li>\n\n\n\n<li><a href=\"https:\/\/portalcientifico.uvigo.gal\/grupos\/17824\/detalle\">BiotecnIA_Biotecnolox\u00eda Industrial e Enxe\u00f1er\u00eda Ambiental<\/a><\/li>\n<\/ul>\n<\/div>\n\n\n\n<div class=\"wp-block-column is-layout-flow wp-block-column-is-layout-flow\" style=\"flex-basis:42%\">\n<div style=\"height:60px\" aria-hidden=\"true\" class=\"wp-block-spacer\"><\/div>\n\n\n\n<ul class=\"wp-block-list is-style-list-peak\">\n<li><a href=\"https:\/\/portalcientifico.uvigo.gal\/grupos\/17830\/detalle\">Food and Health Omics<\/a><\/li>\n\n\n\n<li><a href=\"https:\/\/portalcientifico.uvigo.gal\/grupos\/17675\/detalle\">Biomasa e desenvolvemento sostible<\/a><\/li>\n\n\n\n<li><a href=\"https:\/\/portalcientifico.uvigo.gal\/grupos\/195229\/detalle\">Nutrition and Food Group<\/a><\/li>\n<\/ul>\n<\/div>\n<\/div>\n\n\n\n<div style=\"height:30px\" aria-hidden=\"true\" class=\"wp-block-spacer\"><\/div>\n\n\n<hr class=\"ub_divider\" id=\"ub_divider_369835fd-2555-4be1-8e07-fb2853364880\"><\/hr>\n\n\n<div class=\"wp-block-columns is-layout-flex wp-container-core-columns-is-layout-9d6595d7 wp-block-columns-is-layout-flex\">\n<div class=\"wp-block-column is-layout-flow wp-block-column-is-layout-flow\" style=\"flex-basis:16%\">\n<figure class=\"wp-block-image size-full is-resized\"><img loading=\"lazy\" decoding=\"async\" width=\"600\" height=\"600\" src=\"\/wp-content\/uploads\/2022\/06\/MedioAmbiente-LinhasCampusAuga.jpg\" alt=\"\" class=\"wp-image-761\" style=\"width:150px;height:150px\" srcset=\"https:\/\/campusauga.uvigo.es\/wp-content\/uploads\/2022\/06\/MedioAmbiente-LinhasCampusAuga.jpg 600w, https:\/\/campusauga.uvigo.es\/wp-content\/uploads\/2022\/06\/MedioAmbiente-LinhasCampusAuga-300x300.jpg 300w, https:\/\/campusauga.uvigo.es\/wp-content\/uploads\/2022\/06\/MedioAmbiente-LinhasCampusAuga-150x150.jpg 150w, https:\/\/campusauga.uvigo.es\/wp-content\/uploads\/2022\/06\/MedioAmbiente-LinhasCampusAuga-400x400.jpg 400w\" sizes=\"auto, (max-width: 600px) 100vw, 600px\" \/><\/figure>\n<\/div>\n\n\n\n<div class=\"wp-block-column is-layout-flow wp-block-column-is-layout-flow\" style=\"flex-basis:42%\">\n<h2 class=\"wp-block-heading\">Agricultura y Medio Ambiente<\/h2>\n\n\n\n<ul class=\"wp-block-list is-style-list-peak\">\n<li><a href=\"https:\/\/portalcientifico.uvigo.gal\/grupos\/17755\/detalle\">Environmental Physics Laboratory. EPHYSLAB<\/a><\/li>\n\n\n\n<li><a href=\"https:\/\/portalcientifico.uvigo.gal\/grupos\/17672\/detalle\">Planta, Solo e Aproveitamento de subprodutos<\/a><\/li>\n\n\n\n<li><a href=\"https:\/\/aerolab5.wixsite.com\/aerolab\">Aero<\/a><a href=\"https:\/\/portalcientifico.uvigo.gal\/grupos\/44812\/detalle\">space &amp; Transportation Systems Laboratory<\/a><\/li>\n\n\n\n<li><a href=\"https:\/\/portalcientifico.uvigo.gal\/grupos\/62510\/detalle\">Biorrefiner\u00eda e Valorizaci\u00f3n da Biomasa<\/a><\/li>\n<\/ul>\n<\/div>\n\n\n\n<div class=\"wp-block-column is-layout-flow wp-block-column-is-layout-flow\" style=\"flex-basis:42%\">\n<div style=\"height:60px\" aria-hidden=\"true\" class=\"wp-block-spacer\"><\/div>\n\n\n\n<ul class=\"wp-block-list is-style-list-peak\">\n<li><a href=\"https:\/\/portalcientifico.uvigo.gal\/grupos\/17779\/detalle\">Agrobiolox\u00eda Ambiental: Calidade, Solos e Plantas<\/a><\/li>\n\n\n\n<li><a href=\"https:\/\/bidi.uvigo.es\/gl\/grupo\/biotecnoloxia-e-calidade-en-industrias-agroalimentarias-e-medio-ambiente\/\">B<\/a><a href=\"https:\/\/portalcientifico.uvigo.gal\/grupos\/17812\/detalle\">iotecnolox\u00eda e Calidade en Industrias Agroalimentarias e Medioambiente<\/a><\/li>\n\n\n\n<li><a href=\"https:\/\/portalcientifico.uvigo.gal\/grupos\/62508\/detalle\">Grupo de Investigaci\u00f3n en Sistemas Agroambientais<\/a><\/li>\n<\/ul>\n<\/div>\n<\/div>\n\n\n\n<div style=\"height:30px\" aria-hidden=\"true\" class=\"wp-block-spacer\"><\/div>\n\n\n<hr class=\"ub_divider\" id=\"ub_divider_7846c2c5-b060-488b-82c9-5d48066dfcc0\"><\/hr>\n\n\n<div class=\"wp-block-columns is-layout-flex wp-container-core-columns-is-layout-9d6595d7 wp-block-columns-is-layout-flex\">\n<div class=\"wp-block-column is-layout-flow wp-block-column-is-layout-flow\" style=\"flex-basis:16%\">\n<figure class=\"wp-block-image size-full is-resized\"><img loading=\"lazy\" decoding=\"async\" width=\"600\" height=\"600\" src=\"\/wp-content\/uploads\/2022\/06\/XestionAuga-LinhasCampusAuga.jpg\" alt=\"\" class=\"wp-image-759\" style=\"width:150px;height:150px\" srcset=\"https:\/\/campusauga.uvigo.es\/wp-content\/uploads\/2022\/06\/XestionAuga-LinhasCampusAuga.jpg 600w, https:\/\/campusauga.uvigo.es\/wp-content\/uploads\/2022\/06\/XestionAuga-LinhasCampusAuga-300x300.jpg 300w, https:\/\/campusauga.uvigo.es\/wp-content\/uploads\/2022\/06\/XestionAuga-LinhasCampusAuga-150x150.jpg 150w, https:\/\/campusauga.uvigo.es\/wp-content\/uploads\/2022\/06\/XestionAuga-LinhasCampusAuga-400x400.jpg 400w\" sizes=\"auto, (max-width: 600px) 100vw, 600px\" \/><\/figure>\n<\/div>\n\n\n\n<div class=\"wp-block-column is-layout-flow wp-block-column-is-layout-flow\" style=\"flex-basis:42%\">\n<h2 class=\"wp-block-heading\">Gesti\u00f3n del Agua Termal<\/h2>\n\n\n\n<ul class=\"wp-block-list is-style-list-peak\">\n<li><a href=\"https:\/\/portalcientifico.uvigo.gal\/grupos\/62508\/detalle\">Grupo de Investigaci\u00f3n en Sistemas Agroambientais<\/a><\/li>\n\n\n\n<li><a href=\"https:\/\/portalcientifico.uvigo.gal\/grupos\/17701\/detalle\">Organizaci\u00f3n e Comercializaci\u00f3n<\/a><\/li>\n<\/ul>\n<\/div>\n\n\n\n<div class=\"wp-block-column is-layout-flow wp-block-column-is-layout-flow\" style=\"flex-basis:42%\">\n<div style=\"height:60px\" aria-hidden=\"true\" class=\"wp-block-spacer\"><\/div>\n\n\n\n<ul class=\"wp-block-list is-style-list-peak\">\n<li><a href=\"https:\/\/portalcientifico.uvigo.gal\/grupos\/17817\/detalle\">MEDEA Iuris Crea<\/a><\/li>\n\n\n\n<li><a href=\"https:\/\/portalcientifico.uvigo.gal\/grupos\/17797\/detalle\">Agrupaci\u00f3n Grupos de Investigaci\u00f3n de Dereito Administrativo e Filosof\u00eda do Dereito<\/a><\/li>\n<\/ul>\n<\/div>\n<\/div>\n\n\n\n<div style=\"height:30px\" aria-hidden=\"true\" class=\"wp-block-spacer\"><\/div>\n\n\n<hr class=\"ub_divider\" id=\"ub_divider_314ce466-2312-40ba-b527-eea8d323ba73\"><\/hr>\n\n\n<div class=\"wp-block-columns is-layout-flex wp-container-core-columns-is-layout-9d6595d7 wp-block-columns-is-layout-flex\">\n<div class=\"wp-block-column is-layout-flow wp-block-column-is-layout-flow\" style=\"flex-basis:16%\">\n<h2 class=\"wp-block-heading\">\u00c1rea de Soporte<\/h2>\n<\/div>\n\n\n\n<div class=\"wp-block-column is-layout-flow wp-block-column-is-layout-flow\" style=\"flex-basis:42%\">\n<ul class=\"wp-block-list is-style-list-peak\">\n<li><a href=\"https:\/\/bidi.uvigo.es\/gl\/grupo\/governance-and-economics-research-network\"><\/a><a href=\"https:\/\/bidi.uvigo.gal\/es\/grupo\/laboratorio-de-inteligencia-artificial-aplicada\"><\/a><a href=\"https:\/\/portalcientifico.uvigo.gal\/grupos\/17749\/detalle\">Sistemas Inform\u00e1ticos de Nova Xeraci\u00f3n<\/a><\/li>\n\n\n\n<li><a href=\"https:\/\/bidi.uvigo.gal\/es\/grupo\/laboratorio-de-inteligencia-artificial-aplicada\"><\/a><a href=\"https:\/\/portalcientifico.uvigo.gal\/grupos\/17807\/detalle\">Governance and Economics Research Network<\/a><\/li>\n\n\n\n<li><a href=\"https:\/\/bidi.uvigo.gal\/es\/grupo\/laboratorio-de-inteligencia-artificial-aplicada\"><\/a><a href=\"https:\/\/portalcientifico.uvigo.gal\/grupos\/17817\/detalle\">MEDEA Iuris Crea<\/a><\/li>\n<\/ul>\n<\/div>\n\n\n\n<div class=\"wp-block-column is-layout-flow wp-block-column-is-layout-flow\" style=\"flex-basis:42%\"><\/div>\n<\/div>\n","protected":false},"excerpt":{"rendered":"<p>M\u00e1s de 330 personas investigadoras que desarrollan la actividad cient\u00edfica \u201319 grupos\u2013 en las diversas \u00e1reas del Campus Auga, por medio de 49 proyectos competitivos.<\/p>\n","protected":false},"author":1,"featured_media":648,"parent":1681,"menu_order":0,"comment_status":"closed","ping_status":"closed","template":"","meta":{"_acf_changed":false,"ub_ctt_via":"","footnotes":""},"class_list":["post-1698","page","type-page","status-publish","has-post-thumbnail","hentry"],"acf":[],"featured_image_src":"https:\/\/campusauga.uvigo.es\/wp-content\/uploads\/2022\/06\/PonteRomana.jpg","yoast_head":"<!-- This site is optimized with the Yoast SEO plugin v27.6 - https:\/\/yoast.com\/product\/yoast-seo-wordpress\/ -->\n<title>Grupos de investigaci\u00f3n | Campus Auga<\/title>\n<meta name=\"robots\" content=\"index, follow, max-snippet:-1, max-image-preview:large, max-video-preview:-1\" \/>\n<link rel=\"canonical\" href=\"https:\/\/campusauga.uvigo.es\/es\/investigacion\/grupos-de-investigacion\/\" \/>\n<meta property=\"og:locale\" content=\"es_ES\" \/>\n<meta property=\"og:type\" content=\"article\" \/>\n<meta property=\"og:title\" content=\"Grupos de investigaci\u00f3n | Campus Auga\" \/>\n<meta property=\"og:description\" content=\"M\u00e1s de 330 personas investigadoras que desarrollan la actividad cient\u00edfica \u201319 grupos\u2013 en las diversas \u00e1reas del Campus Auga, por medio de 49 proyectos competitivos.\" \/>\n<meta property=\"og:url\" content=\"https:\/\/campusauga.uvigo.es\/es\/investigacion\/grupos-de-investigacion\/\" \/>\n<meta property=\"og:site_name\" content=\"Campus Auga\" \/>\n<meta property=\"article:modified_time\" content=\"2026-01-30T09:08:26+00:00\" \/>\n<meta property=\"og:image\" content=\"https:\/\/campusauga.uvigo.es\/wp-content\/uploads\/2022\/06\/PonteRomana.jpg\" \/>\n\t<meta property=\"og:image:width\" content=\"1920\" \/>\n\t<meta property=\"og:image:height\" content=\"400\" \/>\n\t<meta property=\"og:image:type\" content=\"image\/jpeg\" \/>\n<meta name=\"twitter:card\" content=\"summary_large_image\" \/>\n<meta name=\"twitter:label1\" content=\"Tiempo de lectura\" \/>\n\t<meta name=\"twitter:data1\" content=\"2 minutos\" \/>\n<script type=\"application\/ld+json\" class=\"yoast-schema-graph\">{\"@context\":\"https:\\\/\\\/schema.org\",\"@graph\":[{\"@type\":\"WebPage\",\"@id\":\"https:\\\/\\\/campusauga.uvigo.es\\\/es\\\/investigacion\\\/grupos-de-investigacion\\\/\",\"url\":\"https:\\\/\\\/campusauga.uvigo.es\\\/es\\\/investigacion\\\/grupos-de-investigacion\\\/\",\"name\":\"Grupos de investigaci\u00f3n | Campus Auga\",\"isPartOf\":{\"@id\":\"https:\\\/\\\/campusauga.uvigo.es\\\/es\\\/#website\"},\"primaryImageOfPage\":{\"@id\":\"https:\\\/\\\/campusauga.uvigo.es\\\/es\\\/investigacion\\\/grupos-de-investigacion\\\/#primaryimage\"},\"image\":{\"@id\":\"https:\\\/\\\/campusauga.uvigo.es\\\/es\\\/investigacion\\\/grupos-de-investigacion\\\/#primaryimage\"},\"thumbnailUrl\":\"https:\\\/\\\/campusauga.uvigo.es\\\/wp-content\\\/uploads\\\/2022\\\/06\\\/PonteRomana.jpg\",\"datePublished\":\"2022-05-05T11:04:32+00:00\",\"dateModified\":\"2026-01-30T09:08:26+00:00\",\"breadcrumb\":{\"@id\":\"https:\\\/\\\/campusauga.uvigo.es\\\/es\\\/investigacion\\\/grupos-de-investigacion\\\/#breadcrumb\"},\"inLanguage\":\"es\",\"potentialAction\":[{\"@type\":\"ReadAction\",\"target\":[\"https:\\\/\\\/campusauga.uvigo.es\\\/es\\\/investigacion\\\/grupos-de-investigacion\\\/\"]}]},{\"@type\":\"ImageObject\",\"inLanguage\":\"es\",\"@id\":\"https:\\\/\\\/campusauga.uvigo.es\\\/es\\\/investigacion\\\/grupos-de-investigacion\\\/#primaryimage\",\"url\":\"https:\\\/\\\/campusauga.uvigo.es\\\/wp-content\\\/uploads\\\/2022\\\/06\\\/PonteRomana.jpg\",\"contentUrl\":\"https:\\\/\\\/campusauga.uvigo.es\\\/wp-content\\\/uploads\\\/2022\\\/06\\\/PonteRomana.jpg\",\"width\":1920,\"height\":400},{\"@type\":\"BreadcrumbList\",\"@id\":\"https:\\\/\\\/campusauga.uvigo.es\\\/es\\\/investigacion\\\/grupos-de-investigacion\\\/#breadcrumb\",\"itemListElement\":[{\"@type\":\"ListItem\",\"position\":1,\"name\":\"Portada\",\"item\":\"https:\\\/\\\/campusauga.uvigo.es\\\/es\\\/\"},{\"@type\":\"ListItem\",\"position\":2,\"name\":\"Investigaci\u00f3n\",\"item\":\"https:\\\/\\\/campusauga.uvigo.es\\\/es\\\/investigacion\\\/\"},{\"@type\":\"ListItem\",\"position\":3,\"name\":\"Grupos de investigaci\u00f3n\"}]},{\"@type\":\"WebSite\",\"@id\":\"https:\\\/\\\/campusauga.uvigo.es\\\/es\\\/#website\",\"url\":\"https:\\\/\\\/campusauga.uvigo.es\\\/es\\\/\",\"name\":\"Campus Auga\",\"description\":\"\",\"publisher\":{\"@id\":\"https:\\\/\\\/campusauga.uvigo.es\\\/es\\\/#organization\"},\"potentialAction\":[{\"@type\":\"SearchAction\",\"target\":{\"@type\":\"EntryPoint\",\"urlTemplate\":\"https:\\\/\\\/campusauga.uvigo.es\\\/es\\\/?s={search_term_string}\"},\"query-input\":{\"@type\":\"PropertyValueSpecification\",\"valueRequired\":true,\"valueName\":\"search_term_string\"}}],\"inLanguage\":\"es\"},{\"@type\":\"Organization\",\"@id\":\"https:\\\/\\\/campusauga.uvigo.es\\\/es\\\/#organization\",\"name\":\"Campus Auga\",\"url\":\"https:\\\/\\\/campusauga.uvigo.es\\\/es\\\/\",\"logo\":{\"@type\":\"ImageObject\",\"inLanguage\":\"es\",\"@id\":\"https:\\\/\\\/campusauga.uvigo.es\\\/es\\\/#\\\/schema\\\/logo\\\/image\\\/\",\"url\":\"https:\\\/\\\/campusauga.uvigo.es\\\/wp-content\\\/uploads\\\/2022\\\/05\\\/logo-campus-auga.png\",\"contentUrl\":\"https:\\\/\\\/campusauga.uvigo.es\\\/wp-content\\\/uploads\\\/2022\\\/05\\\/logo-campus-auga.png\",\"width\":628,\"height\":100,\"caption\":\"Campus Auga\"},\"image\":{\"@id\":\"https:\\\/\\\/campusauga.uvigo.es\\\/es\\\/#\\\/schema\\\/logo\\\/image\\\/\"}}]}<\/script>\n<!-- \/ Yoast SEO plugin. -->","yoast_head_json":{"title":"Grupos de investigaci\u00f3n | Campus Auga","robots":{"index":"index","follow":"follow","max-snippet":"max-snippet:-1","max-image-preview":"max-image-preview:large","max-video-preview":"max-video-preview:-1"},"canonical":"https:\/\/campusauga.uvigo.es\/es\/investigacion\/grupos-de-investigacion\/","og_locale":"es_ES","og_type":"article","og_title":"Grupos de investigaci\u00f3n | Campus Auga","og_description":"M\u00e1s de 330 personas investigadoras que desarrollan la actividad cient\u00edfica \u201319 grupos\u2013 en las diversas \u00e1reas del Campus Auga, por medio de 49 proyectos competitivos.","og_url":"https:\/\/campusauga.uvigo.es\/es\/investigacion\/grupos-de-investigacion\/","og_site_name":"Campus Auga","article_modified_time":"2026-01-30T09:08:26+00:00","og_image":[{"width":1920,"height":400,"url":"https:\/\/campusauga.uvigo.es\/wp-content\/uploads\/2022\/06\/PonteRomana.jpg","type":"image\/jpeg"}],"twitter_card":"summary_large_image","twitter_misc":{"Tiempo de lectura":"2 minutos"},"schema":{"@context":"https:\/\/schema.org","@graph":[{"@type":"WebPage","@id":"https:\/\/campusauga.uvigo.es\/es\/investigacion\/grupos-de-investigacion\/","url":"https:\/\/campusauga.uvigo.es\/es\/investigacion\/grupos-de-investigacion\/","name":"Grupos de investigaci\u00f3n | Campus Auga","isPartOf":{"@id":"https:\/\/campusauga.uvigo.es\/es\/#website"},"primaryImageOfPage":{"@id":"https:\/\/campusauga.uvigo.es\/es\/investigacion\/grupos-de-investigacion\/#primaryimage"},"image":{"@id":"https:\/\/campusauga.uvigo.es\/es\/investigacion\/grupos-de-investigacion\/#primaryimage"},"thumbnailUrl":"https:\/\/campusauga.uvigo.es\/wp-content\/uploads\/2022\/06\/PonteRomana.jpg","datePublished":"2022-05-05T11:04:32+00:00","dateModified":"2026-01-30T09:08:26+00:00","breadcrumb":{"@id":"https:\/\/campusauga.uvigo.es\/es\/investigacion\/grupos-de-investigacion\/#breadcrumb"},"inLanguage":"es","potentialAction":[{"@type":"ReadAction","target":["https:\/\/campusauga.uvigo.es\/es\/investigacion\/grupos-de-investigacion\/"]}]},{"@type":"ImageObject","inLanguage":"es","@id":"https:\/\/campusauga.uvigo.es\/es\/investigacion\/grupos-de-investigacion\/#primaryimage","url":"https:\/\/campusauga.uvigo.es\/wp-content\/uploads\/2022\/06\/PonteRomana.jpg","contentUrl":"https:\/\/campusauga.uvigo.es\/wp-content\/uploads\/2022\/06\/PonteRomana.jpg","width":1920,"height":400},{"@type":"BreadcrumbList","@id":"https:\/\/campusauga.uvigo.es\/es\/investigacion\/grupos-de-investigacion\/#breadcrumb","itemListElement":[{"@type":"ListItem","position":1,"name":"Portada","item":"https:\/\/campusauga.uvigo.es\/es\/"},{"@type":"ListItem","position":2,"name":"Investigaci\u00f3n","item":"https:\/\/campusauga.uvigo.es\/es\/investigacion\/"},{"@type":"ListItem","position":3,"name":"Grupos de investigaci\u00f3n"}]},{"@type":"WebSite","@id":"https:\/\/campusauga.uvigo.es\/es\/#website","url":"https:\/\/campusauga.uvigo.es\/es\/","name":"Campus Auga","description":"","publisher":{"@id":"https:\/\/campusauga.uvigo.es\/es\/#organization"},"potentialAction":[{"@type":"SearchAction","target":{"@type":"EntryPoint","urlTemplate":"https:\/\/campusauga.uvigo.es\/es\/?s={search_term_string}"},"query-input":{"@type":"PropertyValueSpecification","valueRequired":true,"valueName":"search_term_string"}}],"inLanguage":"es"},{"@type":"Organization","@id":"https:\/\/campusauga.uvigo.es\/es\/#organization","name":"Campus Auga","url":"https:\/\/campusauga.uvigo.es\/es\/","logo":{"@type":"ImageObject","inLanguage":"es","@id":"https:\/\/campusauga.uvigo.es\/es\/#\/schema\/logo\/image\/","url":"https:\/\/campusauga.uvigo.es\/wp-content\/uploads\/2022\/05\/logo-campus-auga.png","contentUrl":"https:\/\/campusauga.uvigo.es\/wp-content\/uploads\/2022\/05\/logo-campus-auga.png","width":628,"height":100,"caption":"Campus Auga"},"image":{"@id":"https:\/\/campusauga.uvigo.es\/es\/#\/schema\/logo\/image\/"}}]}},"_links":{"self":[{"href":"https:\/\/campusauga.uvigo.es\/es\/wp-json\/wp\/v2\/pages\/1698","targetHints":{"allow":["GET"]}}],"collection":[{"href":"https:\/\/campusauga.uvigo.es\/es\/wp-json\/wp\/v2\/pages"}],"about":[{"href":"https:\/\/campusauga.uvigo.es\/es\/wp-json\/wp\/v2\/types\/page"}],"author":[{"embeddable":true,"href":"https:\/\/campusauga.uvigo.es\/es\/wp-json\/wp\/v2\/users\/1"}],"replies":[{"embeddable":true,"href":"https:\/\/campusauga.uvigo.es\/es\/wp-json\/wp\/v2\/comments?post=1698"}],"version-history":[{"count":28,"href":"https:\/\/campusauga.uvigo.es\/es\/wp-json\/wp\/v2\/pages\/1698\/revisions"}],"predecessor-version":[{"id":6847,"href":"https:\/\/campusauga.uvigo.es\/es\/wp-json\/wp\/v2\/pages\/1698\/revisions\/6847"}],"up":[{"embeddable":true,"href":"https:\/\/campusauga.uvigo.es\/es\/wp-json\/wp\/v2\/pages\/1681"}],"wp:featuredmedia":[{"embeddable":true,"href":"https:\/\/campusauga.uvigo.es\/es\/wp-json\/wp\/v2\/media\/648"}],"wp:attachment":[{"href":"https:\/\/campusauga.uvigo.es\/es\/wp-json\/wp\/v2\/media?parent=1698"}],"curies":[{"name":"wp","href":"https:\/\/api.w.org\/{rel}","templated":true}]}}