{"id":1703,"date":"2022-05-23T09:44:42","date_gmt":"2022-05-23T07:44:42","guid":{"rendered":"https:\/\/campusauga.uvigo.es\/o-campus\/edificio-do-campus-auga\/"},"modified":"2024-02-12T11:14:39","modified_gmt":"2024-02-12T10:14:39","slug":"edificio-do-campus-auga","status":"publish","type":"page","link":"https:\/\/campusauga.uvigo.es\/es\/o-campus\/edificio-do-campus-auga\/","title":{"rendered":"Edificio del Campus Auga"},"content":{"rendered":"\n<div class=\"wp-block-columns is-layout-flex wp-container-core-columns-is-layout-9d6595d7 wp-block-columns-is-layout-flex\">\n<div class=\"wp-block-column is-layout-flow wp-block-column-is-layout-flow\">\n<p>El Edificio del Campus Auga acoge <strong>once laboratorios<\/strong> en los que diversos grupos de investigaci\u00f3n desarrollan sus proyectos cient\u00edficos.<\/p>\n\n\n\n<h2 class=\"wp-block-heading\">Laboratorios<\/h2>\n\n\n\n<ul class=\"wp-block-list\"><li><strong>Ingenier\u00eda Qu\u00edmica I<\/strong><br>Grupo de Investigaci\u00f3n Ingenier\u00eda Qu\u00edmica<\/li><li><strong>Ingenier\u00eda Qu\u00edmica II<\/strong><br>Grupo de Investigaci\u00f3n Planta, Suelo y Aprovechamiento de Subprodutos<\/li><li><strong>Ingenier\u00eda Qu\u00edmica III<\/strong><br>Grupo de Investigaci\u00f3n Biotecnolog\u00eda Industrial e Ingenier\u00eda Ambiental<\/li><li><strong>Biotecnolog\u00eda Industrial e Ingenier\u00eda Ambiental<\/strong><br>Grupo de Investigaci\u00f3n Biotecnolog\u00eda Industrial e Ingenier\u00eda Ambiental<\/li><li><strong>Nutrici\u00f3n y Bromatolog\u00eda<\/strong><br>Grupo de Investigaci\u00f3n Investigaciones Agrarias y Alimentarias<\/li><li><strong>Tecnolog\u00eda de Alimentos<\/strong><br>Grupo de Investigaci\u00f3n Ingenier\u00eda Qu\u00edmica 4<\/li><li><strong>Edafolog\u00eda y Qu\u00edmica Agr\u00edcola<\/strong><br>Grupo de Investigaci\u00f3n Planta, Suelo y Aprovechamiento de Subprodutos<\/li><li><strong>F\u00edsica de la Tierra<\/strong><br>Grupo de Investigaci\u00f3n Environmental Physics Laboratory<\/li><li><strong>Arqueolog\u00eda<\/strong><br>Grupo de Investigaci\u00f3n Estudios de Arqueolog\u00eda, Antig\u00fcedad y Territorio<\/li><li><strong>Lenguajes y Sistemas Inform\u00e1ticos<\/strong><br>Grupo de Investigaci\u00f3n Laboratorio de Inform\u00e1tica Aplicada<\/li><li><strong>Hidr\u00e1ulica<\/strong><br>&#8211; Grupo de Investigaci\u00f3n Planta, Suelo y Aprovechamiento de Subprodutos<br>&#8211; Grupo de Investigaci\u00f3n Estudios de Arqueolog\u00eda, Antig\u00fcedad y Territorio<\/li><\/ul>\n<\/div>\n\n\n\n<div class=\"wp-block-column is-layout-flow wp-block-column-is-layout-flow\">\n<figure class=\"wp-block-embed is-type-video is-provider-vimeo wp-block-embed-vimeo wp-embed-aspect-16-9 wp-has-aspect-ratio\"><div class=\"wp-block-embed__wrapper\">\n<iframe loading=\"lazy\" title=\"Campus da Auga\" src=\"https:\/\/player.vimeo.com\/video\/272167041?dnt=1&amp;app_id=122963\" width=\"500\" height=\"281\" frameborder=\"0\" allow=\"autoplay; fullscreen; picture-in-picture; clipboard-write\"><\/iframe>\n<\/div><\/figure>\n\n\n\n<p class=\"has-gray-color has-text-color has-small-font-size\"><strong>Haz clic para conocer el Edificio del Campus Auga<\/strong><\/p>\n<\/div>\n<\/div>\n\n\n\n<h2 class=\"wp-block-heading\">Sede Institucional<\/h2>\n\n\n\n<p>En sus instalaciones se sit\u00faa tambi\u00e9n la sede institucional del Campus, compuesta por la&nbsp;<strong>Direcci\u00f3n<\/strong>&nbsp;y la&nbsp;<strong>Oficina t\u00e9cnica de gesti\u00f3n<\/strong>.<\/p>\n\n\n\n<div style=\"height:20px\" aria-hidden=\"true\" class=\"wp-block-spacer\"><\/div>\n\n\n\n<div class=\"wp-block-columns is-layout-flex wp-container-core-columns-is-layout-9d6595d7 wp-block-columns-is-layout-flex\">\n<div class=\"wp-block-column is-layout-flow wp-block-column-is-layout-flow\">\n<h3 class=\"wp-block-heading\">Direcci\u00f3n<\/h3>\n\n\n\n<p>Responsable de la coordinaci\u00f3n y del funcionamiento del Campus Auga<\/p>\n<\/div>\n\n\n\n<div class=\"wp-block-column is-layout-flow wp-block-column-is-layout-flow\">\n<h3 class=\"wp-block-heading\">Oficina t\u00e9cnica de gesti\u00f3n<\/h3>\n\n\n\n<p>Integrada por el personal t\u00e9cnico que realiza las funcones de organizaci\u00f3n y ejecuci\u00f3n de las actuaciones del Campus Auga<\/p>\n<\/div>\n<\/div>\n\n\n\n<h2 class=\"wp-block-heading\">Convenio para la construcci\u00f3n del edificio<\/h2>\n\n\n\n<p>Mediante convenio de colaboraci\u00f3n entre la Conseller\u00eda de Cultura, Educaci\u00f3n e Ordenaci\u00f3n Universitaria y la Universidade de Vigo para la construcci\u00f3n y desarrollo del Edificio del Campus Auga, firmado en octubre de 2014, se acord\u00f3 que este edificio fuera destinado primordialmente a usos de investigaci\u00f3n, aunque con la posibilidad de albergar tambi\u00e9n la sede institucional del Campus Auga. Se trata pues de que el edificio cumpla el objetivo de convertirse en el elemento tractor del Campus Auga, de manera que potencie la excelencia de la actividad investigadora y el impacto de sus actuaciones, posibilitando un mayor desarrollo docente y cient\u00edfico que facilite la mejora de la competitividad de la industria local.<\/p>\n\n\n\n<p><a href=\"\/wp-content\/uploads\/2022\/09\/convenio_edificio.pdf\">\u00a0Convenio de colaboraci\u00f3n para la construcci\u00f3n y desarrollo del Edificio del Campus Auga<\/a><\/p>\n","protected":false},"excerpt":{"rendered":"<p>Creado para ser centro de referencia en investigaciones relacionadas con el agua, agrupa recursos y capacidades para desarrollar proyectos de investigaci\u00f3n singulares.<\/p>\n","protected":false},"author":1,"featured_media":658,"parent":1683,"menu_order":0,"comment_status":"closed","ping_status":"closed","template":"","meta":{"_acf_changed":false,"ub_ctt_via":"","footnotes":""},"class_list":["post-1703","page","type-page","status-publish","has-post-thumbnail","hentry"],"acf":[],"featured_image_src":"https:\/\/campusauga.uvigo.es\/wp-content\/uploads\/2022\/06\/EdifCampusAuga.jpg","yoast_head":"<!-- This site is optimized with the Yoast SEO plugin v27.6 - https:\/\/yoast.com\/product\/yoast-seo-wordpress\/ -->\n<title>Edificio del Campus Auga | Campus Auga<\/title>\n<meta name=\"robots\" content=\"index, follow, max-snippet:-1, max-image-preview:large, max-video-preview:-1\" \/>\n<link rel=\"canonical\" href=\"https:\/\/campusauga.uvigo.es\/es\/o-campus\/edificio-do-campus-auga\/\" \/>\n<meta property=\"og:locale\" content=\"es_ES\" \/>\n<meta property=\"og:type\" content=\"article\" \/>\n<meta property=\"og:title\" content=\"Edificio del Campus Auga | Campus Auga\" \/>\n<meta property=\"og:description\" content=\"Creado para ser centro de referencia en investigaciones relacionadas con el agua, agrupa recursos y capacidades para desarrollar proyectos de investigaci\u00f3n singulares.\" \/>\n<meta property=\"og:url\" content=\"https:\/\/campusauga.uvigo.es\/es\/o-campus\/edificio-do-campus-auga\/\" \/>\n<meta property=\"og:site_name\" content=\"Campus Auga\" \/>\n<meta property=\"article:modified_time\" content=\"2024-02-12T10:14:39+00:00\" \/>\n<meta property=\"og:image\" content=\"https:\/\/campusauga.uvigo.es\/wp-content\/uploads\/2022\/06\/EdifCampusAuga.jpg\" \/>\n\t<meta property=\"og:image:width\" content=\"1920\" \/>\n\t<meta property=\"og:image:height\" content=\"400\" \/>\n\t<meta property=\"og:image:type\" content=\"image\/jpeg\" \/>\n<meta name=\"twitter:card\" content=\"summary_large_image\" \/>\n<meta name=\"twitter:label1\" content=\"Tiempo de lectura\" \/>\n\t<meta name=\"twitter:data1\" content=\"3 minutos\" \/>\n<script type=\"application\/ld+json\" class=\"yoast-schema-graph\">{\"@context\":\"https:\\\/\\\/schema.org\",\"@graph\":[{\"@type\":\"WebPage\",\"@id\":\"https:\\\/\\\/campusauga.uvigo.es\\\/es\\\/o-campus\\\/edificio-do-campus-auga\\\/\",\"url\":\"https:\\\/\\\/campusauga.uvigo.es\\\/es\\\/o-campus\\\/edificio-do-campus-auga\\\/\",\"name\":\"Edificio del Campus Auga | Campus Auga\",\"isPartOf\":{\"@id\":\"https:\\\/\\\/campusauga.uvigo.es\\\/es\\\/#website\"},\"primaryImageOfPage\":{\"@id\":\"https:\\\/\\\/campusauga.uvigo.es\\\/es\\\/o-campus\\\/edificio-do-campus-auga\\\/#primaryimage\"},\"image\":{\"@id\":\"https:\\\/\\\/campusauga.uvigo.es\\\/es\\\/o-campus\\\/edificio-do-campus-auga\\\/#primaryimage\"},\"thumbnailUrl\":\"https:\\\/\\\/campusauga.uvigo.es\\\/wp-content\\\/uploads\\\/2022\\\/06\\\/EdifCampusAuga.jpg\",\"datePublished\":\"2022-05-23T07:44:42+00:00\",\"dateModified\":\"2024-02-12T10:14:39+00:00\",\"breadcrumb\":{\"@id\":\"https:\\\/\\\/campusauga.uvigo.es\\\/es\\\/o-campus\\\/edificio-do-campus-auga\\\/#breadcrumb\"},\"inLanguage\":\"es\",\"potentialAction\":[{\"@type\":\"ReadAction\",\"target\":[\"https:\\\/\\\/campusauga.uvigo.es\\\/es\\\/o-campus\\\/edificio-do-campus-auga\\\/\"]}]},{\"@type\":\"ImageObject\",\"inLanguage\":\"es\",\"@id\":\"https:\\\/\\\/campusauga.uvigo.es\\\/es\\\/o-campus\\\/edificio-do-campus-auga\\\/#primaryimage\",\"url\":\"https:\\\/\\\/campusauga.uvigo.es\\\/wp-content\\\/uploads\\\/2022\\\/06\\\/EdifCampusAuga.jpg\",\"contentUrl\":\"https:\\\/\\\/campusauga.uvigo.es\\\/wp-content\\\/uploads\\\/2022\\\/06\\\/EdifCampusAuga.jpg\",\"width\":1920,\"height\":400},{\"@type\":\"BreadcrumbList\",\"@id\":\"https:\\\/\\\/campusauga.uvigo.es\\\/es\\\/o-campus\\\/edificio-do-campus-auga\\\/#breadcrumb\",\"itemListElement\":[{\"@type\":\"ListItem\",\"position\":1,\"name\":\"Portada\",\"item\":\"https:\\\/\\\/campusauga.uvigo.es\\\/es\\\/\"},{\"@type\":\"ListItem\",\"position\":2,\"name\":\"El Campus\",\"item\":\"https:\\\/\\\/campusauga.ideit.dev\\\/o-campus\\\/\"},{\"@type\":\"ListItem\",\"position\":3,\"name\":\"Edificio del Campus Auga\"}]},{\"@type\":\"WebSite\",\"@id\":\"https:\\\/\\\/campusauga.uvigo.es\\\/es\\\/#website\",\"url\":\"https:\\\/\\\/campusauga.uvigo.es\\\/es\\\/\",\"name\":\"Campus Auga\",\"description\":\"\",\"publisher\":{\"@id\":\"https:\\\/\\\/campusauga.uvigo.es\\\/es\\\/#organization\"},\"potentialAction\":[{\"@type\":\"SearchAction\",\"target\":{\"@type\":\"EntryPoint\",\"urlTemplate\":\"https:\\\/\\\/campusauga.uvigo.es\\\/es\\\/?s={search_term_string}\"},\"query-input\":{\"@type\":\"PropertyValueSpecification\",\"valueRequired\":true,\"valueName\":\"search_term_string\"}}],\"inLanguage\":\"es\"},{\"@type\":\"Organization\",\"@id\":\"https:\\\/\\\/campusauga.uvigo.es\\\/es\\\/#organization\",\"name\":\"Campus Auga\",\"url\":\"https:\\\/\\\/campusauga.uvigo.es\\\/es\\\/\",\"logo\":{\"@type\":\"ImageObject\",\"inLanguage\":\"es\",\"@id\":\"https:\\\/\\\/campusauga.uvigo.es\\\/es\\\/#\\\/schema\\\/logo\\\/image\\\/\",\"url\":\"https:\\\/\\\/campusauga.uvigo.es\\\/wp-content\\\/uploads\\\/2022\\\/05\\\/logo-campus-auga.png\",\"contentUrl\":\"https:\\\/\\\/campusauga.uvigo.es\\\/wp-content\\\/uploads\\\/2022\\\/05\\\/logo-campus-auga.png\",\"width\":628,\"height\":100,\"caption\":\"Campus Auga\"},\"image\":{\"@id\":\"https:\\\/\\\/campusauga.uvigo.es\\\/es\\\/#\\\/schema\\\/logo\\\/image\\\/\"}}]}<\/script>\n<!-- \/ Yoast SEO plugin. -->","yoast_head_json":{"title":"Edificio del Campus Auga | Campus Auga","robots":{"index":"index","follow":"follow","max-snippet":"max-snippet:-1","max-image-preview":"max-image-preview:large","max-video-preview":"max-video-preview:-1"},"canonical":"https:\/\/campusauga.uvigo.es\/es\/o-campus\/edificio-do-campus-auga\/","og_locale":"es_ES","og_type":"article","og_title":"Edificio del Campus Auga | Campus Auga","og_description":"Creado para ser centro de referencia en investigaciones relacionadas con el agua, agrupa recursos y capacidades para desarrollar proyectos de investigaci\u00f3n singulares.","og_url":"https:\/\/campusauga.uvigo.es\/es\/o-campus\/edificio-do-campus-auga\/","og_site_name":"Campus Auga","article_modified_time":"2024-02-12T10:14:39+00:00","og_image":[{"width":1920,"height":400,"url":"https:\/\/campusauga.uvigo.es\/wp-content\/uploads\/2022\/06\/EdifCampusAuga.jpg","type":"image\/jpeg"}],"twitter_card":"summary_large_image","twitter_misc":{"Tiempo de lectura":"3 minutos"},"schema":{"@context":"https:\/\/schema.org","@graph":[{"@type":"WebPage","@id":"https:\/\/campusauga.uvigo.es\/es\/o-campus\/edificio-do-campus-auga\/","url":"https:\/\/campusauga.uvigo.es\/es\/o-campus\/edificio-do-campus-auga\/","name":"Edificio del Campus Auga | Campus Auga","isPartOf":{"@id":"https:\/\/campusauga.uvigo.es\/es\/#website"},"primaryImageOfPage":{"@id":"https:\/\/campusauga.uvigo.es\/es\/o-campus\/edificio-do-campus-auga\/#primaryimage"},"image":{"@id":"https:\/\/campusauga.uvigo.es\/es\/o-campus\/edificio-do-campus-auga\/#primaryimage"},"thumbnailUrl":"https:\/\/campusauga.uvigo.es\/wp-content\/uploads\/2022\/06\/EdifCampusAuga.jpg","datePublished":"2022-05-23T07:44:42+00:00","dateModified":"2024-02-12T10:14:39+00:00","breadcrumb":{"@id":"https:\/\/campusauga.uvigo.es\/es\/o-campus\/edificio-do-campus-auga\/#breadcrumb"},"inLanguage":"es","potentialAction":[{"@type":"ReadAction","target":["https:\/\/campusauga.uvigo.es\/es\/o-campus\/edificio-do-campus-auga\/"]}]},{"@type":"ImageObject","inLanguage":"es","@id":"https:\/\/campusauga.uvigo.es\/es\/o-campus\/edificio-do-campus-auga\/#primaryimage","url":"https:\/\/campusauga.uvigo.es\/wp-content\/uploads\/2022\/06\/EdifCampusAuga.jpg","contentUrl":"https:\/\/campusauga.uvigo.es\/wp-content\/uploads\/2022\/06\/EdifCampusAuga.jpg","width":1920,"height":400},{"@type":"BreadcrumbList","@id":"https:\/\/campusauga.uvigo.es\/es\/o-campus\/edificio-do-campus-auga\/#breadcrumb","itemListElement":[{"@type":"ListItem","position":1,"name":"Portada","item":"https:\/\/campusauga.uvigo.es\/es\/"},{"@type":"ListItem","position":2,"name":"El Campus","item":"https:\/\/campusauga.ideit.dev\/o-campus\/"},{"@type":"ListItem","position":3,"name":"Edificio del Campus Auga"}]},{"@type":"WebSite","@id":"https:\/\/campusauga.uvigo.es\/es\/#website","url":"https:\/\/campusauga.uvigo.es\/es\/","name":"Campus Auga","description":"","publisher":{"@id":"https:\/\/campusauga.uvigo.es\/es\/#organization"},"potentialAction":[{"@type":"SearchAction","target":{"@type":"EntryPoint","urlTemplate":"https:\/\/campusauga.uvigo.es\/es\/?s={search_term_string}"},"query-input":{"@type":"PropertyValueSpecification","valueRequired":true,"valueName":"search_term_string"}}],"inLanguage":"es"},{"@type":"Organization","@id":"https:\/\/campusauga.uvigo.es\/es\/#organization","name":"Campus Auga","url":"https:\/\/campusauga.uvigo.es\/es\/","logo":{"@type":"ImageObject","inLanguage":"es","@id":"https:\/\/campusauga.uvigo.es\/es\/#\/schema\/logo\/image\/","url":"https:\/\/campusauga.uvigo.es\/wp-content\/uploads\/2022\/05\/logo-campus-auga.png","contentUrl":"https:\/\/campusauga.uvigo.es\/wp-content\/uploads\/2022\/05\/logo-campus-auga.png","width":628,"height":100,"caption":"Campus Auga"},"image":{"@id":"https:\/\/campusauga.uvigo.es\/es\/#\/schema\/logo\/image\/"}}]}},"_links":{"self":[{"href":"https:\/\/campusauga.uvigo.es\/es\/wp-json\/wp\/v2\/pages\/1703","targetHints":{"allow":["GET"]}}],"collection":[{"href":"https:\/\/campusauga.uvigo.es\/es\/wp-json\/wp\/v2\/pages"}],"about":[{"href":"https:\/\/campusauga.uvigo.es\/es\/wp-json\/wp\/v2\/types\/page"}],"author":[{"embeddable":true,"href":"https:\/\/campusauga.uvigo.es\/es\/wp-json\/wp\/v2\/users\/1"}],"replies":[{"embeddable":true,"href":"https:\/\/campusauga.uvigo.es\/es\/wp-json\/wp\/v2\/comments?post=1703"}],"version-history":[{"count":11,"href":"https:\/\/campusauga.uvigo.es\/es\/wp-json\/wp\/v2\/pages\/1703\/revisions"}],"predecessor-version":[{"id":3604,"href":"https:\/\/campusauga.uvigo.es\/es\/wp-json\/wp\/v2\/pages\/1703\/revisions\/3604"}],"up":[{"embeddable":true,"href":"https:\/\/campusauga.uvigo.es\/es\/wp-json\/wp\/v2\/pages\/1683"}],"wp:featuredmedia":[{"embeddable":true,"href":"https:\/\/campusauga.uvigo.es\/es\/wp-json\/wp\/v2\/media\/658"}],"wp:attachment":[{"href":"https:\/\/campusauga.uvigo.es\/es\/wp-json\/wp\/v2\/media?parent=1703"}],"curies":[{"name":"wp","href":"https:\/\/api.w.org\/{rel}","templated":true}]}}