{"id":1706,"date":"2022-05-05T13:03:54","date_gmt":"2022-05-05T11:03:54","guid":{"rendered":"https:\/\/campusauga.uvigo.es\/o-campus\/presentacion\/"},"modified":"2025-11-06T09:26:52","modified_gmt":"2025-11-06T08:26:52","slug":"presentacion","status":"publish","type":"page","link":"https:\/\/campusauga.uvigo.es\/es\/o-campus\/presentacion\/","title":{"rendered":"Presentaci\u00f3n"},"content":{"rendered":"\n<div class=\"wp-block-columns is-layout-flex wp-container-core-columns-is-layout-9d6595d7 wp-block-columns-is-layout-flex\">\n<div class=\"wp-block-column pr-md-10 is-layout-flow wp-block-column-is-layout-flow\" style=\"flex-basis:66.66%\">\n<p class=\"mt-md-3\">El Campus Auga promueve actividades docentes, investigadoras y de transferencia de conocimiento en tem\u00e1ticas del agua, generando sinergias y l\u00edneas de actuaci\u00f3n conjuntas entre personal investigador, implicando agentes sociales y econ\u00f3micos, as\u00ed como Administraciones P\u00fablicas, para convertirlos en socios estrat\u00e9gicos.<\/p>\n\n\n\n<p>Este esfuerzo continuado hace del Campus Auga un foco de especializaci\u00f3n multidisciplinar y un referente internacional en las actividades que realizamos y, en general, en las tem\u00e1ticas relacionadas con el agua.<\/p>\n<\/div>\n\n\n\n<div class=\"wp-block-column is-layout-flow wp-block-column-is-layout-flow\" style=\"flex-basis:33.33%\">\n<figure class=\"wp-block-image size-large\"><img loading=\"lazy\" decoding=\"async\" width=\"1024\" height=\"768\" src=\"\/wp-content\/uploads\/2022\/06\/ParellaSaeDoedifCampusAuga-1024x768.jpg\" alt=\"\" class=\"wp-image-1576\" srcset=\"https:\/\/campusauga.uvigo.es\/wp-content\/uploads\/2022\/06\/ParellaSaeDoedifCampusAuga-1024x768.jpg 1024w, https:\/\/campusauga.uvigo.es\/wp-content\/uploads\/2022\/06\/ParellaSaeDoedifCampusAuga-300x225.jpg 300w, https:\/\/campusauga.uvigo.es\/wp-content\/uploads\/2022\/06\/ParellaSaeDoedifCampusAuga-768x576.jpg 768w, https:\/\/campusauga.uvigo.es\/wp-content\/uploads\/2022\/06\/ParellaSaeDoedifCampusAuga-800x600.jpg 800w, https:\/\/campusauga.uvigo.es\/wp-content\/uploads\/2022\/06\/ParellaSaeDoedifCampusAuga.jpg 1200w\" sizes=\"auto, (max-width: 1024px) 100vw, 1024px\" \/><\/figure>\n<\/div>\n<\/div>\n\n\n\n<div style=\"height:33px\" aria-hidden=\"true\" class=\"wp-block-spacer\"><\/div>\n\n\n\n<h2 class=\"wp-block-heading\">Directorio del Campus Auga<\/h2>\n\n\n\n<div style=\"height:35px\" aria-hidden=\"true\" class=\"wp-block-spacer\"><\/div>\n\n\n\n<div class=\"wp-block-columns is-layout-flex wp-container-core-columns-is-layout-9d6595d7 wp-block-columns-is-layout-flex\">\n<div class=\"wp-block-column is-layout-flow wp-block-column-is-layout-flow\">\n<p>DIRECCI\u00d3N<\/p>\n\n\n\n<p><strong>Roberto Ignacio Fern\u00e1ndez L\u00f3pez<\/strong><br><span class=\"elegant-icon icon_phone mr-1\" aria-hidden=\"true\"><\/span> +34 988 368 790<br><a href=\"mailto:direccion.campusauga@uvigo.gal\"><span class=\"elegant-icon icon_mail_alt mr-1\" aria-hidden=\"true\"><\/span>direccion.campusauga@uvigo.gal<\/a><\/p>\n<\/div>\n\n\n\n<div class=\"wp-block-column is-layout-flow wp-block-column-is-layout-flow\">\n<p>EQUIPO DE GESTI\u00d3N<\/p>\n\n\n\n<p><strong>Roberto Villar L\u00f3pez<\/strong><br><span class=\"elegant-icon icon_phone mr-1\" aria-hidden=\"true\"><\/span>+34 988 368 785<br><a href=\"mailto:xestion.campusauga@uvigo.gal\"><span class=\"elegant-icon icon_mail_alt mr-1\" aria-hidden=\"true\"><\/span>xestion.campusauga@uvigo.gal<\/a><\/p>\n\n\n\n<p><strong>Laura Cutillas Barreiro<\/strong><br><span class=\"elegant-icon icon_phone mr-1\" aria-hidden=\"true\"><\/span>+34 988 368 790<br><a href=\"mailto:investigacion.campusauga@uvigo.gal\"><span class=\"elegant-icon icon_mail_alt mr-1\" aria-hidden=\"true\"><\/span>investigacion.campusauga@uvigo.gal<\/a><\/p>\n<\/div>\n\n\n\n<div class=\"wp-block-column is-layout-flow wp-block-column-is-layout-flow\">\n<p>PERSONAL T\u00c9CNICO DE LABORATORIO<\/p>\n\n\n\n<p><strong>Patricia Gull\u00f3n Est\u00e9vez<\/strong> (Coordinaci\u00f3n)<br><span class=\"elegant-icon icon_phone mr-1\" aria-hidden=\"true\"><\/span>+34 988 368 784<br><a href=\"mailto:coordlab.campusauga@uvigo.gal\"><span class=\"elegant-icon icon_mail_alt mr-1\" aria-hidden=\"true\"><\/span>coordlab.campusauga@uvigo.gal<\/a><\/p>\n\n\n\n<p><strong><strong><strong>Mar\u00eda Pereira Tarela<\/strong><\/strong><\/strong><br><span class=\"elegant-icon icon_phone mr-1\" aria-hidden=\"true\"><\/span>+34 988 368 782<br><a href=\"mailto:teclab1.campusauga@uvigo.gal\"><span class=\"elegant-icon icon_mail_alt mr-1\" aria-hidden=\"true\"><\/span>teclab1.campusauga@uvigo.gal<\/a><\/p>\n\n\n\n<p><strong>Cecilia Jamardo Sabuz<\/strong><br><span class=\"elegant-icon icon_phone mr-1\" aria-hidden=\"true\"><\/span>+34 988 368 782<br><a href=\"mailto:teclab1.campusauga@uvigo.gal\"><span class=\"elegant-icon icon_mail_alt mr-1\" aria-hidden=\"true\"><\/span>teclab<\/a><a href=\"mailto:teclab2.campusauga@uvigo.gal\">2<\/a><a href=\"mailto:teclab1.campusauga@uvigo.gal\">.campusauga@uvigo.gal<\/a><\/p>\n<\/div>\n<\/div>\n","protected":false},"excerpt":{"rendered":"<p>Buscamos la excelencia en la docencia, investigaci\u00f3n y transferencia de tecnolog\u00eda y conocimiento en todo lo relacionado con el agua, convirti\u00e9ndonos en un referente internacional<\/p>\n","protected":false},"author":1,"featured_media":385,"parent":1683,"menu_order":0,"comment_status":"closed","ping_status":"closed","template":"","meta":{"_acf_changed":false,"ub_ctt_via":"","footnotes":""},"class_list":["post-1706","page","type-page","status-publish","has-post-thumbnail","hentry"],"acf":[],"featured_image_src":"https:\/\/campusauga.uvigo.es\/wp-content\/uploads\/2022\/05\/cabeceira-3.jpg","yoast_head":"<!-- This site is optimized with the Yoast SEO plugin v27.6 - https:\/\/yoast.com\/product\/yoast-seo-wordpress\/ -->\n<title>Presentaci\u00f3n | Campus Auga<\/title>\n<meta name=\"robots\" content=\"index, follow, max-snippet:-1, max-image-preview:large, max-video-preview:-1\" \/>\n<link rel=\"canonical\" href=\"https:\/\/campusauga.uvigo.es\/es\/o-campus\/presentacion\/\" \/>\n<meta property=\"og:locale\" content=\"es_ES\" \/>\n<meta property=\"og:type\" content=\"article\" \/>\n<meta property=\"og:title\" content=\"Presentaci\u00f3n | Campus Auga\" \/>\n<meta property=\"og:description\" content=\"Buscamos la excelencia en la docencia, investigaci\u00f3n y transferencia de tecnolog\u00eda y conocimiento en todo lo relacionado con el agua, convirti\u00e9ndonos en un referente internacional\" \/>\n<meta property=\"og:url\" content=\"https:\/\/campusauga.uvigo.es\/es\/o-campus\/presentacion\/\" \/>\n<meta property=\"og:site_name\" content=\"Campus Auga\" \/>\n<meta property=\"article:modified_time\" content=\"2025-11-06T08:26:52+00:00\" \/>\n<meta property=\"og:image\" content=\"https:\/\/campusauga.ideit.dev\/wp-content\/uploads\/2022\/05\/cabeceira-3.jpg\" \/>\n\t<meta property=\"og:image:width\" content=\"1920\" \/>\n\t<meta property=\"og:image:height\" content=\"400\" \/>\n\t<meta property=\"og:image:type\" content=\"image\/jpeg\" \/>\n<meta name=\"twitter:card\" content=\"summary_large_image\" \/>\n<meta name=\"twitter:label1\" content=\"Tiempo de lectura\" \/>\n\t<meta name=\"twitter:data1\" content=\"2 minutos\" \/>\n<script type=\"application\/ld+json\" class=\"yoast-schema-graph\">{\"@context\":\"https:\\\/\\\/schema.org\",\"@graph\":[{\"@type\":\"WebPage\",\"@id\":\"https:\\\/\\\/campusauga.uvigo.es\\\/es\\\/o-campus\\\/presentacion\\\/\",\"url\":\"https:\\\/\\\/campusauga.uvigo.es\\\/es\\\/o-campus\\\/presentacion\\\/\",\"name\":\"Presentaci\u00f3n | Campus Auga\",\"isPartOf\":{\"@id\":\"https:\\\/\\\/campusauga.uvigo.es\\\/es\\\/#website\"},\"primaryImageOfPage\":{\"@id\":\"https:\\\/\\\/campusauga.uvigo.es\\\/es\\\/o-campus\\\/presentacion\\\/#primaryimage\"},\"image\":{\"@id\":\"https:\\\/\\\/campusauga.uvigo.es\\\/es\\\/o-campus\\\/presentacion\\\/#primaryimage\"},\"thumbnailUrl\":\"https:\\\/\\\/campusauga.uvigo.es\\\/wp-content\\\/uploads\\\/2022\\\/05\\\/cabeceira-3.jpg\",\"datePublished\":\"2022-05-05T11:03:54+00:00\",\"dateModified\":\"2025-11-06T08:26:52+00:00\",\"breadcrumb\":{\"@id\":\"https:\\\/\\\/campusauga.uvigo.es\\\/es\\\/o-campus\\\/presentacion\\\/#breadcrumb\"},\"inLanguage\":\"es\",\"potentialAction\":[{\"@type\":\"ReadAction\",\"target\":[\"https:\\\/\\\/campusauga.uvigo.es\\\/es\\\/o-campus\\\/presentacion\\\/\"]}]},{\"@type\":\"ImageObject\",\"inLanguage\":\"es\",\"@id\":\"https:\\\/\\\/campusauga.uvigo.es\\\/es\\\/o-campus\\\/presentacion\\\/#primaryimage\",\"url\":\"https:\\\/\\\/campusauga.uvigo.es\\\/wp-content\\\/uploads\\\/2022\\\/05\\\/cabeceira-3.jpg\",\"contentUrl\":\"https:\\\/\\\/campusauga.uvigo.es\\\/wp-content\\\/uploads\\\/2022\\\/05\\\/cabeceira-3.jpg\",\"width\":1920,\"height\":400},{\"@type\":\"BreadcrumbList\",\"@id\":\"https:\\\/\\\/campusauga.uvigo.es\\\/es\\\/o-campus\\\/presentacion\\\/#breadcrumb\",\"itemListElement\":[{\"@type\":\"ListItem\",\"position\":1,\"name\":\"Portada\",\"item\":\"https:\\\/\\\/campusauga.uvigo.es\\\/es\\\/\"},{\"@type\":\"ListItem\",\"position\":2,\"name\":\"El Campus\",\"item\":\"https:\\\/\\\/campusauga.ideit.dev\\\/o-campus\\\/\"},{\"@type\":\"ListItem\",\"position\":3,\"name\":\"Presentaci\u00f3n\"}]},{\"@type\":\"WebSite\",\"@id\":\"https:\\\/\\\/campusauga.uvigo.es\\\/es\\\/#website\",\"url\":\"https:\\\/\\\/campusauga.uvigo.es\\\/es\\\/\",\"name\":\"Campus Auga\",\"description\":\"\",\"publisher\":{\"@id\":\"https:\\\/\\\/campusauga.uvigo.es\\\/es\\\/#organization\"},\"potentialAction\":[{\"@type\":\"SearchAction\",\"target\":{\"@type\":\"EntryPoint\",\"urlTemplate\":\"https:\\\/\\\/campusauga.uvigo.es\\\/es\\\/?s={search_term_string}\"},\"query-input\":{\"@type\":\"PropertyValueSpecification\",\"valueRequired\":true,\"valueName\":\"search_term_string\"}}],\"inLanguage\":\"es\"},{\"@type\":\"Organization\",\"@id\":\"https:\\\/\\\/campusauga.uvigo.es\\\/es\\\/#organization\",\"name\":\"Campus Auga\",\"url\":\"https:\\\/\\\/campusauga.uvigo.es\\\/es\\\/\",\"logo\":{\"@type\":\"ImageObject\",\"inLanguage\":\"es\",\"@id\":\"https:\\\/\\\/campusauga.uvigo.es\\\/es\\\/#\\\/schema\\\/logo\\\/image\\\/\",\"url\":\"https:\\\/\\\/campusauga.uvigo.es\\\/wp-content\\\/uploads\\\/2022\\\/05\\\/logo-campus-auga.png\",\"contentUrl\":\"https:\\\/\\\/campusauga.uvigo.es\\\/wp-content\\\/uploads\\\/2022\\\/05\\\/logo-campus-auga.png\",\"width\":628,\"height\":100,\"caption\":\"Campus Auga\"},\"image\":{\"@id\":\"https:\\\/\\\/campusauga.uvigo.es\\\/es\\\/#\\\/schema\\\/logo\\\/image\\\/\"}}]}<\/script>\n<!-- \/ Yoast SEO plugin. -->","yoast_head_json":{"title":"Presentaci\u00f3n | Campus Auga","robots":{"index":"index","follow":"follow","max-snippet":"max-snippet:-1","max-image-preview":"max-image-preview:large","max-video-preview":"max-video-preview:-1"},"canonical":"https:\/\/campusauga.uvigo.es\/es\/o-campus\/presentacion\/","og_locale":"es_ES","og_type":"article","og_title":"Presentaci\u00f3n | Campus Auga","og_description":"Buscamos la excelencia en la docencia, investigaci\u00f3n y transferencia de tecnolog\u00eda y conocimiento en todo lo relacionado con el agua, convirti\u00e9ndonos en un referente internacional","og_url":"https:\/\/campusauga.uvigo.es\/es\/o-campus\/presentacion\/","og_site_name":"Campus Auga","article_modified_time":"2025-11-06T08:26:52+00:00","og_image":[{"width":1920,"height":400,"url":"https:\/\/campusauga.ideit.dev\/wp-content\/uploads\/2022\/05\/cabeceira-3.jpg","type":"image\/jpeg"}],"twitter_card":"summary_large_image","twitter_misc":{"Tiempo de lectura":"2 minutos"},"schema":{"@context":"https:\/\/schema.org","@graph":[{"@type":"WebPage","@id":"https:\/\/campusauga.uvigo.es\/es\/o-campus\/presentacion\/","url":"https:\/\/campusauga.uvigo.es\/es\/o-campus\/presentacion\/","name":"Presentaci\u00f3n | Campus Auga","isPartOf":{"@id":"https:\/\/campusauga.uvigo.es\/es\/#website"},"primaryImageOfPage":{"@id":"https:\/\/campusauga.uvigo.es\/es\/o-campus\/presentacion\/#primaryimage"},"image":{"@id":"https:\/\/campusauga.uvigo.es\/es\/o-campus\/presentacion\/#primaryimage"},"thumbnailUrl":"https:\/\/campusauga.uvigo.es\/wp-content\/uploads\/2022\/05\/cabeceira-3.jpg","datePublished":"2022-05-05T11:03:54+00:00","dateModified":"2025-11-06T08:26:52+00:00","breadcrumb":{"@id":"https:\/\/campusauga.uvigo.es\/es\/o-campus\/presentacion\/#breadcrumb"},"inLanguage":"es","potentialAction":[{"@type":"ReadAction","target":["https:\/\/campusauga.uvigo.es\/es\/o-campus\/presentacion\/"]}]},{"@type":"ImageObject","inLanguage":"es","@id":"https:\/\/campusauga.uvigo.es\/es\/o-campus\/presentacion\/#primaryimage","url":"https:\/\/campusauga.uvigo.es\/wp-content\/uploads\/2022\/05\/cabeceira-3.jpg","contentUrl":"https:\/\/campusauga.uvigo.es\/wp-content\/uploads\/2022\/05\/cabeceira-3.jpg","width":1920,"height":400},{"@type":"BreadcrumbList","@id":"https:\/\/campusauga.uvigo.es\/es\/o-campus\/presentacion\/#breadcrumb","itemListElement":[{"@type":"ListItem","position":1,"name":"Portada","item":"https:\/\/campusauga.uvigo.es\/es\/"},{"@type":"ListItem","position":2,"name":"El Campus","item":"https:\/\/campusauga.ideit.dev\/o-campus\/"},{"@type":"ListItem","position":3,"name":"Presentaci\u00f3n"}]},{"@type":"WebSite","@id":"https:\/\/campusauga.uvigo.es\/es\/#website","url":"https:\/\/campusauga.uvigo.es\/es\/","name":"Campus Auga","description":"","publisher":{"@id":"https:\/\/campusauga.uvigo.es\/es\/#organization"},"potentialAction":[{"@type":"SearchAction","target":{"@type":"EntryPoint","urlTemplate":"https:\/\/campusauga.uvigo.es\/es\/?s={search_term_string}"},"query-input":{"@type":"PropertyValueSpecification","valueRequired":true,"valueName":"search_term_string"}}],"inLanguage":"es"},{"@type":"Organization","@id":"https:\/\/campusauga.uvigo.es\/es\/#organization","name":"Campus Auga","url":"https:\/\/campusauga.uvigo.es\/es\/","logo":{"@type":"ImageObject","inLanguage":"es","@id":"https:\/\/campusauga.uvigo.es\/es\/#\/schema\/logo\/image\/","url":"https:\/\/campusauga.uvigo.es\/wp-content\/uploads\/2022\/05\/logo-campus-auga.png","contentUrl":"https:\/\/campusauga.uvigo.es\/wp-content\/uploads\/2022\/05\/logo-campus-auga.png","width":628,"height":100,"caption":"Campus Auga"},"image":{"@id":"https:\/\/campusauga.uvigo.es\/es\/#\/schema\/logo\/image\/"}}]}},"_links":{"self":[{"href":"https:\/\/campusauga.uvigo.es\/es\/wp-json\/wp\/v2\/pages\/1706","targetHints":{"allow":["GET"]}}],"collection":[{"href":"https:\/\/campusauga.uvigo.es\/es\/wp-json\/wp\/v2\/pages"}],"about":[{"href":"https:\/\/campusauga.uvigo.es\/es\/wp-json\/wp\/v2\/types\/page"}],"author":[{"embeddable":true,"href":"https:\/\/campusauga.uvigo.es\/es\/wp-json\/wp\/v2\/users\/1"}],"replies":[{"embeddable":true,"href":"https:\/\/campusauga.uvigo.es\/es\/wp-json\/wp\/v2\/comments?post=1706"}],"version-history":[{"count":10,"href":"https:\/\/campusauga.uvigo.es\/es\/wp-json\/wp\/v2\/pages\/1706\/revisions"}],"predecessor-version":[{"id":6738,"href":"https:\/\/campusauga.uvigo.es\/es\/wp-json\/wp\/v2\/pages\/1706\/revisions\/6738"}],"up":[{"embeddable":true,"href":"https:\/\/campusauga.uvigo.es\/es\/wp-json\/wp\/v2\/pages\/1683"}],"wp:featuredmedia":[{"embeddable":true,"href":"https:\/\/campusauga.uvigo.es\/es\/wp-json\/wp\/v2\/media\/385"}],"wp:attachment":[{"href":"https:\/\/campusauga.uvigo.es\/es\/wp-json\/wp\/v2\/media?parent=1706"}],"curies":[{"name":"wp","href":"https:\/\/api.w.org\/{rel}","templated":true}]}}