{"id":3580,"date":"2023-12-19T10:18:53","date_gmt":"2023-12-19T09:18:53","guid":{"rendered":"https:\/\/campusauga.uvigo.es\/instituto-de-agroecoloxia-e-alimentacion\/"},"modified":"2026-01-08T11:13:08","modified_gmt":"2026-01-08T10:13:08","slug":"instituto-de-agroecoloxia-e-alimentacion","status":"publish","type":"page","link":"https:\/\/campusauga.uvigo.es\/es\/investigacion\/instituto-de-agroecoloxia-e-alimentacion\/","title":{"rendered":"Instituto de Agroecolox\u00eda e Alimentaci\u00f3n (IAA)"},"content":{"rendered":"\n<div class=\"wp-block-columns is-layout-flex wp-container-core-columns-is-layout-9d6595d7 wp-block-columns-is-layout-flex\">\n<div class=\"wp-block-column is-layout-flow wp-block-column-is-layout-flow\">\n<p>La iniciativa combina competencia cient\u00edfica, trayectoria y experiencias colectivas previas para focalizarse y crear nuevo conocimiento especializado a trav\u00e9s de la investigaci\u00f3n de las complejas interacciones biol\u00f3gicas, f\u00edsicas y qu\u00edmicas. Al tiempo dise\u00f1a formas de pensar, ideas y tecnolog\u00edas novedosas que ayuden a promover un cambio de paradigma tanto a nivel de la pr\u00e1ctica agroalimentaria c\u00f3mo de las pol\u00edticas sectoriales.&nbsp;<\/p>\n\n\n\n<p>El objetivo final del IAA es convertir  Galicia en un referente europeo en agroecolog\u00eda y alimentaci\u00f3n.<\/p>\n\n\n\n<h2 class=\"wp-block-heading\">L\u00edneas de especializaci\u00f3n<\/h2>\n\n\n\n<p>Consta de cuatro l\u00edneas de especializaci\u00f3n:<\/p>\n\n\n\n<ol class=\"wp-block-list\">\n<li>Salud y calidad del suelo<\/li>\n\n\n\n<li>Gesti\u00f3n y manejo de cultivos<\/li>\n\n\n\n<li>Calidad y seguridad alimentaria<\/li>\n\n\n\n<li>Gesti\u00f3n y valorizaci\u00f3n de recursos<\/li>\n<\/ol>\n\n\n\n<h2 class=\"wp-block-heading\">Equipo<\/h2>\n\n\n\n<p>Est\u00e1 integrado por un total de 188 trabajadoras y trabajadores, 152 de ellos de car\u00e1cter investigador, formando parte de 8 grupos de investigaci\u00f3n:<\/p>\n\n\n\n<ul class=\"wp-block-list\">\n<li>Agrobiolog\u00eda ambiental: calidad, suelos y plantas (BEV1).<\/li>\n\n\n\n<li>Biorrefiner\u00eda y Valorizaci\u00f3n de la Biomasa (Bio2Val).<\/li>\n\n\n\n<li>Ingenier\u00eda Qu\u00edmica 4 (EQ4).<\/li>\n\n\n\n<li>Food and Health Omics (CF1).<\/li>\n\n\n\n<li>Grupo de Investigaci\u00f3n en Sistemas Agroambientales (GISA).<\/li>\n\n\n\n<li>Investigaciones Agrarias y Alimentarias (AA1).<\/li>\n\n\n\n<li>Planta, Suelo y Aprovechamiento de Subproductos (BV1).<\/li>\n\n\n\n<li>Biotecnolog\u00eda y Calidad en Industrias Agroalimentarias y Medio Ambiente (ByCIAMA).<\/li>\n\n\n\n<li>Nutrition and Food Group (NuFoG)<\/li>\n\n\n\n<li>Grupo de Tecnolog\u00eda Enzim\u00e1tica y Bioestructuras (TEZE)<\/li>\n<\/ul>\n\n\n\n<h2 class=\"wp-block-heading\">Localizaci\u00f3n<\/h2>\n\n\n\n<p>La sede formal e instalaciones principales del IAA est\u00e1n en la primera planta del Edificio Campus Auga, en el Campus de Ourense, ocupando una superficie de 629,20 m<sup>2<\/sup>, de los que 350,90 corresponden a 9 laboratorios. Tambi\u00e9n existen laboratorios asociados al Instituto en otras partes del Edificio del Campus Auga, en el Edificio Polit\u00e9cnico de Ourense o en la Facultade de Biolox\u00eda en Vigo, en los cu\u00e1les el personal investigador del IAA desarrolla una parte muy importante de su trabajo.<\/p>\n<\/div>\n\n\n\n<div class=\"wp-block-column is-layout-flow wp-block-column-is-layout-flow\">\n<figure class=\"wp-block-image size-large\"><img loading=\"lazy\" decoding=\"async\" width=\"1024\" height=\"576\" src=\"\/wp-content\/uploads\/2023\/12\/InstitutoAgroecoloxiaAlimentacion-1024x576.jpg\" alt=\"\" class=\"wp-image-3554\" srcset=\"https:\/\/campusauga.uvigo.es\/wp-content\/uploads\/2023\/12\/InstitutoAgroecoloxiaAlimentacion-1024x576.jpg 1024w, https:\/\/campusauga.uvigo.es\/wp-content\/uploads\/2023\/12\/InstitutoAgroecoloxiaAlimentacion-300x169.jpg 300w, https:\/\/campusauga.uvigo.es\/wp-content\/uploads\/2023\/12\/InstitutoAgroecoloxiaAlimentacion-768x432.jpg 768w, https:\/\/campusauga.uvigo.es\/wp-content\/uploads\/2023\/12\/InstitutoAgroecoloxiaAlimentacion-445x250.jpg 445w, https:\/\/campusauga.uvigo.es\/wp-content\/uploads\/2023\/12\/InstitutoAgroecoloxiaAlimentacion-800x450.jpg 800w, https:\/\/campusauga.uvigo.es\/wp-content\/uploads\/2023\/12\/InstitutoAgroecoloxiaAlimentacion.jpg 1200w\" sizes=\"auto, (max-width: 1024px) 100vw, 1024px\" \/><figcaption class=\"wp-element-caption\">Sede del IAA<\/figcaption><\/figure>\n\n\n\n<div style=\"height:25px\" aria-hidden=\"true\" class=\"wp-block-spacer\"><\/div>\n\n\n<div class=\"ub-uvigo-box\" id=\"ub-uvigo-box-f2a02faf-9cee-4f82-bfaf-b35d4df29453\">\n\n\n<p class=\"has-text-align-center mb-0 has-white-color has-text-color has-regular-font-size\"><strong><strong>MISI\u00d3N DEL INSTITUTO DE AGROECOLOX\u00cdA E ALIMENTACI\u00d3N<\/strong><\/strong><\/p>\n\n\n<\/div>\n\n<div class=\"ub-uvigo-box\" id=\"ub-uvigo-box-fc79cd3e-208d-46f3-b847-8fa663e30b7a\">\n\n\n<p style=\"padding-top:30px;padding-right:30px;padding-bottom:10px;padding-left:30px\">Promover un entorno de investigaci\u00f3n interdisciplinaria y de excelencia con capacidad para ofrecer nuevo conocimiento y soluciones que contribuyan a un proceso de transici\u00f3n en un contexto marcado por los grandes cambios globales, incluido el cambio clim\u00e1tico, preservando la biodiversidad y contribuyendo a los objetivos de desarrollo sostenible.<\/p>\n\n\n<\/div>\n\n\n<div style=\"height:23px\" aria-hidden=\"true\" class=\"wp-block-spacer\"><\/div>\n\n\n\n<p><\/p>\n\n\n\n<hr class=\"wp-block-separator has-alpha-channel-opacity is-style-wide\"\/>\n\n\n\n<div style=\"height:23px\" aria-hidden=\"true\" class=\"wp-block-spacer\"><\/div>\n\n\n\n<div class=\"wp-block-buttons is-content-justification-center is-layout-flex wp-container-core-buttons-is-layout-16018d1d wp-block-buttons-is-layout-flex\">\n<div class=\"wp-block-button has-icon has-icon-peak\"><a class=\"wp-block-button__link wp-element-button\" href=\"https:\/\/iaa.uvigo.gal\/\">IR A LA P\u00c1GINA WEB DEL INSTITUTO<\/a><\/div>\n<\/div>\n<\/div>\n<\/div>\n","protected":false},"excerpt":{"rendered":"<p>El IAA nace con la vocaci\u00f3n de convertirse en un centro de referencia en la transici\u00f3n hacia sistemas agrolimentarios resilientes, sostenibles, seguros y circulares por medio de la I+D+i.<\/p>\n","protected":false},"author":2,"featured_media":646,"parent":1681,"menu_order":4,"comment_status":"closed","ping_status":"closed","template":"","meta":{"_acf_changed":false,"ub_ctt_via":"","footnotes":""},"class_list":["post-3580","page","type-page","status-publish","has-post-thumbnail","hentry"],"acf":[],"featured_image_src":"https:\/\/campusauga.uvigo.es\/wp-content\/uploads\/2022\/06\/OutraPonte.jpg","yoast_head":"<!-- This site is optimized with the Yoast SEO plugin v27.6 - https:\/\/yoast.com\/product\/yoast-seo-wordpress\/ -->\n<title>Instituto de Agroecolox\u00eda e Alimentaci\u00f3n (IAA) | Campus Auga<\/title>\n<meta name=\"robots\" content=\"index, follow, max-snippet:-1, max-image-preview:large, max-video-preview:-1\" \/>\n<link rel=\"canonical\" href=\"https:\/\/campusauga.uvigo.es\/es\/investigacion\/instituto-de-agroecoloxia-e-alimentacion\/\" \/>\n<meta property=\"og:locale\" content=\"es_ES\" \/>\n<meta property=\"og:type\" content=\"article\" \/>\n<meta property=\"og:title\" content=\"Instituto de Agroecolox\u00eda e Alimentaci\u00f3n (IAA) | Campus Auga\" \/>\n<meta property=\"og:description\" content=\"El IAA nace con la vocaci\u00f3n de convertirse en un centro de referencia en la transici\u00f3n hacia sistemas agrolimentarios resilientes, sostenibles, seguros y circulares por medio de la I+D+i.\" \/>\n<meta property=\"og:url\" content=\"https:\/\/campusauga.uvigo.es\/es\/investigacion\/instituto-de-agroecoloxia-e-alimentacion\/\" \/>\n<meta property=\"og:site_name\" content=\"Campus Auga\" \/>\n<meta property=\"article:modified_time\" content=\"2026-01-08T10:13:08+00:00\" \/>\n<meta property=\"og:image\" content=\"https:\/\/campusauga.uvigo.es\/wp-content\/uploads\/2022\/06\/OutraPonte.jpg\" \/>\n\t<meta property=\"og:image:width\" content=\"1920\" \/>\n\t<meta property=\"og:image:height\" content=\"400\" \/>\n\t<meta property=\"og:image:type\" content=\"image\/jpeg\" \/>\n<meta name=\"twitter:card\" content=\"summary_large_image\" \/>\n<meta name=\"twitter:label1\" content=\"Tiempo de lectura\" \/>\n\t<meta name=\"twitter:data1\" content=\"2 minutos\" \/>\n<script type=\"application\/ld+json\" class=\"yoast-schema-graph\">{\"@context\":\"https:\\\/\\\/schema.org\",\"@graph\":[{\"@type\":\"WebPage\",\"@id\":\"https:\\\/\\\/campusauga.uvigo.es\\\/es\\\/investigacion\\\/instituto-de-agroecoloxia-e-alimentacion\\\/\",\"url\":\"https:\\\/\\\/campusauga.uvigo.es\\\/es\\\/investigacion\\\/instituto-de-agroecoloxia-e-alimentacion\\\/\",\"name\":\"Instituto de Agroecolox\u00eda e Alimentaci\u00f3n (IAA) | Campus Auga\",\"isPartOf\":{\"@id\":\"https:\\\/\\\/campusauga.uvigo.es\\\/es\\\/#website\"},\"primaryImageOfPage\":{\"@id\":\"https:\\\/\\\/campusauga.uvigo.es\\\/es\\\/investigacion\\\/instituto-de-agroecoloxia-e-alimentacion\\\/#primaryimage\"},\"image\":{\"@id\":\"https:\\\/\\\/campusauga.uvigo.es\\\/es\\\/investigacion\\\/instituto-de-agroecoloxia-e-alimentacion\\\/#primaryimage\"},\"thumbnailUrl\":\"https:\\\/\\\/campusauga.uvigo.es\\\/wp-content\\\/uploads\\\/2022\\\/06\\\/OutraPonte.jpg\",\"datePublished\":\"2023-12-19T09:18:53+00:00\",\"dateModified\":\"2026-01-08T10:13:08+00:00\",\"breadcrumb\":{\"@id\":\"https:\\\/\\\/campusauga.uvigo.es\\\/es\\\/investigacion\\\/instituto-de-agroecoloxia-e-alimentacion\\\/#breadcrumb\"},\"inLanguage\":\"es\",\"potentialAction\":[{\"@type\":\"ReadAction\",\"target\":[\"https:\\\/\\\/campusauga.uvigo.es\\\/es\\\/investigacion\\\/instituto-de-agroecoloxia-e-alimentacion\\\/\"]}]},{\"@type\":\"ImageObject\",\"inLanguage\":\"es\",\"@id\":\"https:\\\/\\\/campusauga.uvigo.es\\\/es\\\/investigacion\\\/instituto-de-agroecoloxia-e-alimentacion\\\/#primaryimage\",\"url\":\"https:\\\/\\\/campusauga.uvigo.es\\\/wp-content\\\/uploads\\\/2022\\\/06\\\/OutraPonte.jpg\",\"contentUrl\":\"https:\\\/\\\/campusauga.uvigo.es\\\/wp-content\\\/uploads\\\/2022\\\/06\\\/OutraPonte.jpg\",\"width\":1920,\"height\":400},{\"@type\":\"BreadcrumbList\",\"@id\":\"https:\\\/\\\/campusauga.uvigo.es\\\/es\\\/investigacion\\\/instituto-de-agroecoloxia-e-alimentacion\\\/#breadcrumb\",\"itemListElement\":[{\"@type\":\"ListItem\",\"position\":1,\"name\":\"Portada\",\"item\":\"https:\\\/\\\/campusauga.uvigo.es\\\/es\\\/\"},{\"@type\":\"ListItem\",\"position\":2,\"name\":\"Investigaci\u00f3n\",\"item\":\"https:\\\/\\\/campusauga.uvigo.es\\\/es\\\/investigacion\\\/\"},{\"@type\":\"ListItem\",\"position\":3,\"name\":\"Instituto de Agroecolox\u00eda e Alimentaci\u00f3n (IAA)\"}]},{\"@type\":\"WebSite\",\"@id\":\"https:\\\/\\\/campusauga.uvigo.es\\\/es\\\/#website\",\"url\":\"https:\\\/\\\/campusauga.uvigo.es\\\/es\\\/\",\"name\":\"Campus Auga\",\"description\":\"\",\"publisher\":{\"@id\":\"https:\\\/\\\/campusauga.uvigo.es\\\/es\\\/#organization\"},\"potentialAction\":[{\"@type\":\"SearchAction\",\"target\":{\"@type\":\"EntryPoint\",\"urlTemplate\":\"https:\\\/\\\/campusauga.uvigo.es\\\/es\\\/?s={search_term_string}\"},\"query-input\":{\"@type\":\"PropertyValueSpecification\",\"valueRequired\":true,\"valueName\":\"search_term_string\"}}],\"inLanguage\":\"es\"},{\"@type\":\"Organization\",\"@id\":\"https:\\\/\\\/campusauga.uvigo.es\\\/es\\\/#organization\",\"name\":\"Campus Auga\",\"url\":\"https:\\\/\\\/campusauga.uvigo.es\\\/es\\\/\",\"logo\":{\"@type\":\"ImageObject\",\"inLanguage\":\"es\",\"@id\":\"https:\\\/\\\/campusauga.uvigo.es\\\/es\\\/#\\\/schema\\\/logo\\\/image\\\/\",\"url\":\"https:\\\/\\\/campusauga.uvigo.es\\\/wp-content\\\/uploads\\\/2022\\\/05\\\/logo-campus-auga.png\",\"contentUrl\":\"https:\\\/\\\/campusauga.uvigo.es\\\/wp-content\\\/uploads\\\/2022\\\/05\\\/logo-campus-auga.png\",\"width\":628,\"height\":100,\"caption\":\"Campus Auga\"},\"image\":{\"@id\":\"https:\\\/\\\/campusauga.uvigo.es\\\/es\\\/#\\\/schema\\\/logo\\\/image\\\/\"}}]}<\/script>\n<!-- \/ Yoast SEO plugin. -->","yoast_head_json":{"title":"Instituto de Agroecolox\u00eda e Alimentaci\u00f3n (IAA) | Campus Auga","robots":{"index":"index","follow":"follow","max-snippet":"max-snippet:-1","max-image-preview":"max-image-preview:large","max-video-preview":"max-video-preview:-1"},"canonical":"https:\/\/campusauga.uvigo.es\/es\/investigacion\/instituto-de-agroecoloxia-e-alimentacion\/","og_locale":"es_ES","og_type":"article","og_title":"Instituto de Agroecolox\u00eda e Alimentaci\u00f3n (IAA) | Campus Auga","og_description":"El IAA nace con la vocaci\u00f3n de convertirse en un centro de referencia en la transici\u00f3n hacia sistemas agrolimentarios resilientes, sostenibles, seguros y circulares por medio de la I+D+i.","og_url":"https:\/\/campusauga.uvigo.es\/es\/investigacion\/instituto-de-agroecoloxia-e-alimentacion\/","og_site_name":"Campus Auga","article_modified_time":"2026-01-08T10:13:08+00:00","og_image":[{"width":1920,"height":400,"url":"https:\/\/campusauga.uvigo.es\/wp-content\/uploads\/2022\/06\/OutraPonte.jpg","type":"image\/jpeg"}],"twitter_card":"summary_large_image","twitter_misc":{"Tiempo de lectura":"2 minutos"},"schema":{"@context":"https:\/\/schema.org","@graph":[{"@type":"WebPage","@id":"https:\/\/campusauga.uvigo.es\/es\/investigacion\/instituto-de-agroecoloxia-e-alimentacion\/","url":"https:\/\/campusauga.uvigo.es\/es\/investigacion\/instituto-de-agroecoloxia-e-alimentacion\/","name":"Instituto de Agroecolox\u00eda e Alimentaci\u00f3n (IAA) | Campus Auga","isPartOf":{"@id":"https:\/\/campusauga.uvigo.es\/es\/#website"},"primaryImageOfPage":{"@id":"https:\/\/campusauga.uvigo.es\/es\/investigacion\/instituto-de-agroecoloxia-e-alimentacion\/#primaryimage"},"image":{"@id":"https:\/\/campusauga.uvigo.es\/es\/investigacion\/instituto-de-agroecoloxia-e-alimentacion\/#primaryimage"},"thumbnailUrl":"https:\/\/campusauga.uvigo.es\/wp-content\/uploads\/2022\/06\/OutraPonte.jpg","datePublished":"2023-12-19T09:18:53+00:00","dateModified":"2026-01-08T10:13:08+00:00","breadcrumb":{"@id":"https:\/\/campusauga.uvigo.es\/es\/investigacion\/instituto-de-agroecoloxia-e-alimentacion\/#breadcrumb"},"inLanguage":"es","potentialAction":[{"@type":"ReadAction","target":["https:\/\/campusauga.uvigo.es\/es\/investigacion\/instituto-de-agroecoloxia-e-alimentacion\/"]}]},{"@type":"ImageObject","inLanguage":"es","@id":"https:\/\/campusauga.uvigo.es\/es\/investigacion\/instituto-de-agroecoloxia-e-alimentacion\/#primaryimage","url":"https:\/\/campusauga.uvigo.es\/wp-content\/uploads\/2022\/06\/OutraPonte.jpg","contentUrl":"https:\/\/campusauga.uvigo.es\/wp-content\/uploads\/2022\/06\/OutraPonte.jpg","width":1920,"height":400},{"@type":"BreadcrumbList","@id":"https:\/\/campusauga.uvigo.es\/es\/investigacion\/instituto-de-agroecoloxia-e-alimentacion\/#breadcrumb","itemListElement":[{"@type":"ListItem","position":1,"name":"Portada","item":"https:\/\/campusauga.uvigo.es\/es\/"},{"@type":"ListItem","position":2,"name":"Investigaci\u00f3n","item":"https:\/\/campusauga.uvigo.es\/es\/investigacion\/"},{"@type":"ListItem","position":3,"name":"Instituto de Agroecolox\u00eda e Alimentaci\u00f3n (IAA)"}]},{"@type":"WebSite","@id":"https:\/\/campusauga.uvigo.es\/es\/#website","url":"https:\/\/campusauga.uvigo.es\/es\/","name":"Campus Auga","description":"","publisher":{"@id":"https:\/\/campusauga.uvigo.es\/es\/#organization"},"potentialAction":[{"@type":"SearchAction","target":{"@type":"EntryPoint","urlTemplate":"https:\/\/campusauga.uvigo.es\/es\/?s={search_term_string}"},"query-input":{"@type":"PropertyValueSpecification","valueRequired":true,"valueName":"search_term_string"}}],"inLanguage":"es"},{"@type":"Organization","@id":"https:\/\/campusauga.uvigo.es\/es\/#organization","name":"Campus Auga","url":"https:\/\/campusauga.uvigo.es\/es\/","logo":{"@type":"ImageObject","inLanguage":"es","@id":"https:\/\/campusauga.uvigo.es\/es\/#\/schema\/logo\/image\/","url":"https:\/\/campusauga.uvigo.es\/wp-content\/uploads\/2022\/05\/logo-campus-auga.png","contentUrl":"https:\/\/campusauga.uvigo.es\/wp-content\/uploads\/2022\/05\/logo-campus-auga.png","width":628,"height":100,"caption":"Campus Auga"},"image":{"@id":"https:\/\/campusauga.uvigo.es\/es\/#\/schema\/logo\/image\/"}}]}},"_links":{"self":[{"href":"https:\/\/campusauga.uvigo.es\/es\/wp-json\/wp\/v2\/pages\/3580","targetHints":{"allow":["GET"]}}],"collection":[{"href":"https:\/\/campusauga.uvigo.es\/es\/wp-json\/wp\/v2\/pages"}],"about":[{"href":"https:\/\/campusauga.uvigo.es\/es\/wp-json\/wp\/v2\/types\/page"}],"author":[{"embeddable":true,"href":"https:\/\/campusauga.uvigo.es\/es\/wp-json\/wp\/v2\/users\/2"}],"replies":[{"embeddable":true,"href":"https:\/\/campusauga.uvigo.es\/es\/wp-json\/wp\/v2\/comments?post=3580"}],"version-history":[{"count":7,"href":"https:\/\/campusauga.uvigo.es\/es\/wp-json\/wp\/v2\/pages\/3580\/revisions"}],"predecessor-version":[{"id":6786,"href":"https:\/\/campusauga.uvigo.es\/es\/wp-json\/wp\/v2\/pages\/3580\/revisions\/6786"}],"up":[{"embeddable":true,"href":"https:\/\/campusauga.uvigo.es\/es\/wp-json\/wp\/v2\/pages\/1681"}],"wp:featuredmedia":[{"embeddable":true,"href":"https:\/\/campusauga.uvigo.es\/es\/wp-json\/wp\/v2\/media\/646"}],"wp:attachment":[{"href":"https:\/\/campusauga.uvigo.es\/es\/wp-json\/wp\/v2\/media?parent=3580"}],"curies":[{"name":"wp","href":"https:\/\/api.w.org\/{rel}","templated":true}]}}