{"id":6663,"date":"2025-10-14T13:10:52","date_gmt":"2025-10-14T11:10:52","guid":{"rendered":"https:\/\/campusauga.uvigo.es\/congreso-transnacional-aquaxi\/"},"modified":"2025-10-22T18:33:12","modified_gmt":"2025-10-22T16:33:12","slug":"congreso-transnacional-aquaxi","status":"publish","type":"page","link":"https:\/\/campusauga.uvigo.es\/es\/congreso-transnacional-aquaxi\/","title":{"rendered":"Congreso Transnacional AQUAXI"},"content":{"rendered":"\n<figure class=\"wp-block-embed is-type-video is-provider-youtube wp-block-embed-youtube wp-embed-aspect-16-9 wp-has-aspect-ratio\"><div class=\"wp-block-embed__wrapper\">\n<iframe loading=\"lazy\" title=\"V\u00eddeo resumo I Congreso Transnacional do Campus Auga da Xuventude Investigadora (AQUAXI&#039;25).\" width=\"500\" height=\"281\" src=\"https:\/\/www.youtube.com\/embed\/XvwOWgrUUXw?feature=oembed\" frameborder=\"0\" allow=\"accelerometer; autoplay; clipboard-write; encrypted-media; gyroscope; picture-in-picture; web-share\" referrerpolicy=\"strict-origin-when-cross-origin\" allowfullscreen><\/iframe>\n<\/div><\/figure>\n\n\n\n<div style=\"height:33px\" aria-hidden=\"true\" class=\"wp-block-spacer\"><\/div>\n\n\n\n<div class=\"wp-block-group\"><div class=\"wp-block-group__inner-container is-layout-constrained wp-block-group-is-layout-constrained\">\n<p style=\"font-size:24px\">El primer <strong>Congreso Transnacional do Campus Auga da Xuventude Investigadora<\/strong> se celebr\u00f3 a finales de septiembre de 2025. Fue un evento pensado para personal investigador en formaci\u00f3n.<\/p>\n\n\n\n<div class=\"wp-block-columns is-layout-flex wp-container-core-columns-is-layout-9d6595d7 wp-block-columns-is-layout-flex\">\n<div class=\"wp-block-column is-layout-flow wp-block-column-is-layout-flow\" style=\"padding-right:0;padding-left:0\">\n<div style=\"height:33px\" aria-hidden=\"true\" class=\"wp-block-spacer\"><\/div>\n\n\n\n<div style=\"height:100px\" aria-hidden=\"true\" class=\"wp-block-spacer\"><\/div>\n<\/div>\n\n\n\n<div class=\"wp-block-column is-layout-flow wp-block-column-is-layout-flow\" style=\"padding-right:0;padding-left:0\"><\/div>\n\n\n\n<div class=\"wp-block-column is-layout-flow wp-block-column-is-layout-flow\" style=\"padding-right:0;padding-left:0;flex-basis:66.66%\">\n<p style=\"padding-right:var(--wp--preset--spacing--50);padding-left:0\">El congreso naci\u00f3 con el prop\u00f3sito de ofrecer un espacio de di\u00e1logo y difusi\u00f3n de resultados de investigaci\u00f3n, promoviendo el intercambio de conocimientos, el aprendizaje compartido y la creaci\u00f3n de redes de colaboraci\u00f3n entre la nueva generaci\u00f3n cient\u00edfica.El resultado se tradujo en una oportunidad valiosa para presentar trabajos en un ambiente accesible y enriquecedor, favoreciendo tanto el desarrollo profesional como el crecimiento personal de las persoas participantes.<\/p>\n\n\n\n<p style=\"padding-right:var(--wp--preset--spacing--50);padding-left:0\">Adem\u00e1s del personal investigador en formaci\u00f3n, la participaci\u00f3n estuvo aberta a personal con una trayectoria investigadora consolidada que deseasen contribu\u00edr al enriquecemento cient\u00edfico e acad\u00e9mico do encontro.<\/p>\n\n\n\n<p style=\"padding-right:var(--wp--preset--spacing--50);padding-left:0\">Haz clic en el bot\u00f3n para acceder a la web de AQUAXI 2025.<\/p>\n\n\n\n<div class=\"wp-block-buttons is-content-justification-left is-layout-flex wp-container-core-buttons-is-layout-fdcfc74e wp-block-buttons-is-layout-flex\">\n<div class=\"wp-block-button\"><a class=\"wp-block-button__link wp-element-button\" href=\"https:\/\/campusauga.uvigo.es\/es\/congreso-aquaxi\/\">WEB AQUAXI<\/a><\/div>\n<\/div>\n<\/div>\n\n\n\n<div class=\"wp-block-column has-cream-background-color has-background is-layout-flow wp-block-column-is-layout-flow\" style=\"padding-top:0;padding-bottom:0;flex-basis:33.33%\">\n<p style=\"padding-top:var(--wp--preset--spacing--40);padding-right:var(--wp--preset--spacing--40);padding-bottom:var(--wp--preset--spacing--40);padding-left:var(--wp--preset--spacing--40)\">Tambi\u00e9n puedes acceder directamente a las secciones del congreso:<\/p>\n\n\n\n<ul class=\"wp-block-list is-style-list-peak\">\n<li style=\"padding-left:var(--wp--preset--spacing--70)\"><a href=\"https:\/\/campusauga.uvigo.es\/es\/congreso-aquaxi\/presentacion\/\">Presentaci\u00f3n<\/a><\/li>\n\n\n\n<li style=\"padding-left:var(--wp--preset--spacing--70)\"><a href=\"https:\/\/campusauga.uvigo.es\/es\/congreso-aquaxi\/organizacion-comites\/\">Organizaci\u00f3n<\/a><\/li>\n\n\n\n<li style=\"padding-left:var(--wp--preset--spacing--70)\"><a href=\"https:\/\/campusauga.uvigo.es\/es\/congreso-aquaxi\/programa\/\">Programa<\/a><\/li>\n\n\n\n<li style=\"padding-left:var(--wp--preset--spacing--70)\"><a href=\"https:\/\/campusauga.uvigo.es\/es\/congreso-aquaxi\/programa\/\">Premios<\/a><\/li>\n\n\n\n<li style=\"padding-left:var(--wp--preset--spacing--70)\"><a href=\"https:\/\/campusauga.uvigo.es\/es\/congreso-aquaxi\/libro-de-abstracts\/\">Libro de abstracts<\/a><\/li>\n<\/ul>\n<\/div>\n<\/div>\n<\/div><\/div>\n","protected":false},"excerpt":{"rendered":"<p>Un evento pensado para personal investigador en formaci\u00f3n, tanto en etapas predoctorales como posdoctorales.<\/p>\n","protected":false},"author":2,"featured_media":6621,"parent":0,"menu_order":0,"comment_status":"closed","ping_status":"closed","template":"","meta":{"_acf_changed":false,"ub_ctt_via":"","footnotes":""},"class_list":["post-6663","page","type-page","status-publish","has-post-thumbnail","hentry"],"acf":[],"featured_image_src":"https:\/\/campusauga.uvigo.es\/wp-content\/uploads\/2025\/10\/CabeceiraPaxinaAquaxi.jpg","yoast_head":"<!-- This site is optimized with the Yoast SEO plugin v27.6 - https:\/\/yoast.com\/product\/yoast-seo-wordpress\/ -->\n<title>Congreso Transnacional AQUAXI | Campus Auga<\/title>\n<meta name=\"robots\" content=\"index, follow, max-snippet:-1, max-image-preview:large, max-video-preview:-1\" \/>\n<link rel=\"canonical\" href=\"https:\/\/campusauga.uvigo.es\/es\/congreso-transnacional-aquaxi\/\" \/>\n<meta property=\"og:locale\" content=\"es_ES\" \/>\n<meta property=\"og:type\" content=\"article\" \/>\n<meta property=\"og:title\" content=\"Congreso Transnacional AQUAXI | Campus Auga\" \/>\n<meta property=\"og:description\" content=\"Un evento pensado para personal investigador en formaci\u00f3n, tanto en etapas predoctorales como posdoctorales.\" \/>\n<meta property=\"og:url\" content=\"https:\/\/campusauga.uvigo.es\/es\/congreso-transnacional-aquaxi\/\" \/>\n<meta property=\"og:site_name\" content=\"Campus Auga\" \/>\n<meta property=\"article:modified_time\" content=\"2025-10-22T16:33:12+00:00\" \/>\n<meta property=\"og:image\" content=\"https:\/\/campusauga.uvigo.es\/wp-content\/uploads\/2025\/10\/CabeceiraPaxinaAquaxi.jpg\" \/>\n\t<meta property=\"og:image:width\" content=\"1920\" \/>\n\t<meta property=\"og:image:height\" content=\"399\" \/>\n\t<meta property=\"og:image:type\" content=\"image\/jpeg\" \/>\n<meta name=\"twitter:card\" content=\"summary_large_image\" \/>\n<meta name=\"twitter:label1\" content=\"Tiempo de lectura\" \/>\n\t<meta name=\"twitter:data1\" content=\"1 minuto\" \/>\n<script type=\"application\/ld+json\" class=\"yoast-schema-graph\">{\"@context\":\"https:\\\/\\\/schema.org\",\"@graph\":[{\"@type\":\"WebPage\",\"@id\":\"https:\\\/\\\/campusauga.uvigo.es\\\/es\\\/congreso-transnacional-aquaxi\\\/\",\"url\":\"https:\\\/\\\/campusauga.uvigo.es\\\/es\\\/congreso-transnacional-aquaxi\\\/\",\"name\":\"Congreso Transnacional AQUAXI | Campus Auga\",\"isPartOf\":{\"@id\":\"https:\\\/\\\/campusauga.uvigo.es\\\/es\\\/#website\"},\"primaryImageOfPage\":{\"@id\":\"https:\\\/\\\/campusauga.uvigo.es\\\/es\\\/congreso-transnacional-aquaxi\\\/#primaryimage\"},\"image\":{\"@id\":\"https:\\\/\\\/campusauga.uvigo.es\\\/es\\\/congreso-transnacional-aquaxi\\\/#primaryimage\"},\"thumbnailUrl\":\"https:\\\/\\\/campusauga.uvigo.es\\\/wp-content\\\/uploads\\\/2025\\\/10\\\/CabeceiraPaxinaAquaxi.jpg\",\"datePublished\":\"2025-10-14T11:10:52+00:00\",\"dateModified\":\"2025-10-22T16:33:12+00:00\",\"breadcrumb\":{\"@id\":\"https:\\\/\\\/campusauga.uvigo.es\\\/es\\\/congreso-transnacional-aquaxi\\\/#breadcrumb\"},\"inLanguage\":\"es\",\"potentialAction\":[{\"@type\":\"ReadAction\",\"target\":[\"https:\\\/\\\/campusauga.uvigo.es\\\/es\\\/congreso-transnacional-aquaxi\\\/\"]}]},{\"@type\":\"ImageObject\",\"inLanguage\":\"es\",\"@id\":\"https:\\\/\\\/campusauga.uvigo.es\\\/es\\\/congreso-transnacional-aquaxi\\\/#primaryimage\",\"url\":\"https:\\\/\\\/campusauga.uvigo.es\\\/wp-content\\\/uploads\\\/2025\\\/10\\\/CabeceiraPaxinaAquaxi.jpg\",\"contentUrl\":\"https:\\\/\\\/campusauga.uvigo.es\\\/wp-content\\\/uploads\\\/2025\\\/10\\\/CabeceiraPaxinaAquaxi.jpg\",\"width\":1920,\"height\":399},{\"@type\":\"BreadcrumbList\",\"@id\":\"https:\\\/\\\/campusauga.uvigo.es\\\/es\\\/congreso-transnacional-aquaxi\\\/#breadcrumb\",\"itemListElement\":[{\"@type\":\"ListItem\",\"position\":1,\"name\":\"Portada\",\"item\":\"https:\\\/\\\/campusauga.uvigo.es\\\/es\\\/\"},{\"@type\":\"ListItem\",\"position\":2,\"name\":\"Congreso Transnacional AQUAXI\"}]},{\"@type\":\"WebSite\",\"@id\":\"https:\\\/\\\/campusauga.uvigo.es\\\/es\\\/#website\",\"url\":\"https:\\\/\\\/campusauga.uvigo.es\\\/es\\\/\",\"name\":\"Campus Auga\",\"description\":\"\",\"publisher\":{\"@id\":\"https:\\\/\\\/campusauga.uvigo.es\\\/es\\\/#organization\"},\"potentialAction\":[{\"@type\":\"SearchAction\",\"target\":{\"@type\":\"EntryPoint\",\"urlTemplate\":\"https:\\\/\\\/campusauga.uvigo.es\\\/es\\\/?s={search_term_string}\"},\"query-input\":{\"@type\":\"PropertyValueSpecification\",\"valueRequired\":true,\"valueName\":\"search_term_string\"}}],\"inLanguage\":\"es\"},{\"@type\":\"Organization\",\"@id\":\"https:\\\/\\\/campusauga.uvigo.es\\\/es\\\/#organization\",\"name\":\"Campus Auga\",\"url\":\"https:\\\/\\\/campusauga.uvigo.es\\\/es\\\/\",\"logo\":{\"@type\":\"ImageObject\",\"inLanguage\":\"es\",\"@id\":\"https:\\\/\\\/campusauga.uvigo.es\\\/es\\\/#\\\/schema\\\/logo\\\/image\\\/\",\"url\":\"https:\\\/\\\/campusauga.uvigo.es\\\/wp-content\\\/uploads\\\/2022\\\/05\\\/logo-campus-auga.png\",\"contentUrl\":\"https:\\\/\\\/campusauga.uvigo.es\\\/wp-content\\\/uploads\\\/2022\\\/05\\\/logo-campus-auga.png\",\"width\":628,\"height\":100,\"caption\":\"Campus Auga\"},\"image\":{\"@id\":\"https:\\\/\\\/campusauga.uvigo.es\\\/es\\\/#\\\/schema\\\/logo\\\/image\\\/\"}}]}<\/script>\n<!-- \/ Yoast SEO plugin. -->","yoast_head_json":{"title":"Congreso Transnacional AQUAXI | Campus Auga","robots":{"index":"index","follow":"follow","max-snippet":"max-snippet:-1","max-image-preview":"max-image-preview:large","max-video-preview":"max-video-preview:-1"},"canonical":"https:\/\/campusauga.uvigo.es\/es\/congreso-transnacional-aquaxi\/","og_locale":"es_ES","og_type":"article","og_title":"Congreso Transnacional AQUAXI | Campus Auga","og_description":"Un evento pensado para personal investigador en formaci\u00f3n, tanto en etapas predoctorales como posdoctorales.","og_url":"https:\/\/campusauga.uvigo.es\/es\/congreso-transnacional-aquaxi\/","og_site_name":"Campus Auga","article_modified_time":"2025-10-22T16:33:12+00:00","og_image":[{"width":1920,"height":399,"url":"https:\/\/campusauga.uvigo.es\/wp-content\/uploads\/2025\/10\/CabeceiraPaxinaAquaxi.jpg","type":"image\/jpeg"}],"twitter_card":"summary_large_image","twitter_misc":{"Tiempo de lectura":"1 minuto"},"schema":{"@context":"https:\/\/schema.org","@graph":[{"@type":"WebPage","@id":"https:\/\/campusauga.uvigo.es\/es\/congreso-transnacional-aquaxi\/","url":"https:\/\/campusauga.uvigo.es\/es\/congreso-transnacional-aquaxi\/","name":"Congreso Transnacional AQUAXI | Campus Auga","isPartOf":{"@id":"https:\/\/campusauga.uvigo.es\/es\/#website"},"primaryImageOfPage":{"@id":"https:\/\/campusauga.uvigo.es\/es\/congreso-transnacional-aquaxi\/#primaryimage"},"image":{"@id":"https:\/\/campusauga.uvigo.es\/es\/congreso-transnacional-aquaxi\/#primaryimage"},"thumbnailUrl":"https:\/\/campusauga.uvigo.es\/wp-content\/uploads\/2025\/10\/CabeceiraPaxinaAquaxi.jpg","datePublished":"2025-10-14T11:10:52+00:00","dateModified":"2025-10-22T16:33:12+00:00","breadcrumb":{"@id":"https:\/\/campusauga.uvigo.es\/es\/congreso-transnacional-aquaxi\/#breadcrumb"},"inLanguage":"es","potentialAction":[{"@type":"ReadAction","target":["https:\/\/campusauga.uvigo.es\/es\/congreso-transnacional-aquaxi\/"]}]},{"@type":"ImageObject","inLanguage":"es","@id":"https:\/\/campusauga.uvigo.es\/es\/congreso-transnacional-aquaxi\/#primaryimage","url":"https:\/\/campusauga.uvigo.es\/wp-content\/uploads\/2025\/10\/CabeceiraPaxinaAquaxi.jpg","contentUrl":"https:\/\/campusauga.uvigo.es\/wp-content\/uploads\/2025\/10\/CabeceiraPaxinaAquaxi.jpg","width":1920,"height":399},{"@type":"BreadcrumbList","@id":"https:\/\/campusauga.uvigo.es\/es\/congreso-transnacional-aquaxi\/#breadcrumb","itemListElement":[{"@type":"ListItem","position":1,"name":"Portada","item":"https:\/\/campusauga.uvigo.es\/es\/"},{"@type":"ListItem","position":2,"name":"Congreso Transnacional AQUAXI"}]},{"@type":"WebSite","@id":"https:\/\/campusauga.uvigo.es\/es\/#website","url":"https:\/\/campusauga.uvigo.es\/es\/","name":"Campus Auga","description":"","publisher":{"@id":"https:\/\/campusauga.uvigo.es\/es\/#organization"},"potentialAction":[{"@type":"SearchAction","target":{"@type":"EntryPoint","urlTemplate":"https:\/\/campusauga.uvigo.es\/es\/?s={search_term_string}"},"query-input":{"@type":"PropertyValueSpecification","valueRequired":true,"valueName":"search_term_string"}}],"inLanguage":"es"},{"@type":"Organization","@id":"https:\/\/campusauga.uvigo.es\/es\/#organization","name":"Campus Auga","url":"https:\/\/campusauga.uvigo.es\/es\/","logo":{"@type":"ImageObject","inLanguage":"es","@id":"https:\/\/campusauga.uvigo.es\/es\/#\/schema\/logo\/image\/","url":"https:\/\/campusauga.uvigo.es\/wp-content\/uploads\/2022\/05\/logo-campus-auga.png","contentUrl":"https:\/\/campusauga.uvigo.es\/wp-content\/uploads\/2022\/05\/logo-campus-auga.png","width":628,"height":100,"caption":"Campus Auga"},"image":{"@id":"https:\/\/campusauga.uvigo.es\/es\/#\/schema\/logo\/image\/"}}]}},"_links":{"self":[{"href":"https:\/\/campusauga.uvigo.es\/es\/wp-json\/wp\/v2\/pages\/6663","targetHints":{"allow":["GET"]}}],"collection":[{"href":"https:\/\/campusauga.uvigo.es\/es\/wp-json\/wp\/v2\/pages"}],"about":[{"href":"https:\/\/campusauga.uvigo.es\/es\/wp-json\/wp\/v2\/types\/page"}],"author":[{"embeddable":true,"href":"https:\/\/campusauga.uvigo.es\/es\/wp-json\/wp\/v2\/users\/2"}],"replies":[{"embeddable":true,"href":"https:\/\/campusauga.uvigo.es\/es\/wp-json\/wp\/v2\/comments?post=6663"}],"version-history":[{"count":2,"href":"https:\/\/campusauga.uvigo.es\/es\/wp-json\/wp\/v2\/pages\/6663\/revisions"}],"predecessor-version":[{"id":6668,"href":"https:\/\/campusauga.uvigo.es\/es\/wp-json\/wp\/v2\/pages\/6663\/revisions\/6668"}],"wp:featuredmedia":[{"embeddable":true,"href":"https:\/\/campusauga.uvigo.es\/es\/wp-json\/wp\/v2\/media\/6621"}],"wp:attachment":[{"href":"https:\/\/campusauga.uvigo.es\/es\/wp-json\/wp\/v2\/media?parent=6663"}],"curies":[{"name":"wp","href":"https:\/\/api.w.org\/{rel}","templated":true}]}}