{"id":6928,"date":"2026-03-11T19:04:50","date_gmt":"2026-03-11T18:04:50","guid":{"rendered":"https:\/\/campusauga.uvigo.es\/xornadas-sobre-termalismo\/"},"modified":"2026-03-16T20:00:34","modified_gmt":"2026-03-16T19:00:34","slug":"xornadas-sobre-termalismo","status":"publish","type":"page","link":"https:\/\/campusauga.uvigo.es\/es\/xornadas-sobre-termalismo\/","title":{"rendered":"Jornadas sobre Termalismo: <em>Auga, sa\u00fade e co\u00f1ecemento<\/em>"},"content":{"rendered":"\n<div class=\"wp-block-columns is-layout-flex wp-container-core-columns-is-layout-9d6595d7 wp-block-columns-is-layout-flex\">\n<div class=\"wp-block-column is-layout-flow wp-block-column-is-layout-flow\" style=\"flex-basis:66.66%\">\n<p>Con el objetivo de \u201creivindicar un termalismo terap\u00e9utico que puede estar perfectamente hermanado a los aspectos l\u00fadicos que rodean la visi\u00f3n tur\u00edstica\u201d, la Escola de Enfermer\u00eda de Ourense organiz\u00f3 los d\u00edas 19 y 26 de marzo de 2025 las <em>I Xornadas sobre termalismo: auga, sa\u00fade e co\u00f1ecemento<\/em> en el Centro Cultural Marcos Valc\u00e1rcel de la ciudad de Ourense. Estas jornadas est\u00e1n dirigidas a profesionales de la salud y p\u00fablico en general.<\/p>\n\n\n\n<p>La inauguraci\u00f3n cont\u00f3 con la presencia de la directora de la Escola \u2013Mar\u00eda Milagros Fern\u00e1ndez Varela\u2013, el Vicerreitor del Campus de Ourense \u2013Francisco Javier Rodr\u00edguez Rajo\u2013 y con la presidenta del Colexio Oficial de Enfermer\u00eda de Ourense \u2013Mar\u00eda Jos\u00e9 Menor Rodr\u00edguez\u2013.<\/p>\n\n\n\n<ol class=\"list-peak\">\n<li><a href=\"https:\/\/campusauga.uvigo.es\/wp-content\/uploads\/2026\/03\/xornada_termalismo.pdf\">Descargar el programa de las I Xornadas<\/a><\/li>\n<li><a href=\"https:\/\/campusauga.uvigo.es\/wp-content\/uploads\/2026\/03\/IXornadas-Termalismo_9.pdf\">Descargar el libro de actas de las I Xornadas<\/a><\/li>\n<\/ol>\n<\/div>\n\n\n\n<div class=\"wp-block-column is-layout-flow wp-block-column-is-layout-flow\" style=\"flex-basis:33.33%\"><div class=\"ub-uvigo-box\" id=\"ub-uvigo-box-f7f78e00-fc47-4811-a9c8-569e4232048f\">\n\n\n<figure class=\"wp-block-image size-large\"><a href=\"https:\/\/campusauga.uvigo.es\/wp-content\/uploads\/2026\/03\/IXornadas-Termalismo_9.pdf\"><img loading=\"lazy\" decoding=\"async\" width=\"725\" height=\"1024\" src=\"https:\/\/campusauga.uvigo.es\/wp-content\/uploads\/2026\/03\/Actas_I_Xornadas-Termalismo-725x1024.jpg\" alt=\"\" class=\"wp-image-6920\" srcset=\"https:\/\/campusauga.uvigo.es\/wp-content\/uploads\/2026\/03\/Actas_I_Xornadas-Termalismo-725x1024.jpg 725w, https:\/\/campusauga.uvigo.es\/wp-content\/uploads\/2026\/03\/Actas_I_Xornadas-Termalismo-213x300.jpg 213w, https:\/\/campusauga.uvigo.es\/wp-content\/uploads\/2026\/03\/Actas_I_Xornadas-Termalismo-768x1084.jpg 768w, https:\/\/campusauga.uvigo.es\/wp-content\/uploads\/2026\/03\/Actas_I_Xornadas-Termalismo.jpg 850w\" sizes=\"auto, (max-width: 725px) 100vw, 725px\" \/><\/a><\/figure>\n\n\n\n<p class=\"has-small-font-size\">Clickar en la imagen para descargar el libro de actas de las I Xornadas [PDF, 42MB]<\/p>\n\n\n<\/div><\/div>\n<\/div>\n\n\n\n<div style=\"height:25px\" aria-hidden=\"true\" class=\"wp-block-spacer\"><\/div>\n\n\n\n<hr class=\"wp-block-separator has-alpha-channel-opacity is-style-wide\"\/>\n\n\n\n<h2 class=\"wp-block-heading\">Actualidad sobre estas jornadas<\/h2>\n\n\n<div class=\"\">\n\n  \n    <div class=\"row\">\n               <div class=\"col-sm-6 col-md-4 col-lg-6 col-xl-4\">\n          <article class=\"mb-12 archive-event post-6966 uvigo-event type-uvigo-event status-publish has-post-thumbnail hentry category-transferencia-es tag-xornadas-sobre-termalismo\">\n\n      <a href=\"https:\/\/campusauga.uvigo.es\/es\/evento\/2026\/03\/ii-xornadas-sobre-termalismo-auga-saude-e-conecemento\/\" class=\"d-block mb-2\">\n      <div class=\"unresize-thumbnail\" style=\"background-image: url('https:\/\/campusauga.uvigo.es\/wp-content\/uploads\/2026\/03\/ImaxeSegundasXornadasTermalismo-400x400.jpg');\"><img loading=\"lazy\" decoding=\"async\" src=\"https:\/\/campusauga.uvigo.es\/wp-content\/themes\/uvigo-wpcampus\/dist\/images\/empty-400x400_65d24b9f23ede904d1d8.png\" class=\"wp-post-image \" width=\"400\" height=\"400\" alt=\"II Jornadas sobre termalismo: &lt;em&gt;auga, sa\u00fade e co\u00f1ecemento&lt;\/em&gt;\"><\/div>\n    <\/a>\n    <p class=\"entry-title mb-4\"><a class=\"font-weight-normal\" href=\"https:\/\/campusauga.uvigo.es\/es\/evento\/2026\/03\/ii-xornadas-sobre-termalismo-auga-saude-e-conecemento\/\">II Jornadas sobre termalismo: <em>auga, sa\u00fade e co\u00f1ecemento<\/em><\/a><\/p>\n\n  <div class=\"event-entry-meta\">\n    <div class=\"event-entry-meta__item\">\n        <span class=\"event-entry-meta__icon icon_clock_alt\" aria-hidden=\"true\"><\/span>\n                  <span class=\"text-uppercase\">Finalizado<\/span>\n            <\/div>\n          <div class=\"event-entry-meta__item\">\n        <span class=\"event-entry-meta__icon icon_pin_alt\" aria-hidden=\"true\"><\/span>\n                    <a target=\"_blank\" class=\"no-icon font-weight-regular\" href=\"https:\/\/maps.app.goo.gl\/zJ9PbjJaFWxE8WJd7\">Aula Marie Curie. Edificio polit\u00e9cnico<\/a>\n              <\/div>\n      <\/div>\n\n<\/article>\n        <\/div>\n          <\/div>\n\n    \n  \n<\/div>\n","protected":false},"excerpt":{"rendered":"<p>Con el objetivo de \u201creivindicar un termalismo terap\u00e9utico que puede estar perfectamente hermanado a los aspectos l\u00fadicos que rodean la visi\u00f3n tur\u00edstica\u201d, la Escola de &hellip; <a class=\"excerpt_more\" href=\"https:\/\/campusauga.uvigo.es\/es\/xornadas-sobre-termalismo\/\">Contin\u00faa<\/a><\/p>\n","protected":false},"author":2,"featured_media":6950,"parent":0,"menu_order":0,"comment_status":"closed","ping_status":"closed","template":"","meta":{"_acf_changed":false,"ub_ctt_via":"","footnotes":""},"class_list":["post-6928","page","type-page","status-publish","has-post-thumbnail","hentry"],"acf":[],"featured_image_src":"https:\/\/campusauga.uvigo.es\/wp-content\/uploads\/2026\/03\/PaxinaXornadasSobreTermalismo.jpg","yoast_head":"<!-- This site is optimized with the Yoast SEO plugin v27.6 - https:\/\/yoast.com\/product\/yoast-seo-wordpress\/ -->\n<title>Jornadas sobre Termalismo: Auga, sa\u00fade e co\u00f1ecemento | Campus Auga<\/title>\n<meta name=\"robots\" content=\"index, follow, max-snippet:-1, max-image-preview:large, max-video-preview:-1\" \/>\n<link rel=\"canonical\" href=\"https:\/\/campusauga.uvigo.es\/es\/xornadas-sobre-termalismo\/\" \/>\n<meta property=\"og:locale\" content=\"es_ES\" \/>\n<meta property=\"og:type\" content=\"article\" \/>\n<meta property=\"og:title\" content=\"Jornadas sobre Termalismo: Auga, sa\u00fade e co\u00f1ecemento | Campus Auga\" \/>\n<meta property=\"og:description\" content=\"Con el objetivo de \u201creivindicar un termalismo terap\u00e9utico que puede estar perfectamente hermanado a los aspectos l\u00fadicos que rodean la visi\u00f3n tur\u00edstica\u201d, la Escola de &hellip; Contin\u00faa\" \/>\n<meta property=\"og:url\" content=\"https:\/\/campusauga.uvigo.es\/es\/xornadas-sobre-termalismo\/\" \/>\n<meta property=\"og:site_name\" content=\"Campus Auga\" \/>\n<meta property=\"article:modified_time\" content=\"2026-03-16T19:00:34+00:00\" \/>\n<meta property=\"og:image\" content=\"https:\/\/campusauga.uvigo.es\/wp-content\/uploads\/2026\/03\/PaxinaXornadasSobreTermalismo.jpg\" \/>\n\t<meta property=\"og:image:width\" content=\"1920\" \/>\n\t<meta property=\"og:image:height\" content=\"400\" \/>\n\t<meta property=\"og:image:type\" content=\"image\/jpeg\" \/>\n<meta name=\"twitter:card\" content=\"summary_large_image\" \/>\n<meta name=\"twitter:label1\" content=\"Tiempo de lectura\" \/>\n\t<meta name=\"twitter:data1\" content=\"1 minuto\" \/>\n<script type=\"application\/ld+json\" class=\"yoast-schema-graph\">{\"@context\":\"https:\\\/\\\/schema.org\",\"@graph\":[{\"@type\":\"WebPage\",\"@id\":\"https:\\\/\\\/campusauga.uvigo.es\\\/es\\\/xornadas-sobre-termalismo\\\/\",\"url\":\"https:\\\/\\\/campusauga.uvigo.es\\\/es\\\/xornadas-sobre-termalismo\\\/\",\"name\":\"Jornadas sobre Termalismo: Auga, sa\u00fade e co\u00f1ecemento | Campus Auga\",\"isPartOf\":{\"@id\":\"https:\\\/\\\/campusauga.uvigo.es\\\/es\\\/#website\"},\"primaryImageOfPage\":{\"@id\":\"https:\\\/\\\/campusauga.uvigo.es\\\/es\\\/xornadas-sobre-termalismo\\\/#primaryimage\"},\"image\":{\"@id\":\"https:\\\/\\\/campusauga.uvigo.es\\\/es\\\/xornadas-sobre-termalismo\\\/#primaryimage\"},\"thumbnailUrl\":\"https:\\\/\\\/campusauga.uvigo.es\\\/wp-content\\\/uploads\\\/2026\\\/03\\\/PaxinaXornadasSobreTermalismo.jpg\",\"datePublished\":\"2026-03-11T18:04:50+00:00\",\"dateModified\":\"2026-03-16T19:00:34+00:00\",\"breadcrumb\":{\"@id\":\"https:\\\/\\\/campusauga.uvigo.es\\\/es\\\/xornadas-sobre-termalismo\\\/#breadcrumb\"},\"inLanguage\":\"es\",\"potentialAction\":[{\"@type\":\"ReadAction\",\"target\":[\"https:\\\/\\\/campusauga.uvigo.es\\\/es\\\/xornadas-sobre-termalismo\\\/\"]}]},{\"@type\":\"ImageObject\",\"inLanguage\":\"es\",\"@id\":\"https:\\\/\\\/campusauga.uvigo.es\\\/es\\\/xornadas-sobre-termalismo\\\/#primaryimage\",\"url\":\"https:\\\/\\\/campusauga.uvigo.es\\\/wp-content\\\/uploads\\\/2026\\\/03\\\/PaxinaXornadasSobreTermalismo.jpg\",\"contentUrl\":\"https:\\\/\\\/campusauga.uvigo.es\\\/wp-content\\\/uploads\\\/2026\\\/03\\\/PaxinaXornadasSobreTermalismo.jpg\",\"width\":1920,\"height\":400},{\"@type\":\"BreadcrumbList\",\"@id\":\"https:\\\/\\\/campusauga.uvigo.es\\\/es\\\/xornadas-sobre-termalismo\\\/#breadcrumb\",\"itemListElement\":[{\"@type\":\"ListItem\",\"position\":1,\"name\":\"Portada\",\"item\":\"https:\\\/\\\/campusauga.uvigo.es\\\/es\\\/\"},{\"@type\":\"ListItem\",\"position\":2,\"name\":\"Jornadas sobre Termalismo: Auga, sa\u00fade e co\u00f1ecemento\"}]},{\"@type\":\"WebSite\",\"@id\":\"https:\\\/\\\/campusauga.uvigo.es\\\/es\\\/#website\",\"url\":\"https:\\\/\\\/campusauga.uvigo.es\\\/es\\\/\",\"name\":\"Campus Auga\",\"description\":\"\",\"publisher\":{\"@id\":\"https:\\\/\\\/campusauga.uvigo.es\\\/es\\\/#organization\"},\"potentialAction\":[{\"@type\":\"SearchAction\",\"target\":{\"@type\":\"EntryPoint\",\"urlTemplate\":\"https:\\\/\\\/campusauga.uvigo.es\\\/es\\\/?s={search_term_string}\"},\"query-input\":{\"@type\":\"PropertyValueSpecification\",\"valueRequired\":true,\"valueName\":\"search_term_string\"}}],\"inLanguage\":\"es\"},{\"@type\":\"Organization\",\"@id\":\"https:\\\/\\\/campusauga.uvigo.es\\\/es\\\/#organization\",\"name\":\"Campus Auga\",\"url\":\"https:\\\/\\\/campusauga.uvigo.es\\\/es\\\/\",\"logo\":{\"@type\":\"ImageObject\",\"inLanguage\":\"es\",\"@id\":\"https:\\\/\\\/campusauga.uvigo.es\\\/es\\\/#\\\/schema\\\/logo\\\/image\\\/\",\"url\":\"https:\\\/\\\/campusauga.uvigo.es\\\/wp-content\\\/uploads\\\/2022\\\/05\\\/logo-campus-auga.png\",\"contentUrl\":\"https:\\\/\\\/campusauga.uvigo.es\\\/wp-content\\\/uploads\\\/2022\\\/05\\\/logo-campus-auga.png\",\"width\":628,\"height\":100,\"caption\":\"Campus Auga\"},\"image\":{\"@id\":\"https:\\\/\\\/campusauga.uvigo.es\\\/es\\\/#\\\/schema\\\/logo\\\/image\\\/\"}}]}<\/script>\n<!-- \/ Yoast SEO plugin. -->","yoast_head_json":{"title":"Jornadas sobre Termalismo: Auga, sa\u00fade e co\u00f1ecemento | Campus Auga","robots":{"index":"index","follow":"follow","max-snippet":"max-snippet:-1","max-image-preview":"max-image-preview:large","max-video-preview":"max-video-preview:-1"},"canonical":"https:\/\/campusauga.uvigo.es\/es\/xornadas-sobre-termalismo\/","og_locale":"es_ES","og_type":"article","og_title":"Jornadas sobre Termalismo: Auga, sa\u00fade e co\u00f1ecemento | Campus Auga","og_description":"Con el objetivo de \u201creivindicar un termalismo terap\u00e9utico que puede estar perfectamente hermanado a los aspectos l\u00fadicos que rodean la visi\u00f3n tur\u00edstica\u201d, la Escola de &hellip; Contin\u00faa","og_url":"https:\/\/campusauga.uvigo.es\/es\/xornadas-sobre-termalismo\/","og_site_name":"Campus Auga","article_modified_time":"2026-03-16T19:00:34+00:00","og_image":[{"width":1920,"height":400,"url":"https:\/\/campusauga.uvigo.es\/wp-content\/uploads\/2026\/03\/PaxinaXornadasSobreTermalismo.jpg","type":"image\/jpeg"}],"twitter_card":"summary_large_image","twitter_misc":{"Tiempo de lectura":"1 minuto"},"schema":{"@context":"https:\/\/schema.org","@graph":[{"@type":"WebPage","@id":"https:\/\/campusauga.uvigo.es\/es\/xornadas-sobre-termalismo\/","url":"https:\/\/campusauga.uvigo.es\/es\/xornadas-sobre-termalismo\/","name":"Jornadas sobre Termalismo: Auga, sa\u00fade e co\u00f1ecemento | Campus Auga","isPartOf":{"@id":"https:\/\/campusauga.uvigo.es\/es\/#website"},"primaryImageOfPage":{"@id":"https:\/\/campusauga.uvigo.es\/es\/xornadas-sobre-termalismo\/#primaryimage"},"image":{"@id":"https:\/\/campusauga.uvigo.es\/es\/xornadas-sobre-termalismo\/#primaryimage"},"thumbnailUrl":"https:\/\/campusauga.uvigo.es\/wp-content\/uploads\/2026\/03\/PaxinaXornadasSobreTermalismo.jpg","datePublished":"2026-03-11T18:04:50+00:00","dateModified":"2026-03-16T19:00:34+00:00","breadcrumb":{"@id":"https:\/\/campusauga.uvigo.es\/es\/xornadas-sobre-termalismo\/#breadcrumb"},"inLanguage":"es","potentialAction":[{"@type":"ReadAction","target":["https:\/\/campusauga.uvigo.es\/es\/xornadas-sobre-termalismo\/"]}]},{"@type":"ImageObject","inLanguage":"es","@id":"https:\/\/campusauga.uvigo.es\/es\/xornadas-sobre-termalismo\/#primaryimage","url":"https:\/\/campusauga.uvigo.es\/wp-content\/uploads\/2026\/03\/PaxinaXornadasSobreTermalismo.jpg","contentUrl":"https:\/\/campusauga.uvigo.es\/wp-content\/uploads\/2026\/03\/PaxinaXornadasSobreTermalismo.jpg","width":1920,"height":400},{"@type":"BreadcrumbList","@id":"https:\/\/campusauga.uvigo.es\/es\/xornadas-sobre-termalismo\/#breadcrumb","itemListElement":[{"@type":"ListItem","position":1,"name":"Portada","item":"https:\/\/campusauga.uvigo.es\/es\/"},{"@type":"ListItem","position":2,"name":"Jornadas sobre Termalismo: Auga, sa\u00fade e co\u00f1ecemento"}]},{"@type":"WebSite","@id":"https:\/\/campusauga.uvigo.es\/es\/#website","url":"https:\/\/campusauga.uvigo.es\/es\/","name":"Campus Auga","description":"","publisher":{"@id":"https:\/\/campusauga.uvigo.es\/es\/#organization"},"potentialAction":[{"@type":"SearchAction","target":{"@type":"EntryPoint","urlTemplate":"https:\/\/campusauga.uvigo.es\/es\/?s={search_term_string}"},"query-input":{"@type":"PropertyValueSpecification","valueRequired":true,"valueName":"search_term_string"}}],"inLanguage":"es"},{"@type":"Organization","@id":"https:\/\/campusauga.uvigo.es\/es\/#organization","name":"Campus Auga","url":"https:\/\/campusauga.uvigo.es\/es\/","logo":{"@type":"ImageObject","inLanguage":"es","@id":"https:\/\/campusauga.uvigo.es\/es\/#\/schema\/logo\/image\/","url":"https:\/\/campusauga.uvigo.es\/wp-content\/uploads\/2022\/05\/logo-campus-auga.png","contentUrl":"https:\/\/campusauga.uvigo.es\/wp-content\/uploads\/2022\/05\/logo-campus-auga.png","width":628,"height":100,"caption":"Campus Auga"},"image":{"@id":"https:\/\/campusauga.uvigo.es\/es\/#\/schema\/logo\/image\/"}}]}},"_links":{"self":[{"href":"https:\/\/campusauga.uvigo.es\/es\/wp-json\/wp\/v2\/pages\/6928","targetHints":{"allow":["GET"]}}],"collection":[{"href":"https:\/\/campusauga.uvigo.es\/es\/wp-json\/wp\/v2\/pages"}],"about":[{"href":"https:\/\/campusauga.uvigo.es\/es\/wp-json\/wp\/v2\/types\/page"}],"author":[{"embeddable":true,"href":"https:\/\/campusauga.uvigo.es\/es\/wp-json\/wp\/v2\/users\/2"}],"replies":[{"embeddable":true,"href":"https:\/\/campusauga.uvigo.es\/es\/wp-json\/wp\/v2\/comments?post=6928"}],"version-history":[{"count":15,"href":"https:\/\/campusauga.uvigo.es\/es\/wp-json\/wp\/v2\/pages\/6928\/revisions"}],"predecessor-version":[{"id":6998,"href":"https:\/\/campusauga.uvigo.es\/es\/wp-json\/wp\/v2\/pages\/6928\/revisions\/6998"}],"wp:featuredmedia":[{"embeddable":true,"href":"https:\/\/campusauga.uvigo.es\/es\/wp-json\/wp\/v2\/media\/6950"}],"wp:attachment":[{"href":"https:\/\/campusauga.uvigo.es\/es\/wp-json\/wp\/v2\/media?parent=6928"}],"curies":[{"name":"wp","href":"https:\/\/api.w.org\/{rel}","templated":true}]}}